{"id":1173449,"date":"2022-09-29T08:39:14","date_gmt":"2022-09-29T08:39:14","guid":{"rendered":"https:\/\/universeproduction.eu\/product\/atomic-150-t-shirt\/"},"modified":"2022-12-30T13:26:11","modified_gmt":"2022-12-30T13:26:11","slug":"atomic-150-t-shirt","status":"publish","type":"product","link":"https:\/\/universeproduction.com\/pl\/produkt\/atomic-150-t-shirt\/","title":{"rendered":"Atomic 150 T-Shirt"},"content":{"rendered":"<p>Single jersey | Dwuwarstwowy okr\u0105g\u0142y dekolt | Wzmacniane|kryte szwy na karku i ramionach | Bez szw\u00f3w bocznych<\/p>\n","protected":false},"excerpt":{"rendered":"<p>Single jersey | Dwuwarstwowy okr\u0105g\u0142y dekolt | Wzmacniane|kryte szwy na karku i ramionach | Bez szw\u00f3w bocznych<\/p>\n","protected":false},"featured_media":1139905,"template":"","meta":[],"product_cat":[99855,99839,99854],"product_tag":[],"_links":{"self":[{"href":"https:\/\/universeproduction.com\/pl\/wp-json\/wp\/v2\/product\/1173449"}],"collection":[{"href":"https:\/\/universeproduction.com\/pl\/wp-json\/wp\/v2\/product"}],"about":[{"href":"https:\/\/universeproduction.com\/pl\/wp-json\/wp\/v2\/types\/product"}],"wp:featuredmedia":[{"embeddable":true,"href":"https:\/\/universeproduction.com\/pl\/wp-json\/wp\/v2\/media\/1139905"}],"wp:attachment":[{"href":"https:\/\/universeproduction.com\/pl\/wp-json\/wp\/v2\/media?parent=1173449"}],"wp:term":[{"taxonomy":"product_cat","embeddable":true,"href":"https:\/\/universeproduction.com\/pl\/wp-json\/wp\/v2\/product_cat?post=1173449"},{"taxonomy":"product_tag","embeddable":true,"href":"https:\/\/universeproduction.com\/pl\/wp-json\/wp\/v2\/product_tag?post=1173449"}],"curies":[{"name":"wp","href":"https:\/\/api.w.org\/{rel}","templated":true}]}}