{"id":1172652,"date":"2022-09-29T08:34:37","date_gmt":"2022-09-29T08:34:37","guid":{"rendered":"https:\/\/universeproduction.eu\/product\/mens-slim-t\/"},"modified":"2022-09-29T08:34:37","modified_gmt":"2022-09-29T08:34:37","slug":"mens-slim-t","status":"publish","type":"product","link":"https:\/\/universeproduction.com\/pl\/produkt\/mens-slim-t\/","title":{"rendered":"Men\u00b4s Slim T"},"content":{"rendered":"<p>Bawe\u0142na ring-spun | Brak szw\u00f3w bocznych (Light Oxford ze szwami bocznymi) | Ta\u015bma wzmacniaj\u0105ca na karku | R\u00f3\u017cnorodno\u015b\u0107 kolor\u00f3w<\/p>\n","protected":false},"excerpt":{"rendered":"<p>Bawe\u0142na ring-spun | Brak szw\u00f3w bocznych (Light Oxford ze szwami bocznymi) | Ta\u015bma wzmacniaj\u0105ca na karku | R\u00f3\u017cnorodno\u015b\u0107 kolor\u00f3w<\/p>\n","protected":false},"featured_media":1139860,"template":"","meta":[],"product_cat":[99855,99839,99854],"product_tag":[],"_links":{"self":[{"href":"https:\/\/universeproduction.com\/pl\/wp-json\/wp\/v2\/product\/1172652"}],"collection":[{"href":"https:\/\/universeproduction.com\/pl\/wp-json\/wp\/v2\/product"}],"about":[{"href":"https:\/\/universeproduction.com\/pl\/wp-json\/wp\/v2\/types\/product"}],"wp:featuredmedia":[{"embeddable":true,"href":"https:\/\/universeproduction.com\/pl\/wp-json\/wp\/v2\/media\/1139860"}],"wp:attachment":[{"href":"https:\/\/universeproduction.com\/pl\/wp-json\/wp\/v2\/media?parent=1172652"}],"wp:term":[{"taxonomy":"product_cat","embeddable":true,"href":"https:\/\/universeproduction.com\/pl\/wp-json\/wp\/v2\/product_cat?post=1172652"},{"taxonomy":"product_tag","embeddable":true,"href":"https:\/\/universeproduction.com\/pl\/wp-json\/wp\/v2\/product_tag?post=1172652"}],"curies":[{"name":"wp","href":"https:\/\/api.w.org\/{rel}","templated":true}]}}