{"id":1171900,"date":"2022-09-29T08:25:28","date_gmt":"2022-09-29T08:25:28","guid":{"rendered":"https:\/\/universeproduction.eu\/product\/heavy-cotton-t-shirt\/"},"modified":"2022-09-29T08:25:28","modified_gmt":"2022-09-29T08:25:28","slug":"heavy-cotton-t-shirt","status":"publish","type":"product","link":"https:\/\/universeproduction.com\/pl\/produkt\/heavy-cotton-t-shirt\/","title":{"rendered":"Heavy Cotton&#x2122; T-Shirt"},"content":{"rendered":"<p>Klasyczna tkanina o \u015bredniej wadze | Ko\u0142nierzyk wyko\u0144czony dzianin\u0105 pr\u0105\u017ckowan\u0105 (2,2 cm) | Ta\u015bma wzmacniaj\u0105ca wzd\u0142u\u017c ramion | Podw\u00f3jny szew na r\u0119kawach i u do\u0142u koszulki | Klasyczny kr\u00f3j, bez szw\u00f3w bocznych | Odrywana metka w kolorze szarym z po\u0142yskiem | Przej\u015bcie do nowej, w\u0105skiej, d\u0142ugiej metki w kolorze szarym<\/p>\n","protected":false},"excerpt":{"rendered":"<p>Klasyczna tkanina o \u015bredniej wadze | Ko\u0142nierzyk wyko\u0144czony dzianin\u0105 pr\u0105\u017ckowan\u0105 (2,2 cm) | Ta\u015bma wzmacniaj\u0105ca wzd\u0142u\u017c ramion | Podw\u00f3jny szew na r\u0119kawach i u do\u0142u koszulki | Klasyczny kr\u00f3j, bez szw\u00f3w bocznych | Odrywana metka w kolorze szarym z po\u0142yskiem | Przej\u015bcie do nowej, w\u0105skiej, d\u0142ugiej metki w kolorze szarym<\/p>\n","protected":false},"featured_media":873786,"template":"","meta":[],"product_cat":[99855,99839,99854],"product_tag":[],"_links":{"self":[{"href":"https:\/\/universeproduction.com\/pl\/wp-json\/wp\/v2\/product\/1171900"}],"collection":[{"href":"https:\/\/universeproduction.com\/pl\/wp-json\/wp\/v2\/product"}],"about":[{"href":"https:\/\/universeproduction.com\/pl\/wp-json\/wp\/v2\/types\/product"}],"wp:featuredmedia":[{"embeddable":true,"href":"https:\/\/universeproduction.com\/pl\/wp-json\/wp\/v2\/media\/873786"}],"wp:attachment":[{"href":"https:\/\/universeproduction.com\/pl\/wp-json\/wp\/v2\/media?parent=1171900"}],"wp:term":[{"taxonomy":"product_cat","embeddable":true,"href":"https:\/\/universeproduction.com\/pl\/wp-json\/wp\/v2\/product_cat?post=1171900"},{"taxonomy":"product_tag","embeddable":true,"href":"https:\/\/universeproduction.com\/pl\/wp-json\/wp\/v2\/product_tag?post=1171900"}],"curies":[{"name":"wp","href":"https:\/\/api.w.org\/{rel}","templated":true}]}}