{"id":1170630,"date":"2022-09-29T08:12:14","date_gmt":"2022-09-29T08:12:14","guid":{"rendered":"https:\/\/universeproduction.eu\/product\/valueweight-t\/"},"modified":"2022-09-29T08:12:14","modified_gmt":"2022-09-29T08:12:14","slug":"valueweight-t","status":"publish","type":"product","link":"https:\/\/universeproduction.com\/pl\/produkt\/valueweight-t\/","title":{"rendered":"Valueweight T"},"content":{"rendered":"<p>Bawe\u0142niane, pr\u0105\u017ckowane wyko\u0144czenie dekoltu z dodatkiem Lycra\u00ae | Tkanina o drobnym splocie | Ta\u015bma z tego samego materia\u0142u na karku<\/p>\n","protected":false},"excerpt":{"rendered":"<p>Bawe\u0142niane, pr\u0105\u017ckowane wyko\u0144czenie dekoltu z dodatkiem Lycra\u00ae | Tkanina o drobnym splocie | Ta\u015bma z tego samego materia\u0142u na karku<\/p>\n","protected":false},"featured_media":1225124,"template":"","meta":[],"product_cat":[99855,99839,99854],"product_tag":[],"_links":{"self":[{"href":"https:\/\/universeproduction.com\/pl\/wp-json\/wp\/v2\/product\/1170630"}],"collection":[{"href":"https:\/\/universeproduction.com\/pl\/wp-json\/wp\/v2\/product"}],"about":[{"href":"https:\/\/universeproduction.com\/pl\/wp-json\/wp\/v2\/types\/product"}],"wp:featuredmedia":[{"embeddable":true,"href":"https:\/\/universeproduction.com\/pl\/wp-json\/wp\/v2\/media\/1225124"}],"wp:attachment":[{"href":"https:\/\/universeproduction.com\/pl\/wp-json\/wp\/v2\/media?parent=1170630"}],"wp:term":[{"taxonomy":"product_cat","embeddable":true,"href":"https:\/\/universeproduction.com\/pl\/wp-json\/wp\/v2\/product_cat?post=1170630"},{"taxonomy":"product_tag","embeddable":true,"href":"https:\/\/universeproduction.com\/pl\/wp-json\/wp\/v2\/product_tag?post=1170630"}],"curies":[{"name":"wp","href":"https:\/\/api.w.org\/{rel}","templated":true}]}}