{"id":1170327,"date":"2022-09-29T08:06:09","date_gmt":"2022-09-29T08:06:09","guid":{"rendered":"https:\/\/universeproduction.eu\/product\/iconic-t\/"},"modified":"2022-09-29T08:06:09","modified_gmt":"2022-09-29T08:06:09","slug":"iconic-t","status":"publish","type":"product","link":"https:\/\/universeproduction.com\/pl\/produkt\/iconic-t\/","title":{"rendered":"Iconic T"},"content":{"rendered":"<p>100% bawe\u0142na czesana ring-spun | Mi\u0119kki uchwyt | W\u0105ski fason | Okr\u0105g\u0142y, pr\u0105\u017ckowany dekolt | Ta\u015bma z tego samego materia\u0142u na karku | Odrywana metka<\/p>\n","protected":false},"excerpt":{"rendered":"<p>100% bawe\u0142na czesana ring-spun | Mi\u0119kki uchwyt | W\u0105ski fason | Okr\u0105g\u0142y, pr\u0105\u017ckowany dekolt | Ta\u015bma z tego samego materia\u0142u na karku | Odrywana metka<\/p>\n","protected":false},"featured_media":1225127,"template":"","meta":[],"product_cat":[99855,99839,99854],"product_tag":[],"_links":{"self":[{"href":"https:\/\/universeproduction.com\/pl\/wp-json\/wp\/v2\/product\/1170327"}],"collection":[{"href":"https:\/\/universeproduction.com\/pl\/wp-json\/wp\/v2\/product"}],"about":[{"href":"https:\/\/universeproduction.com\/pl\/wp-json\/wp\/v2\/types\/product"}],"wp:featuredmedia":[{"embeddable":true,"href":"https:\/\/universeproduction.com\/pl\/wp-json\/wp\/v2\/media\/1225127"}],"wp:attachment":[{"href":"https:\/\/universeproduction.com\/pl\/wp-json\/wp\/v2\/media?parent=1170327"}],"wp:term":[{"taxonomy":"product_cat","embeddable":true,"href":"https:\/\/universeproduction.com\/pl\/wp-json\/wp\/v2\/product_cat?post=1170327"},{"taxonomy":"product_tag","embeddable":true,"href":"https:\/\/universeproduction.com\/pl\/wp-json\/wp\/v2\/product_tag?post=1170327"}],"curies":[{"name":"wp","href":"https:\/\/api.w.org\/{rel}","templated":true}]}}