{"id":1169288,"date":"2022-09-29T07:05:05","date_gmt":"2022-09-29T07:05:05","guid":{"rendered":"https:\/\/universeproduction.eu\/product\/imperial-t-shirt\/"},"modified":"2022-09-29T07:05:05","modified_gmt":"2022-09-29T07:05:05","slug":"imperial-t-shirt","status":"publish","type":"product","link":"https:\/\/universeproduction.com\/pl\/produkt\/imperial-t-shirt\/","title":{"rendered":"Imperial T-Shirt"},"content":{"rendered":"<p>P\u00f3\u0142 szczotkowana bawe\u0142na ring-spun | Ta\u015bma wzmacniaj\u0105ca na karku | Dekolt wyko\u0144czony dzianin\u0105 pr\u0105\u017ckowan\u0105 z domieszk\u0105 elastanu | Brak szw\u00f3w bocznych | Tkanina Heavy Jersey<\/p>\n","protected":false},"excerpt":{"rendered":"<p>P\u00f3\u0142 szczotkowana bawe\u0142na ring-spun | Ta\u015bma wzmacniaj\u0105ca na karku | Dekolt wyko\u0144czony dzianin\u0105 pr\u0105\u017ckowan\u0105 z domieszk\u0105 elastanu | Brak szw\u00f3w bocznych | Tkanina Heavy Jersey<\/p>\n","protected":false},"featured_media":1225133,"template":"","meta":[],"product_cat":[99855,99839,99854],"product_tag":[],"_links":{"self":[{"href":"https:\/\/universeproduction.com\/pl\/wp-json\/wp\/v2\/product\/1169288"}],"collection":[{"href":"https:\/\/universeproduction.com\/pl\/wp-json\/wp\/v2\/product"}],"about":[{"href":"https:\/\/universeproduction.com\/pl\/wp-json\/wp\/v2\/types\/product"}],"wp:featuredmedia":[{"embeddable":true,"href":"https:\/\/universeproduction.com\/pl\/wp-json\/wp\/v2\/media\/1225133"}],"wp:attachment":[{"href":"https:\/\/universeproduction.com\/pl\/wp-json\/wp\/v2\/media?parent=1169288"}],"wp:term":[{"taxonomy":"product_cat","embeddable":true,"href":"https:\/\/universeproduction.com\/pl\/wp-json\/wp\/v2\/product_cat?post=1169288"},{"taxonomy":"product_tag","embeddable":true,"href":"https:\/\/universeproduction.com\/pl\/wp-json\/wp\/v2\/product_tag?post=1169288"}],"curies":[{"name":"wp","href":"https:\/\/api.w.org\/{rel}","templated":true}]}}