{"id":1168748,"date":"2022-09-29T07:00:05","date_gmt":"2022-09-29T07:00:05","guid":{"rendered":"https:\/\/universeproduction.eu\/product\/regular-t-shirt\/"},"modified":"2022-09-29T07:00:05","modified_gmt":"2022-09-29T07:00:05","slug":"regular-t-shirt","status":"publish","type":"product","link":"https:\/\/universeproduction.com\/pl\/produkt\/regular-t-shirt\/","title":{"rendered":"Regular T-Shirt"},"content":{"rendered":"<p>Bezszwowa konstrukcja (kolor Camuflage ma szwy boczne) | Podw\u00f3jne szwy na wyko\u0144czeniu dekoltu, mankiet\u00f3w i do\u0142u koszulki | Ta\u015bma wzmacniaj\u0105ca na ramionach | Pr\u0105\u017ckowany dekolt z Lycra\u00ae | Dekatyzowana<\/p>\n","protected":false},"excerpt":{"rendered":"<p>Bezszwowa konstrukcja (kolor Camuflage ma szwy boczne) | Podw\u00f3jne szwy na wyko\u0144czeniu dekoltu, mankiet\u00f3w i do\u0142u koszulki | Ta\u015bma wzmacniaj\u0105ca na ramionach | Pr\u0105\u017ckowany dekolt z Lycra\u00ae | Dekatyzowana<\/p>\n","protected":false},"featured_media":1225136,"template":"","meta":[],"product_cat":[99855,99839,99854],"product_tag":[],"_links":{"self":[{"href":"https:\/\/universeproduction.com\/pl\/wp-json\/wp\/v2\/product\/1168748"}],"collection":[{"href":"https:\/\/universeproduction.com\/pl\/wp-json\/wp\/v2\/product"}],"about":[{"href":"https:\/\/universeproduction.com\/pl\/wp-json\/wp\/v2\/types\/product"}],"wp:featuredmedia":[{"embeddable":true,"href":"https:\/\/universeproduction.com\/pl\/wp-json\/wp\/v2\/media\/1225136"}],"wp:attachment":[{"href":"https:\/\/universeproduction.com\/pl\/wp-json\/wp\/v2\/media?parent=1168748"}],"wp:term":[{"taxonomy":"product_cat","embeddable":true,"href":"https:\/\/universeproduction.com\/pl\/wp-json\/wp\/v2\/product_cat?post=1168748"},{"taxonomy":"product_tag","embeddable":true,"href":"https:\/\/universeproduction.com\/pl\/wp-json\/wp\/v2\/product_tag?post=1168748"}],"curies":[{"name":"wp","href":"https:\/\/api.w.org\/{rel}","templated":true}]}}