{"id":1168259,"date":"2022-09-29T06:55:04","date_gmt":"2022-09-29T06:55:04","guid":{"rendered":"https:\/\/universeproduction.eu\/product\/softstyle-t-shirt\/"},"modified":"2022-09-29T06:55:04","modified_gmt":"2022-09-29T06:55:04","slug":"softstyle-t-shirt","status":"publish","type":"product","link":"https:\/\/universeproduction.com\/pl\/produkt\/softstyle-t-shirt\/","title":{"rendered":"Softstyle\u00ae T- Shirt"},"content":{"rendered":"<p>Bawe\u0142na ring-spun | Mi\u0119kka tkanina typu ring-spun | G\u0142adka powierzchnia materia\u0142u poch\u0142aniaj\u0105cego wilgo\u0107 | Ko\u0142nierzyk wyko\u0144czony dzianin\u0105 pr\u0105\u017ckowan\u0105 (1,6 cm) | Ta\u015bma wzmacniaj\u0105ca wzd\u0142u\u017c ramion | Podw\u00f3jny szew na r\u0119kawach i u do\u0142u koszulki | Kr\u00f3j Eurofit, korpus bez szw\u00f3w bocznych | Odrywana metka w kolorze szarym z po\u0142yskiem<\/p>\n","protected":false},"excerpt":{"rendered":"<p>Bawe\u0142na ring-spun | Mi\u0119kka tkanina typu ring-spun | G\u0142adka powierzchnia materia\u0142u poch\u0142aniaj\u0105cego wilgo\u0107 | Ko\u0142nierzyk wyko\u0144czony dzianin\u0105 pr\u0105\u017ckowan\u0105 (1,6 cm) | Ta\u015bma wzmacniaj\u0105ca wzd\u0142u\u017c ramion | Podw\u00f3jny szew na r\u0119kawach i u do\u0142u koszulki | Kr\u00f3j Eurofit, korpus bez szw\u00f3w bocznych | Odrywana metka w kolorze szarym z po\u0142yskiem<\/p>\n","protected":false},"featured_media":874952,"template":"","meta":[],"product_cat":[99855,99839,99854],"product_tag":[],"_links":{"self":[{"href":"https:\/\/universeproduction.com\/pl\/wp-json\/wp\/v2\/product\/1168259"}],"collection":[{"href":"https:\/\/universeproduction.com\/pl\/wp-json\/wp\/v2\/product"}],"about":[{"href":"https:\/\/universeproduction.com\/pl\/wp-json\/wp\/v2\/types\/product"}],"wp:featuredmedia":[{"embeddable":true,"href":"https:\/\/universeproduction.com\/pl\/wp-json\/wp\/v2\/media\/874952"}],"wp:attachment":[{"href":"https:\/\/universeproduction.com\/pl\/wp-json\/wp\/v2\/media?parent=1168259"}],"wp:term":[{"taxonomy":"product_cat","embeddable":true,"href":"https:\/\/universeproduction.com\/pl\/wp-json\/wp\/v2\/product_cat?post=1168259"},{"taxonomy":"product_tag","embeddable":true,"href":"https:\/\/universeproduction.com\/pl\/wp-json\/wp\/v2\/product_tag?post=1168259"}],"curies":[{"name":"wp","href":"https:\/\/api.w.org\/{rel}","templated":true}]}}