{"id":733136,"date":"2021-10-15T10:32:19","date_gmt":"2021-10-15T10:32:19","guid":{"rendered":"https:\/\/universeproduction.eu\/szwalnia\/produkty\/maseczki\/"},"modified":"2021-10-15T10:32:24","modified_gmt":"2021-10-15T10:32:24","slug":"maseczki","status":"publish","type":"page","link":"https:\/\/universeproduction.com\/pl\/szwalnia\/produkty\/maseczki\/","title":{"rendered":"Maseczki"},"content":{"rendered":"<p>[vc_row mobile_bg_img_hidden=&#8221;no&#8221; tablet_bg_img_hidden=&#8221;no&#8221; woodmart_parallax=&#8221;0&#8243; woodmart_gradient_switch=&#8221;no&#8221; row_reverse_mobile=&#8221;0&#8243; row_reverse_tablet=&#8221;0&#8243; woodmart_disable_overflow=&#8221;0&#8243; css=&#8221;.vc_custom_1617871602441{margin-top: 49px !important;}&#8221;][vc_column width=&#8221;1\/2&#8243; offset=&#8221;vc_col-lg-4&#8243;]<div class=\"porto-u-heading  wpb_custom_95aa9a11c17ad45cfabaf210d84ee7cc\" data-hspacer=\"no_spacer\" data-halign=\"left\" style=\"text-align:left\"><div class=\"porto-u-main-heading\"><h2   style=\"font-family:Open Sans; font-weight:700; font-style:normal; font-weight:700;color:#231f20;margin-bottom: 20px;font-size:22px;line-height:30px;\">Szwalnia<\/h2><\/div><\/div>[vc_single_image image=&#8221;2594&#8243; img_size=&#8221;full&#8221; css=&#8221;.vc_custom_1620216962932{margin-bottom: 0px !important;border-bottom-width: 0px !important;padding-bottom: 0px !important;}&#8221; parallax_scroll=&#8221;no&#8221;][vc_wp_custommenu nav_menu=&#8221;185&#8243; el_class=&#8221;menu_menu&#8221;][\/vc_column][vc_column width=&#8221;1\/2&#8243; offset=&#8221;vc_col-lg-8&#8243;][vc_row_inner content_placement=&#8221;bottom&#8221;][vc_column_inner width=&#8221;1\/3&#8243; offset=&#8221;vc_col-lg-4&#8243;]<div class=\"porto-u-heading  wpb_custom_95aa9a11c17ad45cfabaf210d84ee7cc\" data-hspacer=\"no_spacer\" data-halign=\"left\" style=\"text-align:left\"><div class=\"porto-u-main-heading\"><h1   style=\"font-family:Open Sans; font-weight:700; font-style:normal; font-weight:700;color:#231f20;margin-bottom: 0px;font-size:22px;line-height:30px;\">Maseczki<\/h1><\/div><\/div>[\/vc_column_inner][\/vc_row_inner]<div class=\"porto-u-heading  wpb_custom_95aa9a11c17ad45cfabaf210d84ee7cc\" data-hspacer=\"no_spacer\" data-halign=\"left\" style=\"text-align:left\"><\/div>[vc_row_inner][vc_column_inner width=&#8221;1\/2&#8243;]<div class=\"porto-btn-ctn-left \"><a class=\"porto-btn porto-adjust-bottom-margin porto-btn-custom porto-btn-no-hover-bg  wpb_custom_fa51088c2567b780100c1edcf8821d3b  porto-btn-left \" title='ASK FOR PRODUCT' rel='' href = \"https:\/\/www.universeproduction.com\/contact\/\" target='_blank' data-hover=\"#ffffff\" data-border-color=\"\" data-bg=\"#2ec5cc\" data-hover-bg=\"#2ec5cc\" data-border-hover=\"\" data-shadow-click=\"none\" data-shadow=\"\" style=\"font-family:Open Sans; font-weight:400; font-style:normal; font-weight:400;font-size:14px;width:274px;min-height:40px;line-height:39px;border:none;background: #2ec5cc;color: #ffffff;\"><span class=\"porto-btn-hover\" style=\"background-color:#2ec5cc\"><\/span><span class=\"porto-btn-data porto-btn-text \" >ZAPYTAJ O PRODUKT<\/span><\/a><\/div>[\/vc_column_inner][vc_column_inner width=&#8221;1\/2&#8243;][vc_single_image image=&#8221;2593&#8243; img_size=&#8221;74&#215;74&#8243; alignment=&#8221;right&#8221;][\/vc_column_inner][\/vc_row_inner][\/vc_column][\/vc_row][vc_row content_placement=&#8221;middle&#8221; css=&#8221;.vc_custom_1620217678845{margin-top: 30px !important;margin-bottom: 50px !important;}&#8221;][vc_column width=&#8221;1\/2&#8243;][vc_single_image image=&#8221;534914&#8243; img_size=&#8221;460&#215;627&#8243; alignment=&#8221;center&#8221; parallax_scroll=&#8221;no&#8221;][\/vc_column][vc_column width=&#8221;1\/2&#8243;]<div class=\"porto-u-heading  wpb_custom_95aa9a11c17ad45cfabaf210d84ee7cc\" data-hspacer=\"line_only\" data-halign=\"left\" style=\"text-align:left\"><div class=\"porto-u-main-heading\"><h2   style=\"font-family:Open Sans; font-weight:; font-style:; font-weight:700;color:#231f20;margin-bottom: 15px;font-size:18px;line-height:24px;\">Maseczka podw\u00f3jna poliester\/bawe\u0142na harmonijka<\/h2><\/div><div class=\"porto-u-heading-spacer line_only\" style=\"margin-bottom: 15px;height:1px;\"><span class=\"porto-u-headings-line\" style=\"border-style:solid;border-bottom-width:1px;border-color:#f2f2f2;width:auto;margin-left: 0\"><\/span><\/div><div class=\"porto-u-sub-heading\" style=\"font-family:Open Sans; font-weight:400; font-style:normal; font-weight:400;color: #575757;margin-bottom:0px;font-size:14px;line-height:30px;\"><strong>Materia\u0142:<\/strong>\u00a097% poliester, 3% elastan, wew. strona bawe\u0142na 100%<br \/>\n<strong>Gramatura:<\/strong>\u00a0140g\/m2<br \/>\n<strong>Temperatura prania:<\/strong>\u00a060\u00b0C<br \/>\n<strong>Rozmiar:<\/strong>\u00a0Unisex<br \/>\n<strong>Produkcja:<\/strong>\u00a0Polska<br \/>\n<strong>Wymiary:<\/strong>\u00a09\u00d717 cm<br \/>\n<strong>Certyfikat:<\/strong>\u00a0STANDARD 100 OEKO-TEX<\/div><\/div>[\/vc_column][\/vc_row][vc_row content_placement=&#8221;middle&#8221; css=&#8221;.vc_custom_1620217684439{margin-bottom: 50px !important;}&#8221;][vc_column width=&#8221;1\/2&#8243;]<div class=\"porto-u-heading  wpb_custom_95aa9a11c17ad45cfabaf210d84ee7cc\" data-hspacer=\"line_only\" data-halign=\"left\" style=\"text-align:left\"><div class=\"porto-u-main-heading\"><h2   style=\"font-family:Open Sans; font-weight:; font-style:; font-weight:700;color:#231f20;margin-bottom: 15px;font-size:18px;line-height:24px;\">Maseczka podw\u00f3jna poliester\/bawe\u0142na \u0142\u00f3dka<\/h2><\/div><div class=\"porto-u-heading-spacer line_only\" style=\"margin-bottom: 15px;height:1px;\"><span class=\"porto-u-headings-line\" style=\"border-style:solid;border-bottom-width:1px;border-color:#f2f2f2;width:auto;margin-left: 0\"><\/span><\/div><div class=\"porto-u-sub-heading\" style=\"font-family:Open Sans; font-weight:400; font-style:normal; font-weight:400;color: #575757;margin-bottom:0px;font-size:14px;line-height:30px;\"><strong>Materia\u0142:<\/strong>\u00a097% poliester, 3% elastan, wew. strona bawe\u0142na 100%<br \/>\n<strong>Gramatura:<\/strong>\u00a0140g\/m2<br \/>\n<strong>Temperatura prania:<\/strong>\u00a060\u00b0C<br \/>\n<strong>Rozmiar:<\/strong>\u00a0Unisex<br \/>\n<strong>Produkcja:<\/strong>\u00a0Polska<br \/>\n<strong>Certyfikat:<\/strong>\u00a0STANDARD 100 OEKO-TEX<\/div><\/div>[\/vc_column][vc_column width=&#8221;1\/2&#8243;][vc_single_image image=&#8221;534912&#8243; img_size=&#8221;455&#215;619&#8243; alignment=&#8221;center&#8221; parallax_scroll=&#8221;no&#8221;][\/vc_column][\/vc_row][vc_row content_placement=&#8221;middle&#8221; css=&#8221;.vc_custom_1620217690665{margin-bottom: 50px !important;}&#8221;][vc_column width=&#8221;1\/2&#8243;][vc_single_image image=&#8221;534911&#8243; img_size=&#8221;455&#215;619&#8243; alignment=&#8221;center&#8221; parallax_scroll=&#8221;no&#8221;][\/vc_column][vc_column width=&#8221;1\/2&#8243;]<div class=\"porto-u-heading  wpb_custom_95aa9a11c17ad45cfabaf210d84ee7cc\" data-hspacer=\"line_only\" data-halign=\"left\" style=\"text-align:left\"><div class=\"porto-u-main-heading\"><h2   style=\"font-family:Open Sans; font-weight:; font-style:; font-weight:700;color:#231f20;margin-bottom: 15px;font-size:18px;line-height:24px;\">Maseczka ochronna podw\u00f3jna<\/h2><\/div><div class=\"porto-u-heading-spacer line_only\" style=\"margin-bottom: 15px;height:1px;\"><span class=\"porto-u-headings-line\" style=\"border-style:solid;border-bottom-width:1px;border-color:#f2f2f2;width:auto;margin-left: 0\"><\/span><\/div><div class=\"porto-u-sub-heading\" style=\"font-family:Open Sans; font-weight:400; font-style:normal; font-weight:400;color: #575757;margin-bottom:0px;font-size:14px;line-height:30px;\"><strong>Materia\u0142:<\/strong>\u00a097% poliester, 3% elastan<br \/>\n<strong>Gramatura:<\/strong>\u00a02x140g\/m2<br \/>\n<strong>Kolor:<\/strong>\u00a0bia\u0142y<br \/>\n<strong>Temperatura prasowania:<\/strong>\u00a0110\u00b0C<br \/>\n<strong>Temperatura prania:<\/strong>\u00a060\u00b0C<br \/>\n<strong>Rozmiar:<\/strong>\u00a0Unisex<br \/>\n<strong>Produkcja:<\/strong>\u00a0Polska<br \/>\n<strong>Certyfikat:<\/strong>\u00a0STANDARD 100 OEKO-TEX<\/div><\/div>[\/vc_column][\/vc_row][vc_row content_placement=&#8221;middle&#8221; css=&#8221;.vc_custom_1620217699784{margin-bottom: 50px !important;}&#8221;][vc_column width=&#8221;1\/2&#8243;]<div class=\"porto-u-heading  wpb_custom_95aa9a11c17ad45cfabaf210d84ee7cc\" data-hspacer=\"line_only\" data-halign=\"left\" style=\"text-align:left\"><div class=\"porto-u-main-heading\"><h2   style=\"font-family:Open Sans; font-weight:; font-style:; font-weight:700;color:#231f20;margin-bottom: 15px;font-size:18px;line-height:24px;\">Maseczka bawe\u0142niana<\/h2><\/div><div class=\"porto-u-heading-spacer line_only\" style=\"margin-bottom: 15px;height:1px;\"><span class=\"porto-u-headings-line\" style=\"border-style:solid;border-bottom-width:1px;border-color:#f2f2f2;width:auto;margin-left: 0\"><\/span><\/div><div class=\"porto-u-sub-heading\" style=\"font-family:Open Sans; font-weight:400; font-style:normal; font-weight:400;color: #575757;margin-bottom:0px;font-size:14px;line-height:30px;\"><strong>Materia\u0142:<\/strong>\u00a0100% bawe\u0142na medyczna<br \/>\n<strong>Gramatura:<\/strong>\u00a0185g\/m2<br \/>\n<strong>Kolor:<\/strong>\u00a0Zielony<br \/>\n<strong>Temperatura prania:<\/strong>\u00a095\u00b0C<br \/>\n<strong>Warstwy:<\/strong>\u00a02<br \/>\n<strong>Certyfikat:<\/strong>\u00a0STANDARD 100 by OEKO-TEX CEN\/TS 14237:2015 \u2013 Tekstylia dla plac\u00f3wek opieki zdrowotnej i socjalnej.<br \/>\n<strong>Rozmiar:<\/strong>\u00a0Unisex<br \/>\n<strong>Wymiar:<\/strong>\u00a018\u00d710 cm , 9\u00d717 cm<br \/>\n<strong>Produkcja:<\/strong>\u00a0Polska<\/div><\/div>[\/vc_column][vc_column width=&#8221;1\/2&#8243;][vc_single_image image=&#8221;534910&#8243; img_size=&#8221;455&#215;619&#8243; alignment=&#8221;center&#8221; parallax_scroll=&#8221;no&#8221;][\/vc_column][\/vc_row][vc_row content_placement=&#8221;middle&#8221; css=&#8221;.vc_custom_1620217706468{margin-bottom: 50px !important;}&#8221;][vc_column width=&#8221;1\/2&#8243;][vc_single_image image=&#8221;534909&#8243; img_size=&#8221;455&#215;619&#8243; alignment=&#8221;center&#8221; parallax_scroll=&#8221;no&#8221;][\/vc_column][vc_column width=&#8221;1\/2&#8243;]<div class=\"porto-u-heading  wpb_custom_95aa9a11c17ad45cfabaf210d84ee7cc\" data-hspacer=\"line_only\" data-halign=\"left\" style=\"text-align:left\"><div class=\"porto-u-main-heading\"><h2   style=\"font-family:Open Sans; font-weight:; font-style:; font-weight:700;color:#231f20;margin-bottom: 15px;font-size:18px;line-height:24px;\">Maseczki sublimowane<\/h2><\/div><div class=\"porto-u-heading-spacer line_only\" style=\"margin-bottom: 15px;height:1px;\"><span class=\"porto-u-headings-line\" style=\"border-style:solid;border-bottom-width:1px;border-color:#f2f2f2;width:auto;margin-left: 0\"><\/span><\/div><div class=\"porto-u-sub-heading\" style=\"font-family:Open Sans; font-weight:400; font-style:normal; font-weight:400;color: #575757;margin-bottom:0px;font-size:14px;line-height:30px;\"><strong>Materia\u0142:<\/strong>\u00a097% poliester, 3% elastan<br \/>\n<strong>Gramatura:<\/strong>\u00a0140g\/m2<br \/>\n<strong>Temperatura prania:<\/strong>\u00a060\u00b0C<br \/>\n<strong>Rozmiar:<\/strong>\u00a0Unisex<br \/>\n<strong>Produkcja:<\/strong>\u00a0Polska<br \/>\n<strong>Certyfikat:<\/strong>\u00a0STANDARD 100 OEKO-TEX<\/div><\/div>[\/vc_column][\/vc_row][vc_row content_placement=&#8221;middle&#8221; css=&#8221;.vc_custom_1620217712437{margin-bottom: 50px !important;}&#8221;][vc_column width=&#8221;1\/2&#8243;]<div class=\"porto-u-heading  wpb_custom_95aa9a11c17ad45cfabaf210d84ee7cc\" data-hspacer=\"line_only\" data-halign=\"left\" style=\"text-align:left\"><div class=\"porto-u-main-heading\"><h2   style=\"font-family:Open Sans; font-weight:; font-style:; font-weight:700;color:#231f20;margin-bottom: 15px;font-size:18px;line-height:24px;\">Maseczka ochronna podw\u00f3jna<\/h2><\/div><div class=\"porto-u-heading-spacer line_only\" style=\"margin-bottom: 15px;height:1px;\"><span class=\"porto-u-headings-line\" style=\"border-style:solid;border-bottom-width:1px;border-color:#f2f2f2;width:auto;margin-left: 0\"><\/span><\/div><div class=\"porto-u-sub-heading\" style=\"font-family:Open Sans; font-weight:400; font-style:normal; font-weight:400;color: #575757;margin-bottom:0px;font-size:14px;line-height:30px;\"><strong>Materia\u0142:<\/strong>\u00a097% poliester, 3% elastan<br \/>\n<strong>Gramatura:<\/strong>\u00a0140g\/m2<br \/>\n<strong>Kolor:<\/strong>\u00a0bia\u0142y<br \/>\n<strong>Temperatura prasowania:<\/strong>\u00a0110\u00b0C<br \/>\n<strong>Temperatura prania:<\/strong>\u00a060\u00b0C<br \/>\n<strong>Rozmiar:<\/strong>\u00a0Unisex<br \/>\n<strong>Produkcja:<\/strong>\u00a0Polska<br \/>\n<strong>Certyfikat:<\/strong>\u00a0STANDARD 100 OEKO-TEX<\/div><\/div>[\/vc_column][vc_column width=&#8221;1\/2&#8243;][vc_single_image image=&#8221;534913&#8243; img_size=&#8221;455&#215;619&#8243; alignment=&#8221;center&#8221; parallax_scroll=&#8221;no&#8221;][\/vc_column][\/vc_row][vc_row][vc_column width=&#8221;1\/2&#8243;][vc_single_image image=&#8221;534915&#8243; img_size=&#8221;455&#215;619&#8243; alignment=&#8221;center&#8221; parallax_scroll=&#8221;no&#8221;][\/vc_column][vc_column width=&#8221;1\/2&#8243;]<div class=\"porto-u-heading  wpb_custom_95aa9a11c17ad45cfabaf210d84ee7cc\" data-hspacer=\"line_only\" data-halign=\"left\" style=\"text-align:left\"><div class=\"porto-u-main-heading\"><h2   style=\"font-family:Open Sans; font-weight:; font-style:; font-weight:700;color:#231f20;margin-bottom: 15px;font-size:18px;line-height:24px;\">Maseczki sublimowane pakiet wzor\u00f3w<\/h2><\/div><div class=\"porto-u-heading-spacer line_only\" style=\"margin-bottom: 15px;height:1px;\"><span class=\"porto-u-headings-line\" style=\"border-style:solid;border-bottom-width:1px;border-color:#f2f2f2;width:auto;margin-left: 0\"><\/span><\/div><div class=\"porto-u-sub-heading\" style=\"font-family:Open Sans; font-weight:400; font-style:normal; font-weight:400;color: #575757;margin-bottom:0px;font-size:14px;line-height:30px;\"><strong>Materia\u0142:<\/strong>\u00a097% poliester, 3% elastan<br \/>\n<strong>Gramatura:<\/strong>\u00a0140g\/m2<br \/>\n<strong>Temperatura prania:<\/strong>\u00a060\u00b0C<br \/>\n<strong>Rozmiar:<\/strong>\u00a0Unisex<br \/>\n<strong>Produkcja:<\/strong>\u00a0Polska<br \/>\n<strong>Certyfikat:<\/strong>\u00a0STANDARD 100 OEKO-TEX<\/div><\/div>[\/vc_column][\/vc_row][vc_row content_placement=&#8221;middle&#8221; css=&#8221;.vc_custom_1620217718004{margin-bottom: 50px !important;}&#8221;][vc_column width=&#8221;1\/2&#8243;]<div class=\"porto-u-heading  wpb_custom_95aa9a11c17ad45cfabaf210d84ee7cc\" data-hspacer=\"line_only\" data-halign=\"left\" style=\"text-align:left\"><div class=\"porto-u-main-heading\"><h2   style=\"font-family:Open Sans; font-weight:; font-style:; font-weight:700;color:#231f20;margin-bottom: 15px;font-size:18px;line-height:24px;\">Maseczka ochronna lam\u00f3wka bia\u0142a<\/h2><\/div><div class=\"porto-u-heading-spacer line_only\" style=\"margin-bottom: 15px;height:1px;\"><span class=\"porto-u-headings-line\" style=\"border-style:solid;border-bottom-width:1px;border-color:#f2f2f2;width:auto;margin-left: 0\"><\/span><\/div><div class=\"porto-u-sub-heading\" style=\"font-family:Open Sans; font-weight:400; font-style:normal; font-weight:400;color: #575757;margin-bottom:0px;font-size:14px;line-height:30px;\"><strong>Materia\u0142:<\/strong>\u00a097% poliester, 3% elastan<br \/>\n<strong>Gramatura:<\/strong>\u00a0140g\/m2<br \/>\n<strong>Kolor:<\/strong>\u00a0bia\u0142y<br \/>\n<strong>Temperatura prasowania:<\/strong>\u00a0110\u00b0C<br \/>\n<strong>Temperatura prania:<\/strong>\u00a060\u00b0C<br \/>\n<strong>Rozmiar:<\/strong>\u00a0Unisex<br \/>\n<strong>Produkcja:<\/strong>\u00a0Polska<br \/>\n<strong>Certyfikat:<\/strong>\u00a0STANDARD 100 OEKO-TEX<\/div><\/div>[\/vc_column][vc_column width=&#8221;1\/2&#8243;][vc_single_image image=&#8221;534907&#8243; img_size=&#8221;455&#215;619&#8243; alignment=&#8221;center&#8221; parallax_scroll=&#8221;no&#8221;][\/vc_column][\/vc_row][vc_row content_placement=&#8221;middle&#8221;][vc_column width=&#8221;1\/2&#8243;][vc_single_image image=&#8221;534908&#8243; img_size=&#8221;455&#215;619&#8243; alignment=&#8221;center&#8221; parallax_scroll=&#8221;no&#8221;][\/vc_column][vc_column width=&#8221;1\/2&#8243;]<div class=\"porto-u-heading  wpb_custom_95aa9a11c17ad45cfabaf210d84ee7cc\" data-hspacer=\"line_only\" data-halign=\"left\" style=\"text-align:left\"><div class=\"porto-u-main-heading\"><h2   style=\"font-family:Open Sans; font-weight:; font-style:; font-weight:700;color:#231f20;margin-bottom: 15px;font-size:18px;line-height:24px;\">Maseczki ochronna lam\u00f3wka czarna<\/h2><\/div><div class=\"porto-u-heading-spacer line_only\" style=\"margin-bottom: 15px;height:1px;\"><span class=\"porto-u-headings-line\" style=\"border-style:solid;border-bottom-width:1px;border-color:#f2f2f2;width:auto;margin-left: 0\"><\/span><\/div><div class=\"porto-u-sub-heading\" style=\"font-family:Open Sans; font-weight:400; font-style:normal; font-weight:400;color: #575757;margin-bottom:0px;font-size:14px;line-height:30px;\"><strong>Materia\u0142:<\/strong>\u00a097% poliester, 3% elastan<br \/>\n<strong>Gramatura:<\/strong>\u00a0140g\/m2<br \/>\n<strong>Kolor:<\/strong>\u00a0bia\u0142y<br \/>\n<strong>Temperatura prasowania:<\/strong>\u00a0110\u00b0C<br \/>\n<strong>Temperatura prania:<\/strong>\u00a060\u00b0C<br \/>\n<strong>Rozmiar:<\/strong>\u00a0Unisex<br \/>\n<strong>Produkcja:<\/strong>\u00a0Polska<br \/>\n<strong>Certyfikat:<\/strong>\u00a0STANDARD 100 OEKO-TEX<\/div><\/div>[\/vc_column][\/vc_row][vc_row content_placement=&#8221;top&#8221; css=&#8221;.vc_custom_1606133169982{margin-top: 88px !important;}&#8221;][vc_column]<div class=\"porto-btn-ctn-center \"><a class=\"porto-btn porto-adjust-bottom-margin porto-btn-custom porto-btn-no-hover-bg  wpb_custom_fa51088c2567b780100c1edcf8821d3b  porto-btn-center \" title='ASK FOR PRODUCT' rel='' href = \"https:\/\/www.universeproduction.com\/contact\" target='_blank' data-hover=\"#ffffff\" data-border-color=\"\" data-bg=\"#2ec5cc\" data-hover-bg=\"#2ec5cc\" data-border-hover=\"\" data-shadow-click=\"none\" data-shadow=\"\" style=\"font-family:Open Sans; font-weight:400; font-style:normal; font-weight:400;font-size:14px;width:274px;min-height:40px;line-height:39px;border:none;background: #2ec5cc;color: #ffffff;\"><span class=\"porto-btn-hover\" style=\"background-color:#2ec5cc\"><\/span><span class=\"porto-btn-data porto-btn-text \" >ZAPYTAJ O PRODUKT<\/span><\/a><\/div>[\/vc_column][\/vc_row]<\/p>\n","protected":false},"excerpt":{"rendered":"<p>[vc_row mobile_bg_img_hidden=&#8221;no&#8221; tablet_bg_img_hidden=&#8221;no&#8221; woodmart_parallax=&#8221;0&#8243; woodmart_gradient_switch=&#8221;no&#8221; row_reverse_mobile=&#8221;0&#8243; row_reverse_tablet=&#8221;0&#8243; woodmart_disable_overflow=&#8221;0&#8243; css=&#8221;.vc_custom_1617871602441{margin-top: 49px !important;}&#8221;][vc_column width=&#8221;1\/2&#8243; offset=&#8221;vc_col-lg-4&#8243;][vc_single_image image=&#8221;2594&#8243; img_size=&#8221;full&#8221; css=&#8221;.vc_custom_1620216962932{margin-bottom: 0px !important;border-bottom-width: 0px !important;padding-bottom: 0px !important;}&#8221; parallax_scroll=&#8221;no&#8221;][vc_wp_custommenu nav_menu=&#8221;185&#8243; el_class=&#8221;menu_menu&#8221;][\/vc_column][vc_column width=&#8221;1\/2&#8243; offset=&#8221;vc_col-lg-8&#8243;][vc_row_inner content_placement=&#8221;bottom&#8221;][vc_column_inner width=&#8221;1\/3&#8243; offset=&#8221;vc_col-lg-4&#8243;][\/vc_column_inner][\/vc_row_inner][vc_row_inner][vc_column_inner width=&#8221;1\/2&#8243;][\/vc_column_inner][vc_column_inner width=&#8221;1\/2&#8243;][vc_single_image image=&#8221;2593&#8243; img_size=&#8221;74&#215;74&#8243; alignment=&#8221;right&#8221;][\/vc_column_inner][\/vc_row_inner][\/vc_column][\/vc_row][vc_row content_placement=&#8221;middle&#8221; css=&#8221;.vc_custom_1620217678845{margin-top: 30px !important;margin-bottom: 50px !important;}&#8221;][vc_column width=&#8221;1\/2&#8243;][vc_single_image image=&#8221;534914&#8243; img_size=&#8221;460&#215;627&#8243; alignment=&#8221;center&#8221; parallax_scroll=&#8221;no&#8221;][\/vc_column][vc_column width=&#8221;1\/2&#8243;][\/vc_column][\/vc_row][vc_row content_placement=&#8221;middle&#8221; css=&#8221;.vc_custom_1620217684439{margin-bottom: 50px !important;}&#8221;][vc_column width=&#8221;1\/2&#8243;][\/vc_column][vc_column width=&#8221;1\/2&#8243;][vc_single_image image=&#8221;534912&#8243; img_size=&#8221;455&#215;619&#8243; [&hellip;]<\/p>\n","protected":false},"author":1,"featured_media":0,"parent":733010,"menu_order":19,"comment_status":"closed","ping_status":"closed","template":"","meta":[],"_links":{"self":[{"href":"https:\/\/universeproduction.com\/pl\/wp-json\/wp\/v2\/pages\/733136"}],"collection":[{"href":"https:\/\/universeproduction.com\/pl\/wp-json\/wp\/v2\/pages"}],"about":[{"href":"https:\/\/universeproduction.com\/pl\/wp-json\/wp\/v2\/types\/page"}],"author":[{"embeddable":true,"href":"https:\/\/universeproduction.com\/pl\/wp-json\/wp\/v2\/users\/1"}],"replies":[{"embeddable":true,"href":"https:\/\/universeproduction.com\/pl\/wp-json\/wp\/v2\/comments?post=733136"}],"version-history":[{"count":0,"href":"https:\/\/universeproduction.com\/pl\/wp-json\/wp\/v2\/pages\/733136\/revisions"}],"up":[{"embeddable":true,"href":"https:\/\/universeproduction.com\/pl\/wp-json\/wp\/v2\/pages\/733010"}],"wp:attachment":[{"href":"https:\/\/universeproduction.com\/pl\/wp-json\/wp\/v2\/media?parent=733136"}],"curies":[{"name":"wp","href":"https:\/\/api.w.org\/{rel}","templated":true}]}}