{"id":733130,"date":"2021-10-15T10:26:20","date_gmt":"2021-10-15T10:26:20","guid":{"rendered":"https:\/\/universeproduction.eu\/szwalnia\/produkty\/workoplecak\/"},"modified":"2021-10-15T10:26:23","modified_gmt":"2021-10-15T10:26:23","slug":"workoplecak","status":"publish","type":"page","link":"https:\/\/universeproduction.com\/pl\/szwalnia\/produkty\/workoplecak\/","title":{"rendered":"Workoplecak"},"content":{"rendered":"<p>[vc_row mobile_bg_img_hidden=&#8221;no&#8221; tablet_bg_img_hidden=&#8221;no&#8221; woodmart_parallax=&#8221;0&#8243; woodmart_gradient_switch=&#8221;no&#8221; row_reverse_mobile=&#8221;0&#8243; row_reverse_tablet=&#8221;0&#8243; woodmart_disable_overflow=&#8221;0&#8243; css=&#8221;.vc_custom_1617871602441{margin-top: 49px !important;}&#8221;][vc_column width=&#8221;1\/2&#8243; offset=&#8221;vc_col-lg-4&#8243;]<div class=\"porto-u-heading  wpb_custom_95aa9a11c17ad45cfabaf210d84ee7cc\" data-hspacer=\"no_spacer\" data-halign=\"left\" style=\"text-align:left\"><div class=\"porto-u-main-heading\"><h2   style=\"font-family:Open Sans; font-weight:700; font-style:normal; font-weight:700;color:#231f20;margin-bottom: 20px;font-size:22px;line-height:30px;\">Szwalnia<\/h2><\/div><\/div>[vc_single_image image=&#8221;2594&#8243; img_size=&#8221;full&#8221; css=&#8221;.vc_custom_1620203640135{margin-bottom: 0px !important;border-bottom-width: 0px !important;padding-bottom: 0px !important;}&#8221; parallax_scroll=&#8221;no&#8221;][vc_wp_custommenu nav_menu=&#8221;185&#8243; el_class=&#8221;menu_menu&#8221;][\/vc_column][vc_column width=&#8221;1\/2&#8243; offset=&#8221;vc_col-lg-8&#8243;][vc_row_inner content_placement=&#8221;bottom&#8221;][vc_column_inner width=&#8221;1\/3&#8243; offset=&#8221;vc_col-lg-4&#8243;]<div class=\"porto-u-heading  wpb_custom_95aa9a11c17ad45cfabaf210d84ee7cc\" data-hspacer=\"no_spacer\" data-halign=\"left\" style=\"text-align:left\"><div class=\"porto-u-main-heading\"><h1   style=\"font-family:Open Sans; font-weight:700; font-style:normal; font-weight:700;color:#231f20;margin-bottom: 0px;font-size:22px;line-height:30px;\">Workoplecak<\/h1><\/div><\/div>[\/vc_column_inner][vc_column_inner width=&#8221;1\/3&#8243; offset=&#8221;vc_col-lg-4&#8243;][\/vc_column_inner][\/vc_row_inner]<div class=\"porto-u-heading  wpb_custom_95aa9a11c17ad45cfabaf210d84ee7cc\" data-hspacer=\"no_spacer\" data-halign=\"left\" style=\"text-align:left\"><div class=\"porto-u-sub-heading\" style=\"font-family:Open Sans; font-weight:; font-style:; font-weight:400;color: #575757;margin-bottom:0px;font-size:14px;line-height:24px;letter-spacing:0px;\">Niezwyk\u0142a u\u017cyteczno\u015b\u0107, por\u0119czno\u015b\u0107 i wygoda jak\u0105 zapewnia nam workoplecak sprawia, \u017ce ten produkt cieszy si\u0119 wci\u0105\u017c nies\u0142abn\u0105cym zainteresowaniem.<\/p>\n<p>W swojej ofercie posiadamy modele o r\u00f3\u017cnej d\u0142ugo\u015bci oraz wyko\u0144czeniu. Zapewniamy mo\u017cliwo\u015b\u0107 wyboru koloru sznurka oraz dodania oddzielnej kieszonki na klucze. Dzi\u0119ki wykonaniu z wyj\u0105tkowo wytrzyma\u0142ej tkaniny, produkt zniesie nawet najci\u0119\u017csze warunki u\u017cytkowania.<\/div><\/div>[vc_row_inner][vc_column_inner width=&#8221;1\/2&#8243;]<div class=\"porto-btn-ctn-left \"><a class=\"porto-btn porto-adjust-bottom-margin porto-btn-custom porto-btn-no-hover-bg  wpb_custom_fa51088c2567b780100c1edcf8821d3b  porto-btn-left \" title='Proposed clothing' rel='' href = \"https:\/\/www.universeproduction.com\/contact\/\" target='_blank' data-hover=\"#ffffff\" data-border-color=\"\" data-bg=\"#2ec5cc\" data-hover-bg=\"#2ec5cc\" data-border-hover=\"\" data-shadow-click=\"none\" data-shadow=\"\" style=\"font-family:Open Sans; font-weight:400; font-style:normal; font-weight:400;font-size:14px;width:274px;min-height:40px;line-height:39px;border:none;background: #2ec5cc;color: #ffffff;\"><span class=\"porto-btn-hover\" style=\"background-color:#2ec5cc\"><\/span><span class=\"porto-btn-data porto-btn-text \" >ZAPYTAJ O PRODUKT<\/span><\/a><\/div>[\/vc_column_inner][vc_column_inner width=&#8221;1\/2&#8243;][vc_single_image image=&#8221;2593&#8243; img_size=&#8221;74&#215;74&#8243; alignment=&#8221;right&#8221;][\/vc_column_inner][\/vc_row_inner][\/vc_column][\/vc_row][vc_row css=&#8221;.vc_custom_1606205534513{margin-top: 30px !important;margin-bottom: 50px !important;}&#8221;][vc_column width=&#8221;1\/2&#8243;][vc_single_image image=&#8221;2714&#8243; img_size=&#8221;460&#215;627&#8243; alignment=&#8221;center&#8221; parallax_scroll=&#8221;no&#8221;][\/vc_column][vc_column width=&#8221;1\/2&#8243;]<div class=\"porto-u-heading  wpb_custom_95aa9a11c17ad45cfabaf210d84ee7cc\" data-hspacer=\"line_only\" data-halign=\"left\" style=\"text-align:left\"><div class=\"porto-u-main-heading\"><h2   style=\"font-family:Open Sans; font-weight:; font-style:; font-weight:700;color:#231f20;margin-bottom: 15px;font-size:18px;line-height:24px;\"> Szczeg\u00f3\u0142y produktu<\/h2><\/div><div class=\"porto-u-heading-spacer line_only\" style=\"margin-bottom: 15px;height:1px;\"><span class=\"porto-u-headings-line\" style=\"border-style:solid;border-bottom-width:1px;border-color:#f2f2f2;width:auto;margin-left: 0\"><\/span><\/div><div class=\"porto-u-sub-heading\" style=\"font-family:Open Sans; font-weight:400; font-style:normal; font-weight:400;color: #575757;margin-bottom:0px;font-size:14px;line-height:30px;\"><strong>Materia\u0142<\/strong>: poliestrowe lub bawe\u0142niane<br \/>\n<strong>Gramatura:<\/strong>\u00a0od 120g\/m2 do 240g\/m2<br \/>\n<strong>Kolor:\u00a0<\/strong>Worki z poliestru s\u0105 dost\u0119pne w dowolnie wybranym kolorze.<br \/>\n<strong>Minimalna ilo\u015b\u0107 zam\u00f3wienia:<\/strong>\u00a0100 szt.<br \/>\n<strong>Dostawa:<\/strong>\u00a04 tygodnie<\/div><\/div><div class=\"porto-u-heading  wpb_custom_95aa9a11c17ad45cfabaf210d84ee7cc\" data-hspacer=\"line_only\" data-halign=\"left\" style=\"text-align:left\"><div class=\"porto-u-main-heading\"><h2   style=\"font-family:Open Sans; font-weight:300; font-style:normal; font-weight:700;color:#231f20;margin-bottom: 15px;font-size:18px;line-height:24px;\">Rodzaje zdobie\u0144<\/h2><\/div><div class=\"porto-u-heading-spacer line_only\" style=\"margin-bottom: 15px;height:1px;\"><span class=\"porto-u-headings-line\" style=\"border-style:solid;border-bottom-width:1px;border-color:#f2f2f2;width:auto;margin-left: 0\"><\/span><\/div><div class=\"porto-u-sub-heading\" style=\"font-family:Open Sans; font-weight:; font-style:; font-weight:400;color: #575757;margin-bottom:0px;font-size:14px;line-height:30px;\"><strong>Rodzaje naniesienia wzor\u00f3w:<\/strong>\u00a0sitodruk p\u0142aski na bawe\u0142nianych workoplecakach, sublimacja na poliestrowych workoplecakach.<br \/>\n<strong>Rodzaje sznurk\u00f3w:<\/strong>\u00a0z lu\u017anym splotem lub z bardzo zbitym splotem<\/div><\/div>[\/vc_column][\/vc_row][vc_row css=&#8221;.vc_custom_1606133761505{margin-bottom: 50px !important;}&#8221;][vc_column width=&#8221;1\/2&#8243;][vc_single_image image=&#8221;2712&#8243; img_size=&#8221;full&#8221; alignment=&#8221;center&#8221; parallax_scroll=&#8221;no&#8221;][\/vc_column][vc_column width=&#8221;1\/2&#8243;][vc_single_image image=&#8221;2713&#8243; img_size=&#8221;455&#215;619&#8243; alignment=&#8221;center&#8221; parallax_scroll=&#8221;no&#8221;][\/vc_column][\/vc_row][vc_row content_placement=&#8221;top&#8221; css=&#8221;.vc_custom_1606133169982{margin-top: 88px !important;}&#8221;][vc_column]<div class=\"porto-btn-ctn-center \"><a class=\"porto-btn porto-adjust-bottom-margin porto-btn-custom porto-btn-no-hover-bg  wpb_custom_fa51088c2567b780100c1edcf8821d3b  porto-btn-center \" title='Proposed clothing' rel='' href = \"https:\/\/www.universeproduction.com\/contact\/\" target='_blank' data-hover=\"#ffffff\" data-border-color=\"\" data-bg=\"#2ec5cc\" data-hover-bg=\"#2ec5cc\" data-border-hover=\"\" data-shadow-click=\"none\" data-shadow=\"\" style=\"font-family:Open Sans; font-weight:400; font-style:normal; font-weight:400;font-size:14px;width:274px;min-height:40px;line-height:39px;border:none;background: #2ec5cc;color: #ffffff;\"><span class=\"porto-btn-hover\" style=\"background-color:#2ec5cc\"><\/span><span class=\"porto-btn-data porto-btn-text \" >ZAPYTAJ O PRODUKT<\/span><\/a><\/div>[\/vc_column][\/vc_row]<\/p>\n","protected":false},"excerpt":{"rendered":"<p>[vc_row mobile_bg_img_hidden=&#8221;no&#8221; tablet_bg_img_hidden=&#8221;no&#8221; woodmart_parallax=&#8221;0&#8243; woodmart_gradient_switch=&#8221;no&#8221; row_reverse_mobile=&#8221;0&#8243; row_reverse_tablet=&#8221;0&#8243; woodmart_disable_overflow=&#8221;0&#8243; css=&#8221;.vc_custom_1617871602441{margin-top: 49px !important;}&#8221;][vc_column width=&#8221;1\/2&#8243; offset=&#8221;vc_col-lg-4&#8243;][vc_single_image image=&#8221;2594&#8243; img_size=&#8221;full&#8221; css=&#8221;.vc_custom_1620203640135{margin-bottom: 0px !important;border-bottom-width: 0px !important;padding-bottom: 0px !important;}&#8221; parallax_scroll=&#8221;no&#8221;][vc_wp_custommenu nav_menu=&#8221;185&#8243; el_class=&#8221;menu_menu&#8221;][\/vc_column][vc_column width=&#8221;1\/2&#8243; offset=&#8221;vc_col-lg-8&#8243;][vc_row_inner content_placement=&#8221;bottom&#8221;][vc_column_inner width=&#8221;1\/3&#8243; offset=&#8221;vc_col-lg-4&#8243;][\/vc_column_inner][vc_column_inner width=&#8221;1\/3&#8243; offset=&#8221;vc_col-lg-4&#8243;][\/vc_column_inner][\/vc_row_inner][vc_row_inner][vc_column_inner width=&#8221;1\/2&#8243;][\/vc_column_inner][vc_column_inner width=&#8221;1\/2&#8243;][vc_single_image image=&#8221;2593&#8243; img_size=&#8221;74&#215;74&#8243; alignment=&#8221;right&#8221;][\/vc_column_inner][\/vc_row_inner][\/vc_column][\/vc_row][vc_row css=&#8221;.vc_custom_1606205534513{margin-top: 30px !important;margin-bottom: 50px !important;}&#8221;][vc_column width=&#8221;1\/2&#8243;][vc_single_image image=&#8221;2714&#8243; img_size=&#8221;460&#215;627&#8243; alignment=&#8221;center&#8221; parallax_scroll=&#8221;no&#8221;][\/vc_column][vc_column width=&#8221;1\/2&#8243;][\/vc_column][\/vc_row][vc_row css=&#8221;.vc_custom_1606133761505{margin-bottom: 50px !important;}&#8221;][vc_column width=&#8221;1\/2&#8243;][vc_single_image image=&#8221;2712&#8243; img_size=&#8221;full&#8221; alignment=&#8221;center&#8221; [&hellip;]<\/p>\n","protected":false},"author":1,"featured_media":0,"parent":733010,"menu_order":18,"comment_status":"closed","ping_status":"closed","template":"","meta":[],"_links":{"self":[{"href":"https:\/\/universeproduction.com\/pl\/wp-json\/wp\/v2\/pages\/733130"}],"collection":[{"href":"https:\/\/universeproduction.com\/pl\/wp-json\/wp\/v2\/pages"}],"about":[{"href":"https:\/\/universeproduction.com\/pl\/wp-json\/wp\/v2\/types\/page"}],"author":[{"embeddable":true,"href":"https:\/\/universeproduction.com\/pl\/wp-json\/wp\/v2\/users\/1"}],"replies":[{"embeddable":true,"href":"https:\/\/universeproduction.com\/pl\/wp-json\/wp\/v2\/comments?post=733130"}],"version-history":[{"count":0,"href":"https:\/\/universeproduction.com\/pl\/wp-json\/wp\/v2\/pages\/733130\/revisions"}],"up":[{"embeddable":true,"href":"https:\/\/universeproduction.com\/pl\/wp-json\/wp\/v2\/pages\/733010"}],"wp:attachment":[{"href":"https:\/\/universeproduction.com\/pl\/wp-json\/wp\/v2\/media?parent=733130"}],"curies":[{"name":"wp","href":"https:\/\/api.w.org\/{rel}","templated":true}]}}