{"id":733016,"date":"2021-10-15T07:02:21","date_gmt":"2021-10-15T07:02:21","guid":{"rendered":"https:\/\/universeproduction.eu\/szwalnia\/produkty\/t-shirt-meski\/"},"modified":"2021-10-15T07:02:25","modified_gmt":"2021-10-15T07:02:25","slug":"t-shirt-meski","status":"publish","type":"page","link":"https:\/\/universeproduction.com\/pl\/szwalnia\/produkty\/t-shirt-meski\/","title":{"rendered":"T-shirt m\u0119ski"},"content":{"rendered":"<p>[vc_row mobile_bg_img_hidden=&#8221;no&#8221; tablet_bg_img_hidden=&#8221;no&#8221; woodmart_parallax=&#8221;0&#8243; woodmart_gradient_switch=&#8221;no&#8221; row_reverse_mobile=&#8221;0&#8243; row_reverse_tablet=&#8221;0&#8243; woodmart_disable_overflow=&#8221;0&#8243; css=&#8221;.vc_custom_1617871602441{margin-top: 49px !important;}&#8221;][vc_column width=&#8221;1\/2&#8243; offset=&#8221;vc_col-lg-4&#8243;]<div class=\"porto-u-heading  wpb_custom_95aa9a11c17ad45cfabaf210d84ee7cc\" data-hspacer=\"no_spacer\" data-halign=\"left\" style=\"text-align:left\"><div class=\"porto-u-main-heading\"><h2   style=\"font-family:Open Sans; font-weight:700; font-style:normal; font-weight:700;color:#231f20;margin-bottom: 20px;font-size:22px;line-height:30px;\">Szwalnia<\/h2><\/div><\/div>[vc_single_image image=&#8221;2594&#8243; img_size=&#8221;full&#8221; css=&#8221;.vc_custom_1620203640135{margin-bottom: 0px !important;border-bottom-width: 0px !important;padding-bottom: 0px !important;}&#8221; parallax_scroll=&#8221;no&#8221;][vc_wp_custommenu nav_menu=&#8221;185&#8243; el_class=&#8221;menu_menu&#8221;][\/vc_column][vc_column width=&#8221;1\/2&#8243; offset=&#8221;vc_col-lg-8&#8243;][vc_row_inner content_placement=&#8221;bottom&#8221;][vc_column_inner width=&#8221;1\/3&#8243; offset=&#8221;vc_col-lg-3&#8243;]<div class=\"porto-u-heading  wpb_custom_95aa9a11c17ad45cfabaf210d84ee7cc\" data-hspacer=\"no_spacer\" data-halign=\"left\" style=\"text-align:left\"><div class=\"porto-u-main-heading\"><h1   style=\"font-family:Open Sans; font-weight:700; font-style:normal; font-weight:700;color:#231f20;margin-bottom: 0px;font-size:22px;line-height:30px;\">Men's T-shirt TK01<\/h1><\/div><\/div>[\/vc_column_inner][vc_column_inner width=&#8221;1\/3&#8243; offset=&#8221;vc_col-lg-3&#8243;]<span id=\"creative-link-wrap-4599\" class=\"ult_main_cl ult-adjust-bottom-margin  \" >\r\n\t \t\t\t<span class=\"  ult_crlink\" >\r\n\t\t\t\t\t<a  data-ultimate-target='#creative-link-wrap-4599 .ult_colorlink'  data-responsive-json-new='{\"font-size\":\"desktop:16px;\",\"line-height\":\"desktop:24px;\"}'  href=\"https:\/\/www.universeproduction.com\/sewing-room\/products\/ladies-t-shirt\/\" title=\"T-shirt damski\"  class=\"ult_colorlink ult-responsive  vc_custom_1620203608977\" style=\"float:left;font-family:Open Sans;font-weight:normal; \"  data-textcolor=\"#acacac\" data-texthover=\"#2ec5cc\"data-style=\"\">\r\n\t\t\t\t\t\t\r\n\t\t\t\t\t\t<span data-hover=\"T-shirt damski\" style=\"color:#acacac;;;\" class=\"ult_btn10_span   \">T-shirt damski<\/span>\r\n\t\t\t\t\t\t\r\n\t\t\t\t\t<\/a>\r\n\t\t\t\t<\/span>\r\n\t\t\t<\/span>[\/vc_column_inner][\/vc_row_inner]<div class=\"porto-u-heading  wpb_custom_95aa9a11c17ad45cfabaf210d84ee7cc\" data-hspacer=\"no_spacer\" data-halign=\"left\" style=\"text-align:left\"><div class=\"porto-u-sub-heading\" style=\"font-family:Open Sans; font-weight:; font-style:; font-weight:400;color: #575757;margin-bottom:0px;font-size:14px;line-height:24px;letter-spacing:0px;\">Dopasowany T-shirt dla m\u0119\u017cczyzn, o modnej d\u0142ugo\u015bci, wykonany z polskiej, mi\u0119kkiej i po\u0142yskliwej bawe\u0142ny z ta\u015bm\u0105 wzmacniaj\u0105ca na karku. Kr\u00f3j klasyczny w nowoczesnym tonie. R\u0119kawki lekko dopasowane. Koszulka idealnie dopasowuje si\u0119 do sylwetki. Dzi\u0119ki zastosowaniu wysokiej jako\u015bci materia\u0142\u00f3w t-shirt po praniu zachowuje kszta\u0142t i kolor.<\/p>\n<p>Istnieje r\u00f3wnie\u017c mo\u017cliwo\u015b\u0107 wykonania fullprintowego poliestrowego T-shirta m\u0119skiego sublimowanego. Zapewniamy mo\u017cliwo\u015b\u0107 wyboru tkaniny g\u0142adkiej lub mikro\u0142ezki oraz wyko\u0144czenia szyjki, r\u0119kaw\u00f3w doszywan\u0105 lam\u00f3wk\u0105 i wszycie potnik\u00f3w pod pachami. Materia\u0142 oddychaj\u0105cy, szybkoschn\u0105cy i odporny na promienie UV.<\/p>\n<ul>\n<li aria-level=\"1\">produkt wykonany w Polsce;<\/li>\n<li aria-level=\"1\">lekka tkanina;<\/li>\n<li aria-level=\"1\">dobra wentylacja cia\u0142a;<\/li>\n<li aria-level=\"1\">mi\u0119kki przyjemny w dotyku materia\u0142;<\/li>\n<li aria-level=\"1\">szeroka paleta kolor\u00f3w nadruku;<\/li>\n<li aria-level=\"1\">dopasowana, zapewnia komfort noszenia i swobod\u0119 ruch\u00f3w;<\/li>\n<li aria-level=\"1\">mo\u017cliwo\u015b\u0107 znakowania wed\u0142ug w\u0142asnego projektu.<\/li>\n<\/ul>\n<p><\/div><\/div>[vc_row_inner][vc_column_inner width=&#8221;1\/2&#8243;]<div class=\"porto-btn-ctn-left \"><a class=\"porto-btn porto-adjust-bottom-margin porto-btn-custom porto-btn-no-hover-bg  wpb_custom_fa51088c2567b780100c1edcf8821d3b  porto-btn-left \" title='Proposed clothing' rel='' href = \"https:\/\/www.universeproduction.com\/contact\/\" target='_blank' data-hover=\"#ffffff\" data-border-color=\"\" data-bg=\"#2ec5cc\" data-hover-bg=\"#2ec5cc\" data-border-hover=\"\" data-shadow-click=\"none\" data-shadow=\"\" style=\"font-family:Open Sans; font-weight:400; font-style:normal; font-weight:400;font-size:14px;width:274px;min-height:40px;line-height:39px;border:none;background: #2ec5cc;color: #ffffff;\"><span class=\"porto-btn-hover\" style=\"background-color:#2ec5cc\"><\/span><span class=\"porto-btn-data porto-btn-text \" >ZAPYTAJ O PRODUKT<\/span><\/a><\/div>[\/vc_column_inner][vc_column_inner width=&#8221;1\/2&#8243;][vc_single_image image=&#8221;2593&#8243; img_size=&#8221;74&#215;74&#8243; alignment=&#8221;right&#8221;][\/vc_column_inner][\/vc_row_inner][\/vc_column][\/vc_row][vc_row css=&#8221;.vc_custom_1606205534513{margin-top: 30px !important;margin-bottom: 50px !important;}&#8221;][vc_column width=&#8221;1\/2&#8243;][vc_single_image image=&#8221;2646&#8243; img_size=&#8221;460&#215;627&#8243; alignment=&#8221;center&#8221; parallax_scroll=&#8221;no&#8221;][\/vc_column][vc_column width=&#8221;1\/2&#8243;]<div class=\"porto-u-heading  wpb_custom_95aa9a11c17ad45cfabaf210d84ee7cc\" data-hspacer=\"line_only\" data-halign=\"left\" style=\"text-align:left\"><div class=\"porto-u-main-heading\"><h2   style=\"font-family:Open Sans; font-weight:; font-style:; font-weight:700;color:#231f20;margin-bottom: 15px;font-size:18px;line-height:24px;\"> Szczeg\u00f3\u0142y produktu<\/h2><\/div><div class=\"porto-u-heading-spacer line_only\" style=\"margin-bottom: 15px;height:1px;\"><span class=\"porto-u-headings-line\" style=\"border-style:solid;border-bottom-width:1px;border-color:#f2f2f2;width:auto;margin-left: 0\"><\/span><\/div><div class=\"porto-u-sub-heading\" style=\"font-family:Open Sans; font-weight:400; font-style:normal; font-weight:400;color: #575757;margin-bottom:0px;font-size:14px;line-height:30px;\"><strong>Kod:<\/strong> TK01<br \/>\n<strong>Fason:<\/strong> dopasowany lub inny na \u017cyczenie klienta<br \/>\n<strong>Dekolt:<\/strong> okr\u0105g\u0142y lub v-neck, z dodatkiem elastanu<br \/>\n<strong>Sk\u0142ad:<\/strong> 100% bawe\u0142na<br \/>\n<strong>Wskaz\u00f3wki piel\u0119gnacyjne:<\/strong> pranie w pralce w 30\u2019C, pranie delikatne<br \/>\n<strong>Gramatura:<\/strong> od 150g do 210g<br \/>\n<strong>Kolor:<\/strong> <strong><u style=\"color: #2ec5cc;\"><span style=\"color: #2ec5cc;\">Zobacz dost\u0119pn\u0105 kolorystyk\u0119<\/span><\/u><\/strong><br \/>\n<em><span style=\"font-size: 12px;\">*barwimy te\u017c materia\u0142 pod pantone klienta<\/span><\/em><br \/>\n<a href=\"https:\/\/universeproduction.eu\/szwalnia\/metki-i-akcesoria\/?lang=pl\"><strong><u style=\"color: #2ec5cc;\"><span style=\"color: #2ec5cc;\">Sprawd\u017a dost\u0119pne materia\u0142y<\/span><\/u><\/strong><\/a><br \/>\n<strong>Minimalna ilo\u015b\u0107 zam\u00f3wienia:<\/strong> 50 szt.<br \/>\n<strong>Dostawa:<\/strong> 2-3 tygodnie<\/div><\/div><div class=\"porto-u-heading  wpb_custom_95aa9a11c17ad45cfabaf210d84ee7cc\" data-hspacer=\"line_only\" data-halign=\"left\" style=\"text-align:left\"><div class=\"porto-u-main-heading\"><h2   style=\"font-family:Open Sans; font-weight:300; font-style:normal; font-weight:700;color:#231f20;margin-bottom: 15px;font-size:18px;line-height:24px;\">Rodzaje zdobie\u0144<\/h2><\/div><div class=\"porto-u-heading-spacer line_only\" style=\"margin-bottom: 15px;height:1px;\"><span class=\"porto-u-headings-line\" style=\"border-style:solid;border-bottom-width:1px;border-color:#f2f2f2;width:auto;margin-left: 0\"><\/span><\/div><div class=\"porto-u-sub-heading\" style=\"font-family:Open Sans; font-weight:; font-style:; font-weight:400;color: #575757;margin-bottom:0px;font-size:14px;line-height:30px;\"><strong>Nadruki:<\/strong>\u00a0sitodruk , sitodruk 3D, folia flex, folia flock, nadruk odblaskowy, cyfrowy nadruk \u2013 DTG<br \/>\n<strong>Hafty:<\/strong>\u00a0haft komputerowy, haft 3D<br \/>\n<strong>Naszywki:<\/strong>\u00a0haftowane, drukowane, elastomery, metki<\/div><\/div><div class=\"porto-u-heading  wpb_custom_95aa9a11c17ad45cfabaf210d84ee7cc\" data-hspacer=\"line_only\" data-halign=\"left\" style=\"text-align:left\"><div class=\"porto-u-main-heading\"><h2   style=\"font-family:Open Sans; font-weight:; font-style:; font-weight:700;color:#231f20;margin-bottom: 15px;font-size:18px;line-height:24px;\">Tabela rozmiar\u00f3w<\/h2><\/div><div class=\"porto-u-heading-spacer line_only\" style=\"margin-bottom: 15px;height:1px;\"><span class=\"porto-u-headings-line\" style=\"border-style:solid;border-bottom-width:1px;border-color:#f2f2f2;width:auto;margin-left: 0\"><\/span><\/div><div class=\"porto-u-sub-heading\" style=\"font-family:Open Sans; font-weight:400; font-style:normal; font-weight:400;color: #575757;margin-bottom:0px;font-size:14px;line-height:30px;\"><strong><u style=\"color: #2ec5cc;\"><span style=\"color: #2ec5cc;\">Zobacz dost\u0119pn\u0105 rozmiar\u00f3wk\u0119<\/span><\/u><\/strong><\/div><\/div>[\/vc_column][\/vc_row][vc_row css=&#8221;.vc_custom_1606133761505{margin-bottom: 50px !important;}&#8221;][vc_column width=&#8221;1\/2&#8243;][vc_single_image image=&#8221;2647&#8243; img_size=&#8221;455&#215;619&#8243; alignment=&#8221;center&#8221; parallax_scroll=&#8221;no&#8221;][\/vc_column][vc_column width=&#8221;1\/2&#8243;][vc_single_image image=&#8221;2648&#8243; img_size=&#8221;455&#215;619&#8243; alignment=&#8221;center&#8221; parallax_scroll=&#8221;no&#8221;][\/vc_column][\/vc_row][vc_row][vc_column width=&#8221;1\/2&#8243;][vc_single_image image=&#8221;2649&#8243; img_size=&#8221;455&#215;619&#8243; alignment=&#8221;center&#8221; parallax_scroll=&#8221;no&#8221;][\/vc_column][vc_column width=&#8221;1\/2&#8243;][vc_single_image image=&#8221;2650&#8243; img_size=&#8221;455&#215;619&#8243; alignment=&#8221;center&#8221; parallax_scroll=&#8221;no&#8221;][\/vc_column][\/vc_row][vc_row content_placement=&#8221;top&#8221; css=&#8221;.vc_custom_1606133169982{margin-top: 88px !important;}&#8221;][vc_column]<div class=\"porto-btn-ctn-center \"><a class=\"porto-btn porto-adjust-bottom-margin porto-btn-custom porto-btn-no-hover-bg  wpb_custom_fa51088c2567b780100c1edcf8821d3b  porto-btn-center \" title='Proposed clothing' rel='' href = \"https:\/\/www.universeproduction.com\/contact\/\" target='_blank' data-hover=\"#ffffff\" data-border-color=\"\" data-bg=\"#2ec5cc\" data-hover-bg=\"#2ec5cc\" data-border-hover=\"\" data-shadow-click=\"none\" data-shadow=\"\" style=\"font-family:Open Sans; font-weight:400; font-style:normal; font-weight:400;font-size:14px;width:274px;min-height:40px;line-height:39px;border:none;background: #2ec5cc;color: #ffffff;\"><span class=\"porto-btn-hover\" style=\"background-color:#2ec5cc\"><\/span><span class=\"porto-btn-data porto-btn-text \" >ZAPYTAJ O PRODUKT<\/span><\/a><\/div>[\/vc_column][\/vc_row]<\/p>\n","protected":false},"excerpt":{"rendered":"<p>[vc_row mobile_bg_img_hidden=&#8221;no&#8221; tablet_bg_img_hidden=&#8221;no&#8221; woodmart_parallax=&#8221;0&#8243; woodmart_gradient_switch=&#8221;no&#8221; row_reverse_mobile=&#8221;0&#8243; row_reverse_tablet=&#8221;0&#8243; woodmart_disable_overflow=&#8221;0&#8243; css=&#8221;.vc_custom_1617871602441{margin-top: 49px !important;}&#8221;][vc_column width=&#8221;1\/2&#8243; offset=&#8221;vc_col-lg-4&#8243;][vc_single_image image=&#8221;2594&#8243; img_size=&#8221;full&#8221; css=&#8221;.vc_custom_1620203640135{margin-bottom: 0px !important;border-bottom-width: 0px !important;padding-bottom: 0px !important;}&#8221; parallax_scroll=&#8221;no&#8221;][vc_wp_custommenu nav_menu=&#8221;185&#8243; el_class=&#8221;menu_menu&#8221;][\/vc_column][vc_column width=&#8221;1\/2&#8243; offset=&#8221;vc_col-lg-8&#8243;][vc_row_inner content_placement=&#8221;bottom&#8221;][vc_column_inner width=&#8221;1\/3&#8243; offset=&#8221;vc_col-lg-3&#8243;][\/vc_column_inner][vc_column_inner width=&#8221;1\/3&#8243; offset=&#8221;vc_col-lg-3&#8243;][\/vc_column_inner][\/vc_row_inner][vc_row_inner][vc_column_inner width=&#8221;1\/2&#8243;][\/vc_column_inner][vc_column_inner width=&#8221;1\/2&#8243;][vc_single_image image=&#8221;2593&#8243; img_size=&#8221;74&#215;74&#8243; alignment=&#8221;right&#8221;][\/vc_column_inner][\/vc_row_inner][\/vc_column][\/vc_row][vc_row css=&#8221;.vc_custom_1606205534513{margin-top: 30px !important;margin-bottom: 50px !important;}&#8221;][vc_column width=&#8221;1\/2&#8243;][vc_single_image image=&#8221;2646&#8243; img_size=&#8221;460&#215;627&#8243; alignment=&#8221;center&#8221; parallax_scroll=&#8221;no&#8221;][\/vc_column][vc_column width=&#8221;1\/2&#8243;][\/vc_column][\/vc_row][vc_row css=&#8221;.vc_custom_1606133761505{margin-bottom: 50px !important;}&#8221;][vc_column width=&#8221;1\/2&#8243;][vc_single_image image=&#8221;2647&#8243; img_size=&#8221;455&#215;619&#8243; alignment=&#8221;center&#8221; [&hellip;]<\/p>\n","protected":false},"author":1,"featured_media":0,"parent":733010,"menu_order":1,"comment_status":"closed","ping_status":"closed","template":"","meta":[],"_links":{"self":[{"href":"https:\/\/universeproduction.com\/pl\/wp-json\/wp\/v2\/pages\/733016"}],"collection":[{"href":"https:\/\/universeproduction.com\/pl\/wp-json\/wp\/v2\/pages"}],"about":[{"href":"https:\/\/universeproduction.com\/pl\/wp-json\/wp\/v2\/types\/page"}],"author":[{"embeddable":true,"href":"https:\/\/universeproduction.com\/pl\/wp-json\/wp\/v2\/users\/1"}],"replies":[{"embeddable":true,"href":"https:\/\/universeproduction.com\/pl\/wp-json\/wp\/v2\/comments?post=733016"}],"version-history":[{"count":0,"href":"https:\/\/universeproduction.com\/pl\/wp-json\/wp\/v2\/pages\/733016\/revisions"}],"up":[{"embeddable":true,"href":"https:\/\/universeproduction.com\/pl\/wp-json\/wp\/v2\/pages\/733010"}],"wp:attachment":[{"href":"https:\/\/universeproduction.com\/pl\/wp-json\/wp\/v2\/media?parent=733016"}],"curies":[{"name":"wp","href":"https:\/\/api.w.org\/{rel}","templated":true}]}}