{"id":731561,"date":"2021-10-11T16:26:18","date_gmt":"2021-10-11T16:26:18","guid":{"rendered":"https:\/\/universeproduction.eu\/?page_id=731561"},"modified":"2021-10-22T11:26:12","modified_gmt":"2021-10-22T11:26:12","slug":"ekologia","status":"publish","type":"page","link":"https:\/\/universeproduction.com\/pl\/ekologia\/","title":{"rendered":"Ekologia"},"content":{"rendered":"<p>[vc_row css=&#8221;.vc_custom_1625043689092{margin-top: 100px !important;}&#8221;][vc_column offset=&#8221;vc_col-lg-offset-1 vc_col-lg-10 vc_col-md-offset-1 vc_col-md-10 vc_col-sm-offset-0 vc_col-xs-12&#8243;]<div class=\"porto-u-heading  wpb_custom_b403ec8d883d0141e4f365a75ccaf619\" data-hspacer=\"no_spacer\" data-halign=\"center\" style=\"text-align:center\"><div class=\"porto-u-sub-heading\" style=\"color: #575757;\">Jeste\u015bmy \u015bwiadomi wsp\u00f3lnej odpowiedzialno\u015bci za kondycj\u0119 naszej planety. Bierzemy w niej aktywny udzia\u0142 szanuj\u0105c przyrod\u0119 i korzystaj\u0105c z ekologicznych rozwi\u0105za\u0144 w procesie produkcji.<\/div><\/div>[\/vc_column][\/vc_row][vc_row full_width=&#8221;stretch_row&#8221; full_height=&#8221;yes&#8221; equal_height=&#8221;yes&#8221; content_placement=&#8221;middle&#8221; text_align=&#8221;justify&#8221; animation_type=&#8221;fadeInUp&#8221;][vc_column width=&#8221;2\/3&#8243; offset=&#8221;vc_col-lg-offset-1 vc_col-md-offset-1 vc_col-sm-offset-1 vc_col-xs-12&#8243;]<div class=\"porto-u-heading  wpb_custom_ef1d5021c803f2ec44b2b0263aaca757\" data-hspacer=\"no_spacer\" data-halign=\"left\" style=\"text-align:left\"><div class=\"porto-u-main-heading\"><h2   style=\"color:#231f20;margin-bottom: 20px;\">Jak to robimy?<\/h2><\/div><div class=\"porto-u-sub-heading\" style=\"color: #575757;\">\n<ul>\n<li>Wed\u0142ug organizacji <a href=\"https:\/\/www.worldwildlife.org\/stories\/the-impact-of-a-cotton-t-shirt\">World Wide Fund<\/a>\u00a0na wyprodukowanie jednej bawe\u0142nianej koszulki potrzeba a\u017c 2700 litr\u00f3w wody. Wa\u017cne jest zatem, \u017ceby odzie\u017c jak\u0105 nosimy by\u0142a wysokiej jako\u015bci i o du\u017cej trwa\u0142o\u015bci. Z tego powodu szyjemy i znakujemy w\u0142a\u015bnie tak\u0105 odzie\u017c, kt\u00f3ra mo\u017ce nam s\u0142u\u017cy\u0107 przez lata.<\/li>\n<li>Pos\u0142ugujemy si\u0119 certyfikatem <a href=\"https:\/\/www.oeko-tex.com\/en\/our-standards\/eco-passport-by-oeko-tex\">OEKO-TEX<\/a>, kt\u00f3ry gwarantuje, \u017ce nasze produkty s\u0105 nieszkodliwe dla ludzkiego zdrowia oraz zosta\u0142y wytworzone w spo\u0142ecznie odpowiedzialnych miejscach pracy.<\/li>\n<li>Ograniczamy emisj\u0119 \u015brodk\u00f3w chemicznych do \u015brodowiska dzi\u0119ki automatycznej linii do mycia sit.<\/li>\n<li>Do nadruk\u00f3w u\u017cywamy ekologicznych farb, bezpiecznych nawet dla dzieci.<\/li>\n<li>Gotow\u0105 odzie\u017c pakujemy w opakowania, kt\u00f3re ca\u0142kowicie mo\u017cna podda\u0107 recyklingowi.<\/li>\n<li>Stosujemy polityk\u0119 minimalnej ilo\u015bci odpad\u00f3w: produkujemy na zam\u00f3wienie tyle towaru, ile jest konieczna do realizacji; nie wysy\u0142amy pustych paczek; dostosowujemy rozmiary paczki do zam\u00f3wienia.<\/li>\n<\/ul>\n<p><\/div><\/div>[\/vc_column][vc_column width=&#8221;1\/4&#8243; offset=&#8221;vc_col-lg-offset-0 vc_hidden-xs&#8221;][vc_single_image image=&#8221;731724&#8243; img_size=&#8221;large&#8221; alignment=&#8221;right&#8221;][\/vc_column][\/vc_row][vc_row css=&#8221;.vc_custom_1625135950250{margin-bottom: 50px !important;}&#8221;][vc_column offset=&#8221;vc_col-lg-offset-1 vc_col-md-offset-1 vc_col-sm-offset-1&#8243;]<div class=\"porto-u-heading  wpb_custom_ef1d5021c803f2ec44b2b0263aaca757\" data-hspacer=\"no_spacer\" data-halign=\"left\" style=\"text-align:left\"><div class=\"porto-u-main-heading\"><h2   style=\"color:#231f20;margin-bottom: 20px;\">Certyfikaty<\/h2><\/div><div class=\"porto-u-sub-heading\" style=\"color: #575757;\"><em>Poni\u017cej przedstawiamy certyfikaty, kt\u00f3rymi pos\u0142ugujemy si\u0119 my oraz nasi dostawcy.<\/em><\/div><\/div>[\/vc_column][\/vc_row][vc_row css=&#8221;.vc_custom_1625136943098{margin-bottom: 20px !important;}&#8221;][vc_column width=&#8221;1\/6&#8243; offset=&#8221;vc_col-lg-offset-1 vc_col-md-offset-1 vc_col-sm-offset-1&#8243;][vc_single_image image=&#8221;731684&#8243; img_size=&#8221;full&#8221; alignment=&#8221;center&#8221; css=&#8221;.vc_custom_1633975047008{padding-right: 20px !important;padding-left: 20px !important;}&#8221;][\/vc_column][vc_column width=&#8221;1\/12&#8243;][\/vc_column][vc_column width=&#8221;7\/12&#8243;]<div class=\"porto-u-heading  wpb_custom_8f57c40752baaf9cdbc1401be3de31d5\" data-hspacer=\"no_spacer\" data-halign=\"left\" style=\"text-align:left\"><div class=\"porto-u-main-heading\"><h2   style=\"color:#231f20;\">GLOBAL ORGANIC TEXTILE STANDARD (GOTS)<\/h2><\/div><div class=\"porto-u-sub-heading\" style=\"color: #575757;\">Standard ten daje gwarancj\u0119, \u017ce certyfikowane wyroby zosta\u0142y wyprodukowane z poszanowaniem \u015brodowiska naturalnego oraz praw pracownik\u00f3w. Oznacza to, \u017ce s\u0105 to wysokiej jako\u015bci tekstylia organiczne, kt\u00f3re nie zawieraj\u0105 szkodliwych substancji, a wszyscy zaanga\u017cowani w tworzenie produktu wzi\u0119li na siebie odpowiedzialno\u015b\u0107 spo\u0142eczn\u0105 i \u015brodowiskow\u0105.<\/p>\n<p><a href=\"https:\/\/global-standard.org\/\">Czytaj wi\u0119cej&#8230;<\/a><\/div><\/div>[\/vc_column][\/vc_row][vc_row css=&#8221;.vc_custom_1625137783703{margin-bottom: 20px !important;}&#8221;][vc_column width=&#8221;1\/6&#8243; offset=&#8221;vc_col-lg-offset-1 vc_col-md-offset-1 vc_col-sm-offset-1&#8243;][vc_single_image image=&#8221;731687&#8243; img_size=&#8221;full&#8221; alignment=&#8221;center&#8221;][\/vc_column][vc_column width=&#8221;1\/12&#8243;][\/vc_column][vc_column width=&#8221;7\/12&#8243;]<div class=\"porto-u-heading  wpb_custom_1ea3ab2579a4d6d35caf567bcfdc9e4d\" data-hspacer=\"no_spacer\" data-halign=\"left\" style=\"text-align:left\"><div class=\"porto-u-main-heading\"><h2   style=\"color:#231f20;\">OEKO-TEX - ECO PASSPORT<\/h2><\/div><div class=\"porto-u-sub-heading\" style=\"color: #575757;\">Dotyczy chemikali\u00f3w stosowanych w produkcji tekstylnej takich jak barwniki, wybielacze optyczne, \u015brodki antystatyczne, kleje czy te\u017c \u015brodki czyszcz\u0105ce. Substancje chemiczne opatrzone znakiem Eco Passport spe\u0142niaj\u0105 wymagania dotycz\u0105ce zr\u00f3wnowa\u017conej produkcji tekstylnej.<\/p>\n<p><a href=\"https:\/\/www.oeko-tex.com\/en\/our-standards\/eco-passport-by-oeko-tex\">Czytaj wi\u0119cej&#8230;<\/a><\/div><\/div>[\/vc_column][\/vc_row][vc_row css=&#8221;.vc_custom_1625137006137{margin-bottom: 20px !important;}&#8221;][vc_column width=&#8221;1\/6&#8243; offset=&#8221;vc_col-lg-offset-1 vc_col-md-offset-1 vc_col-sm-offset-1&#8243;][vc_single_image image=&#8221;731702&#8243; img_size=&#8221;full&#8221; alignment=&#8221;center&#8221;][\/vc_column][vc_column width=&#8221;1\/12&#8243;][\/vc_column][vc_column width=&#8221;7\/12&#8243;]<div class=\"porto-u-heading  wpb_custom_1ea3ab2579a4d6d35caf567bcfdc9e4d\" data-hspacer=\"no_spacer\" data-halign=\"left\" style=\"text-align:left\"><div class=\"porto-u-main-heading\"><h2   style=\"color:#231f20;\">OEKO-TEX - STANDARD 100<\/h2><\/div><div class=\"porto-u-sub-heading\" style=\"color: #575757;\">Daje gwarancj\u0119, \u017ce produkty s\u0105 wolne od \u015brodk\u00f3w negatywnie wp\u0142ywaj\u0105cych niekorzystnie na zdrowie ludzi. Badania weryfikuj\u0105 obecno\u015b\u0107 100 najbardziej niebezpiecznych substancji zagra\u017caj\u0105cym konsumentom.<\/p>\n<p><a href=\"https:\/\/www.oeko-tex.com\/en\/our-standards\/standard-100-by-oeko-tex\">Czytaj wi\u0119cej&#8230;<\/a><\/div><\/div>[\/vc_column][\/vc_row][vc_row css=&#8221;.vc_custom_1625137797174{margin-bottom: 20px !important;}&#8221;][vc_column width=&#8221;1\/6&#8243; offset=&#8221;vc_col-lg-offset-1 vc_col-md-offset-1 vc_col-sm-offset-1&#8243;][vc_single_image image=&#8221;731711&#8243; img_size=&#8221;medium&#8221;][\/vc_column][vc_column width=&#8221;1\/12&#8243;][\/vc_column][vc_column width=&#8221;7\/12&#8243;]<div class=\"porto-u-heading  wpb_custom_1ea3ab2579a4d6d35caf567bcfdc9e4d\" data-hspacer=\"no_spacer\" data-halign=\"left\" style=\"text-align:left\"><div class=\"porto-u-main-heading\"><h2   style=\"color:#231f20;\">OEKO-TEX - MADE IN GREEN<\/h2><\/div><div class=\"porto-u-sub-heading\" style=\"color: #575757;\">Certyfikat dla produkt\u00f3w tekstylnych, kt\u00f3re zosta\u0142y wyprodukowane w zr\u00f3wnowa\u017cony spos\u00f3b i by\u0142y przetestowane pod k\u0105tem zawarcia substancji szkodliwych zgodnie z kryteriami Oeko-Tex. W szczeg\u00f3lno\u015bci produkty tekstylne (i ich poszczeg\u00f3lne komponenty) musz\u0105 przej\u015b\u0107 pomy\u015blnie testy pod k\u0105tem zgodno\u015bci z wymaganiami normy Oeko-Tex Standard 100, nast\u0119pnie zak\u0142ad produkcyjny musi przej\u015b\u0107 audyt na certyfikat STeP \u2013 przez Oeko-Tex.<\/p>\n<p><a href=\"https:\/\/www.oeko-tex.com\/en\/our-standards\/made-in-green-by-oeko-tex\">Czytaj wi\u0119cej&#8230;<\/a><\/div><\/div>[\/vc_column][\/vc_row][vc_row css=&#8221;.vc_custom_1625137006137{margin-bottom: 20px !important;}&#8221;][vc_column width=&#8221;1\/6&#8243; offset=&#8221;vc_col-lg-offset-1 vc_col-md-offset-1 vc_col-sm-offset-1&#8243;][vc_single_image image=&#8221;731705&#8243; img_size=&#8221;medium&#8221; css=&#8221;.vc_custom_1633975147064{padding-right: 30px !important;padding-left: 30px !important;}&#8221;][\/vc_column][vc_column width=&#8221;1\/12&#8243;][\/vc_column][vc_column width=&#8221;7\/12&#8243;]<div class=\"porto-u-heading  wpb_custom_1ea3ab2579a4d6d35caf567bcfdc9e4d\" data-hspacer=\"no_spacer\" data-halign=\"left\" style=\"text-align:left\"><div class=\"porto-u-main-heading\"><h2   style=\"color:#231f20;\">ORGANIC CONTENT STANDARD 100<\/h2><\/div><div class=\"porto-u-sub-heading\" style=\"color: #575757;\">To mi\u0119dzynarodowy standard, kt\u00f3ry weryfikuje zawarto\u015b\u0107 w\u0142\u00f3kien organicznych w produkcie gotowym. Obejmuje on certyfikacj\u0119 \u0142a\u0144cucha dostaw. Oznacza to, \u017ce aby produkt finalny m\u00f3g\u0142 by\u0107 sprzedany jako certyfikowany, na ka\u017cdym etapie pozyskiwania i przetwarzania surowca musi spe\u0142nia\u0107 wymogi OCS.<\/p>\n<p><a href=\"https:\/\/textileexchange.org\/standards\/organic-content-standard\/\">Czytaj wi\u0119cej&#8230;<\/a><\/div><\/div>[\/vc_column][\/vc_row][vc_row full_width=&#8221;stretch_row&#8221; css=&#8221;.vc_custom_1625486579375{margin-bottom: -80px !important;}&#8221;][vc_column width=&#8221;1\/6&#8243; offset=&#8221;vc_col-lg-offset-0 vc_col-md-offset-0 vc_hidden-xs&#8221;][vc_single_image image=&#8221;731693&#8243; img_size=&#8221;full&#8221;][\/vc_column][\/vc_row]<\/p>\n","protected":false},"excerpt":{"rendered":"<p>[vc_row css=&#8221;.vc_custom_1625043689092{margin-top: 100px !important;}&#8221;][vc_column offset=&#8221;vc_col-lg-offset-1 vc_col-lg-10 vc_col-md-offset-1 vc_col-md-10 vc_col-sm-offset-0 vc_col-xs-12&#8243;][\/vc_column][\/vc_row][vc_row full_width=&#8221;stretch_row&#8221; full_height=&#8221;yes&#8221; equal_height=&#8221;yes&#8221; content_placement=&#8221;middle&#8221; text_align=&#8221;justify&#8221; animation_type=&#8221;fadeInUp&#8221;][vc_column width=&#8221;2\/3&#8243; offset=&#8221;vc_col-lg-offset-1 vc_col-md-offset-1 vc_col-sm-offset-1 vc_col-xs-12&#8243;][\/vc_column][vc_column width=&#8221;1\/4&#8243; offset=&#8221;vc_col-lg-offset-0 vc_hidden-xs&#8221;][vc_single_image image=&#8221;731724&#8243; img_size=&#8221;large&#8221; alignment=&#8221;right&#8221;][\/vc_column][\/vc_row][vc_row css=&#8221;.vc_custom_1625135950250{margin-bottom: 50px !important;}&#8221;][vc_column offset=&#8221;vc_col-lg-offset-1 vc_col-md-offset-1 vc_col-sm-offset-1&#8243;][\/vc_column][\/vc_row][vc_row css=&#8221;.vc_custom_1625136943098{margin-bottom: 20px !important;}&#8221;][vc_column width=&#8221;1\/6&#8243; offset=&#8221;vc_col-lg-offset-1 vc_col-md-offset-1 vc_col-sm-offset-1&#8243;][vc_single_image image=&#8221;731684&#8243; img_size=&#8221;full&#8221; alignment=&#8221;center&#8221; css=&#8221;.vc_custom_1633975047008{padding-right: 20px !important;padding-left: 20px !important;}&#8221;][\/vc_column][vc_column width=&#8221;1\/12&#8243;][\/vc_column][vc_column width=&#8221;7\/12&#8243;][\/vc_column][\/vc_row][vc_row css=&#8221;.vc_custom_1625137783703{margin-bottom: 20px !important;}&#8221;][vc_column width=&#8221;1\/6&#8243; offset=&#8221;vc_col-lg-offset-1 [&hellip;]<\/p>\n","protected":false},"author":1,"featured_media":0,"parent":0,"menu_order":0,"comment_status":"closed","ping_status":"closed","template":"","meta":[],"_links":{"self":[{"href":"https:\/\/universeproduction.com\/pl\/wp-json\/wp\/v2\/pages\/731561"}],"collection":[{"href":"https:\/\/universeproduction.com\/pl\/wp-json\/wp\/v2\/pages"}],"about":[{"href":"https:\/\/universeproduction.com\/pl\/wp-json\/wp\/v2\/types\/page"}],"author":[{"embeddable":true,"href":"https:\/\/universeproduction.com\/pl\/wp-json\/wp\/v2\/users\/1"}],"replies":[{"embeddable":true,"href":"https:\/\/universeproduction.com\/pl\/wp-json\/wp\/v2\/comments?post=731561"}],"version-history":[{"count":0,"href":"https:\/\/universeproduction.com\/pl\/wp-json\/wp\/v2\/pages\/731561\/revisions"}],"wp:attachment":[{"href":"https:\/\/universeproduction.com\/pl\/wp-json\/wp\/v2\/media?parent=731561"}],"curies":[{"name":"wp","href":"https:\/\/api.w.org\/{rel}","templated":true}]}}