{"id":731441,"date":"2021-10-11T06:25:42","date_gmt":"2021-10-11T06:25:42","guid":{"rendered":"https:\/\/universeproduction.eu\/zdobienia\/dtg\/nasze-realizacje\/"},"modified":"2023-03-21T12:45:43","modified_gmt":"2023-03-21T12:45:43","slug":"nasze-realizacje","status":"publish","type":"page","link":"https:\/\/universeproduction.com\/pl\/zdobienia\/dtg\/nasze-realizacje\/","title":{"rendered":"Nasze realizacje"},"content":{"rendered":"<p>[vc_row mobile_bg_img_hidden=&#8221;no&#8221; tablet_bg_img_hidden=&#8221;no&#8221; woodmart_parallax=&#8221;0&#8243; woodmart_gradient_switch=&#8221;no&#8221; row_reverse_mobile=&#8221;0&#8243; row_reverse_tablet=&#8221;0&#8243; woodmart_disable_overflow=&#8221;0&#8243; css=&#8221;.vc_custom_1617871602441{margin-top: 49px !important;}&#8221;][vc_column width=&#8221;1\/2&#8243; offset=&#8221;vc_col-lg-4&#8243;]<div class=\"porto-u-heading  wpb_custom_95aa9a11c17ad45cfabaf210d84ee7cc\" data-hspacer=\"no_spacer\" data-halign=\"left\" style=\"text-align:left\"><div class=\"porto-u-main-heading\"><h2   style=\"font-family:Open Sans; font-weight:700; font-style:normal; font-weight:700;color:#231f20;margin-bottom: 20px;font-size:22px;line-height:30px;\">Read more<\/h2><\/div><\/div>[vc_single_image image=&#8221;1240937&#8243; img_size=&#8221;full&#8221; css=&#8221;.vc_custom_1619081687353{margin-bottom: 0px !important;border-bottom-width: 0px !important;padding-bottom: 0px !important;}&#8221; parallax_scroll=&#8221;no&#8221;][vc_wp_custommenu nav_menu=&#8221;180&#8243; el_class=&#8221;menu_menu&#8221;][\/vc_column][vc_column width=&#8221;1\/2&#8243; offset=&#8221;vc_col-lg-8&#8243;]<div class=\"porto-u-heading  wpb_custom_95aa9a11c17ad45cfabaf210d84ee7cc\" data-hspacer=\"no_spacer\" data-halign=\"left\" style=\"text-align:left\"><div class=\"porto-u-main-heading\"><h2   style=\"font-family:Open Sans; font-weight:700; font-style:normal; font-weight:700;color:#231f20;margin-bottom: 20px;font-size:22px;line-height:30px;\">Nasze realizacje<\/h2><\/div><div class=\"porto-u-sub-heading\" style=\"font-family:Open Sans; font-weight:; font-style:; font-weight:400;color: #575757;margin-bottom:0px;font-size:14px;line-height:24px;letter-spacing:0px;\">Jedna z najnowszych technologii druku. Stworzona z my\u015bl\u0105 o druku pojedynczych sztuk w nieograniczonej liczbie kolor\u00f3w. Jako \u017ce ta dziedzina znakowania jest bardzo \u201em\u0142oda\u201d nie bez znaczenia s\u0105 stosowane maszyny (DTG Epson F-2000 ) oraz atramenty (standard Oeko-Tex). Certyfikat oznacza, \u017ce urz\u0105dzenie umo\u017cliwia bezpieczne drukowanie na tkaninach przeznaczonych dla doros\u0142ych i dzieci, w tym r\u00f3wnie\u017c dla niemowl\u0105t.<\/div><\/div>[\/vc_column][\/vc_row][vc_row][vc_column][vc_media_grid style=&#8221;load-more&#8221; items_per_page=&#8221;4&#8243; element_width=&#8221;6&#8243; gap=&#8221;25&#8243; item=&#8221;masonryMedia_Default&#8221; btn_title=&#8221;Poka\u017c wi\u0119cej szczeg\u00f3\u0142\u00f3w&#8221; btn_style=&#8221;modern&#8221; btn_color=&#8221;default&#8221; btn_size=&#8221;xs&#8221; btn_align=&#8221;center&#8221; grid_id=&#8221;vc_gid:1679401995663-08d66093-1b4f-2&#8243; include=&#8221;1241287,1241296,1241293,1241290&#8243;][\/vc_column][\/vc_row]<\/p>\n","protected":false},"excerpt":{"rendered":"<p>[vc_row mobile_bg_img_hidden=&#8221;no&#8221; tablet_bg_img_hidden=&#8221;no&#8221; woodmart_parallax=&#8221;0&#8243; woodmart_gradient_switch=&#8221;no&#8221; row_reverse_mobile=&#8221;0&#8243; row_reverse_tablet=&#8221;0&#8243; woodmart_disable_overflow=&#8221;0&#8243; css=&#8221;.vc_custom_1617871602441{margin-top: 49px !important;}&#8221;][vc_column width=&#8221;1\/2&#8243; offset=&#8221;vc_col-lg-4&#8243;][vc_single_image image=&#8221;1240937&#8243; img_size=&#8221;full&#8221; css=&#8221;.vc_custom_1619081687353{margin-bottom: 0px !important;border-bottom-width: 0px !important;padding-bottom: 0px !important;}&#8221; parallax_scroll=&#8221;no&#8221;][vc_wp_custommenu nav_menu=&#8221;180&#8243; el_class=&#8221;menu_menu&#8221;][\/vc_column][vc_column width=&#8221;1\/2&#8243; offset=&#8221;vc_col-lg-8&#8243;][\/vc_column][\/vc_row][vc_row][vc_column][vc_media_grid style=&#8221;load-more&#8221; items_per_page=&#8221;4&#8243; element_width=&#8221;6&#8243; gap=&#8221;25&#8243; item=&#8221;masonryMedia_Default&#8221; btn_title=&#8221;Poka\u017c wi\u0119cej szczeg\u00f3\u0142\u00f3w&#8221; btn_style=&#8221;modern&#8221; btn_color=&#8221;default&#8221; btn_size=&#8221;xs&#8221; btn_align=&#8221;center&#8221; grid_id=&#8221;vc_gid:1679401995663-08d66093-1b4f-2&#8243; include=&#8221;1241287,1241296,1241293,1241290&#8243;][\/vc_column][\/vc_row]<\/p>\n","protected":false},"author":1,"featured_media":0,"parent":731433,"menu_order":1,"comment_status":"closed","ping_status":"closed","template":"","meta":[],"_links":{"self":[{"href":"https:\/\/universeproduction.com\/pl\/wp-json\/wp\/v2\/pages\/731441"}],"collection":[{"href":"https:\/\/universeproduction.com\/pl\/wp-json\/wp\/v2\/pages"}],"about":[{"href":"https:\/\/universeproduction.com\/pl\/wp-json\/wp\/v2\/types\/page"}],"author":[{"embeddable":true,"href":"https:\/\/universeproduction.com\/pl\/wp-json\/wp\/v2\/users\/1"}],"replies":[{"embeddable":true,"href":"https:\/\/universeproduction.com\/pl\/wp-json\/wp\/v2\/comments?post=731441"}],"version-history":[{"count":2,"href":"https:\/\/universeproduction.com\/pl\/wp-json\/wp\/v2\/pages\/731441\/revisions"}],"predecessor-version":[{"id":1241300,"href":"https:\/\/universeproduction.com\/pl\/wp-json\/wp\/v2\/pages\/731441\/revisions\/1241300"}],"up":[{"embeddable":true,"href":"https:\/\/universeproduction.com\/pl\/wp-json\/wp\/v2\/pages\/731433"}],"wp:attachment":[{"href":"https:\/\/universeproduction.com\/pl\/wp-json\/wp\/v2\/media?parent=731441"}],"curies":[{"name":"wp","href":"https:\/\/api.w.org\/{rel}","templated":true}]}}