{"id":731427,"date":"2021-10-11T06:19:00","date_gmt":"2021-10-11T06:19:00","guid":{"rendered":"https:\/\/universeproduction.eu\/zdobienia\/haft\/nasze-realizacje\/"},"modified":"2023-06-20T10:06:37","modified_gmt":"2023-06-20T10:06:37","slug":"nasze-realizacje","status":"publish","type":"page","link":"https:\/\/universeproduction.com\/pl\/zdobienia\/haft\/nasze-realizacje\/","title":{"rendered":"Nasze realizacje"},"content":{"rendered":"<p>[vc_row mobile_bg_img_hidden=&#8221;no&#8221; tablet_bg_img_hidden=&#8221;no&#8221; woodmart_parallax=&#8221;0&#8243; woodmart_gradient_switch=&#8221;no&#8221; row_reverse_mobile=&#8221;0&#8243; row_reverse_tablet=&#8221;0&#8243; woodmart_disable_overflow=&#8221;0&#8243; css=&#8221;.vc_custom_1617871602441{margin-top: 49px !important;}&#8221;][vc_column width=&#8221;1\/2&#8243; offset=&#8221;vc_col-lg-4&#8243;]<div class=\"porto-u-heading  wpb_custom_95aa9a11c17ad45cfabaf210d84ee7cc\" data-hspacer=\"no_spacer\" data-halign=\"left\" style=\"text-align:left\"><div class=\"porto-u-main-heading\"><h2   style=\"font-family:Open Sans; font-weight:700; font-style:normal; font-weight:700;color:#231f20;margin-bottom: 20px;font-size:22px;line-height:30px;\">Read more<\/h2><\/div><\/div>[vc_single_image image=&#8221;1240937&#8243; img_size=&#8221;full&#8221; css=&#8221;.vc_custom_1619076957785{margin-bottom: 0px !important;border-bottom-width: 0px !important;padding-bottom: 0px !important;}&#8221; parallax_scroll=&#8221;no&#8221;][vc_wp_custommenu nav_menu=&#8221;182&#8243; el_class=&#8221;menu_menu&#8221;][\/vc_column][vc_column width=&#8221;1\/2&#8243; offset=&#8221;vc_col-lg-8&#8243;]<div class=\"porto-u-heading  wpb_custom_95aa9a11c17ad45cfabaf210d84ee7cc\" data-hspacer=\"no_spacer\" data-halign=\"left\" style=\"text-align:left\"><div class=\"porto-u-main-heading\"><h2   style=\"font-family:Open Sans; font-weight:700; font-style:normal; font-weight:700;color:#231f20;margin-bottom: 20px;font-size:22px;line-height:30px;\">Nasze realizacje<\/h2><\/div><div class=\"porto-u-sub-heading\" style=\"font-family:Open Sans; font-weight:; font-style:; font-weight:400;color: #575757;margin-bottom:0px;font-size:14px;line-height:24px;letter-spacing:0px;\">Haft komputerowy to innowacyjna i bardzo wydajna metoda zdobienia odzie\u017cy, kt\u00f3ra charakteryzuje si\u0119 tr\u00f3jwymiarowym, wypuk\u0142ym wzornictwem. Stosuje si\u0119 go mi\u0119dzy innymi na koszulkach polo, bluzach, polarach, kurtkach, kamizelkach, czapkach z daszkiem, koszulach i wielu innych.<\/p>\n<p>Ta metoda jest uwa\u017cana za najbardziej eleganck\u0105, jako\u015bciow\u0105 i trwa\u0142\u0105 form\u0119 zdobienia. Odzie\u017c z haftem jest postrzegana jako produkt presti\u017cowy \u2013 stosowana niezwykle cz\u0119sto przez wielkie i uznane marki przy produkcji odzie\u017cy premium.<\/div><\/div>[\/vc_column][\/vc_row][vc_row][vc_column][vc_media_grid style=&#8221;load-more&#8221; items_per_page=&#8221;6&#8243; gap=&#8221;25&#8243; item=&#8221;masonryMedia_Default&#8221; btn_title=&#8221;Poka\u017c wi\u0119cej szczeg\u00f3\u0142\u00f3w&#8221; btn_style=&#8221;modern&#8221; btn_color=&#8221;default&#8221; btn_size=&#8221;xs&#8221; btn_align=&#8221;center&#8221; initial_loading_animation=&#8221;none&#8221; grid_id=&#8221;vc_gid:1687255485749-afe3fae9-4802-5&#8243; include=&#8221;1241195,1241198,1241201,1241204,1241207,1241210,1241213,1241216,1241219,1241222,1241225,1241228,1241231,1241234,1241237,1241240,1241243,1241246,1241249,1241252,1241255,1241258,1241261,1241264,1241267,1241270,1241273,1241276&#8243;][\/vc_column][\/vc_row]<\/p>\n","protected":false},"excerpt":{"rendered":"<p>[vc_row mobile_bg_img_hidden=&#8221;no&#8221; tablet_bg_img_hidden=&#8221;no&#8221; woodmart_parallax=&#8221;0&#8243; woodmart_gradient_switch=&#8221;no&#8221; row_reverse_mobile=&#8221;0&#8243; row_reverse_tablet=&#8221;0&#8243; woodmart_disable_overflow=&#8221;0&#8243; css=&#8221;.vc_custom_1617871602441{margin-top: 49px !important;}&#8221;][vc_column width=&#8221;1\/2&#8243; offset=&#8221;vc_col-lg-4&#8243;][vc_single_image image=&#8221;1240937&#8243; img_size=&#8221;full&#8221; css=&#8221;.vc_custom_1619076957785{margin-bottom: 0px !important;border-bottom-width: 0px !important;padding-bottom: 0px !important;}&#8221; parallax_scroll=&#8221;no&#8221;][vc_wp_custommenu nav_menu=&#8221;182&#8243; el_class=&#8221;menu_menu&#8221;][\/vc_column][vc_column width=&#8221;1\/2&#8243; offset=&#8221;vc_col-lg-8&#8243;][\/vc_column][\/vc_row][vc_row][vc_column][vc_media_grid style=&#8221;load-more&#8221; items_per_page=&#8221;6&#8243; gap=&#8221;25&#8243; item=&#8221;masonryMedia_Default&#8221; btn_title=&#8221;Poka\u017c wi\u0119cej szczeg\u00f3\u0142\u00f3w&#8221; btn_style=&#8221;modern&#8221; btn_color=&#8221;default&#8221; btn_size=&#8221;xs&#8221; btn_align=&#8221;center&#8221; initial_loading_animation=&#8221;none&#8221; grid_id=&#8221;vc_gid:1687255485749-afe3fae9-4802-5&#8243; include=&#8221;1241195,1241198,1241201,1241204,1241207,1241210,1241213,1241216,1241219,1241222,1241225,1241228,1241231,1241234,1241237,1241240,1241243,1241246,1241249,1241252,1241255,1241258,1241261,1241264,1241267,1241270,1241273,1241276&#8243;][\/vc_column][\/vc_row]<\/p>\n","protected":false},"author":1,"featured_media":0,"parent":731415,"menu_order":3,"comment_status":"closed","ping_status":"closed","template":"","meta":[],"_links":{"self":[{"href":"https:\/\/universeproduction.com\/pl\/wp-json\/wp\/v2\/pages\/731427"}],"collection":[{"href":"https:\/\/universeproduction.com\/pl\/wp-json\/wp\/v2\/pages"}],"about":[{"href":"https:\/\/universeproduction.com\/pl\/wp-json\/wp\/v2\/types\/page"}],"author":[{"embeddable":true,"href":"https:\/\/universeproduction.com\/pl\/wp-json\/wp\/v2\/users\/1"}],"replies":[{"embeddable":true,"href":"https:\/\/universeproduction.com\/pl\/wp-json\/wp\/v2\/comments?post=731427"}],"version-history":[{"count":7,"href":"https:\/\/universeproduction.com\/pl\/wp-json\/wp\/v2\/pages\/731427\/revisions"}],"predecessor-version":[{"id":1241421,"href":"https:\/\/universeproduction.com\/pl\/wp-json\/wp\/v2\/pages\/731427\/revisions\/1241421"}],"up":[{"embeddable":true,"href":"https:\/\/universeproduction.com\/pl\/wp-json\/wp\/v2\/pages\/731415"}],"wp:attachment":[{"href":"https:\/\/universeproduction.com\/pl\/wp-json\/wp\/v2\/media?parent=731427"}],"curies":[{"name":"wp","href":"https:\/\/api.w.org\/{rel}","templated":true}]}}