{"id":731409,"date":"2021-10-11T06:08:18","date_gmt":"2021-10-11T06:08:18","guid":{"rendered":"https:\/\/universeproduction.eu\/zdobienia\/flex-flock\/nasze-realizacje\/"},"modified":"2023-03-20T14:06:13","modified_gmt":"2023-03-20T14:06:13","slug":"nasze-realizacje","status":"publish","type":"page","link":"https:\/\/universeproduction.com\/pl\/zdobienia\/flex-flock\/nasze-realizacje\/","title":{"rendered":"Nasze realizacje"},"content":{"rendered":"<p>[vc_row mobile_bg_img_hidden=&#8221;no&#8221; tablet_bg_img_hidden=&#8221;no&#8221; woodmart_parallax=&#8221;0&#8243; woodmart_gradient_switch=&#8221;no&#8221; row_reverse_mobile=&#8221;0&#8243; row_reverse_tablet=&#8221;0&#8243; woodmart_disable_overflow=&#8221;0&#8243; css=&#8221;.vc_custom_1617871602441{margin-top: 49px !important;}&#8221;][vc_column width=&#8221;1\/2&#8243; offset=&#8221;vc_col-lg-4&#8243;]<div class=\"porto-u-heading  wpb_custom_95aa9a11c17ad45cfabaf210d84ee7cc\" data-hspacer=\"no_spacer\" data-halign=\"left\" style=\"text-align:left\"><div class=\"porto-u-main-heading\"><h2   style=\"font-family:Open Sans; font-weight:700; font-style:normal; font-weight:700;color:#231f20;margin-bottom: 20px;font-size:22px;line-height:30px;\">Read more<\/h2><\/div><\/div>[vc_single_image image=&#8221;1240937&#8243; img_size=&#8221;full&#8221; css=&#8221;.vc_custom_1619080885172{margin-bottom: 0px !important;border-bottom-width: 0px !important;padding-bottom: 0px !important;}&#8221; parallax_scroll=&#8221;no&#8221;][vc_wp_custommenu nav_menu=&#8221;181&#8243; el_class=&#8221;menu_menu&#8221;][\/vc_column][vc_column width=&#8221;1\/2&#8243; offset=&#8221;vc_col-lg-8&#8243;]<div class=\"porto-u-heading  wpb_custom_95aa9a11c17ad45cfabaf210d84ee7cc\" data-hspacer=\"no_spacer\" data-halign=\"left\" style=\"text-align:left\"><div class=\"porto-u-main-heading\"><h2   style=\"font-family:Open Sans; font-weight:700; font-style:normal; font-weight:700;color:#231f20;margin-bottom: 20px;font-size:22px;line-height:30px;\">Nasze realizacje<\/h2><\/div><div class=\"porto-u-sub-heading\" style=\"font-family:Open Sans; font-weight:; font-style:; font-weight:400;color: #575757;margin-bottom:0px;font-size:14px;line-height:24px;letter-spacing:0px;\">Specjalne folie s\u0105 wycinane przez sterowany komputerowo ploter tn\u0105cy a nast\u0119pnie przenoszone na odzie\u017c przy pomocy temperatury. W wi\u0119kszo\u015bci przypadk\u00f3w folia transportowa jest klej\u0105ca, co u\u0142atwia pozycjonowanie nadruk\u00f3w. Pod spodem w\u0142a\u015bciwej folii znajduje si\u0119 niewyczuwalna warstwa kleju, aktywuj\u0105ca si\u0119 dopiero pod wp\u0142ywem wysokiej temperatury<\/div><\/div>[\/vc_column][\/vc_row][vc_row][vc_column][vc_media_grid style=&#8221;load-more&#8221; items_per_page=&#8221;4&#8243; element_width=&#8221;6&#8243; gap=&#8221;25&#8243; item=&#8221;masonryMedia_Default&#8221; btn_title=&#8221;Poka\u017c wi\u0119cej szczeg\u00f3\u0142\u00f3w&#8221; btn_style=&#8221;modern&#8221; btn_color=&#8221;default&#8221; btn_size=&#8221;xs&#8221; btn_align=&#8221;center&#8221; grid_id=&#8221;vc_gid:1679320917617-5e7430e1-525c-3&#8243; include=&#8221;1241167,1241170,1241173,1241176,1241179&#8243;][\/vc_column][\/vc_row]<\/p>\n","protected":false},"excerpt":{"rendered":"<p>[vc_row mobile_bg_img_hidden=&#8221;no&#8221; tablet_bg_img_hidden=&#8221;no&#8221; woodmart_parallax=&#8221;0&#8243; woodmart_gradient_switch=&#8221;no&#8221; row_reverse_mobile=&#8221;0&#8243; row_reverse_tablet=&#8221;0&#8243; woodmart_disable_overflow=&#8221;0&#8243; css=&#8221;.vc_custom_1617871602441{margin-top: 49px !important;}&#8221;][vc_column width=&#8221;1\/2&#8243; offset=&#8221;vc_col-lg-4&#8243;][vc_single_image image=&#8221;1240937&#8243; img_size=&#8221;full&#8221; css=&#8221;.vc_custom_1619080885172{margin-bottom: 0px !important;border-bottom-width: 0px !important;padding-bottom: 0px !important;}&#8221; parallax_scroll=&#8221;no&#8221;][vc_wp_custommenu nav_menu=&#8221;181&#8243; el_class=&#8221;menu_menu&#8221;][\/vc_column][vc_column width=&#8221;1\/2&#8243; offset=&#8221;vc_col-lg-8&#8243;][\/vc_column][\/vc_row][vc_row][vc_column][vc_media_grid style=&#8221;load-more&#8221; items_per_page=&#8221;4&#8243; element_width=&#8221;6&#8243; gap=&#8221;25&#8243; item=&#8221;masonryMedia_Default&#8221; btn_title=&#8221;Poka\u017c wi\u0119cej szczeg\u00f3\u0142\u00f3w&#8221; btn_style=&#8221;modern&#8221; btn_color=&#8221;default&#8221; btn_size=&#8221;xs&#8221; btn_align=&#8221;center&#8221; grid_id=&#8221;vc_gid:1679320917617-5e7430e1-525c-3&#8243; include=&#8221;1241167,1241170,1241173,1241176,1241179&#8243;][\/vc_column][\/vc_row]<\/p>\n","protected":false},"author":1,"featured_media":0,"parent":731403,"menu_order":1,"comment_status":"closed","ping_status":"closed","template":"","meta":[],"_links":{"self":[{"href":"https:\/\/universeproduction.com\/pl\/wp-json\/wp\/v2\/pages\/731409"}],"collection":[{"href":"https:\/\/universeproduction.com\/pl\/wp-json\/wp\/v2\/pages"}],"about":[{"href":"https:\/\/universeproduction.com\/pl\/wp-json\/wp\/v2\/types\/page"}],"author":[{"embeddable":true,"href":"https:\/\/universeproduction.com\/pl\/wp-json\/wp\/v2\/users\/1"}],"replies":[{"embeddable":true,"href":"https:\/\/universeproduction.com\/pl\/wp-json\/wp\/v2\/comments?post=731409"}],"version-history":[{"count":2,"href":"https:\/\/universeproduction.com\/pl\/wp-json\/wp\/v2\/pages\/731409\/revisions"}],"predecessor-version":[{"id":1241183,"href":"https:\/\/universeproduction.com\/pl\/wp-json\/wp\/v2\/pages\/731409\/revisions\/1241183"}],"up":[{"embeddable":true,"href":"https:\/\/universeproduction.com\/pl\/wp-json\/wp\/v2\/pages\/731403"}],"wp:attachment":[{"href":"https:\/\/universeproduction.com\/pl\/wp-json\/wp\/v2\/media?parent=731409"}],"curies":[{"name":"wp","href":"https:\/\/api.w.org\/{rel}","templated":true}]}}