{"id":731397,"date":"2021-10-11T05:53:12","date_gmt":"2021-10-11T05:53:12","guid":{"rendered":"https:\/\/universeproduction.eu\/zdobienia\/sublimacja\/nasze-realizacje\/"},"modified":"2023-03-20T14:44:39","modified_gmt":"2023-03-20T14:44:39","slug":"nasze-realizacje","status":"publish","type":"page","link":"https:\/\/universeproduction.com\/pl\/zdobienia\/sublimacja\/nasze-realizacje\/","title":{"rendered":"Nasze realizacje"},"content":{"rendered":"<p>[vc_row][vc_column]<div class=\"porto-u-heading  wpb_custom_95aa9a11c17ad45cfabaf210d84ee7cc\" data-hspacer=\"no_spacer\" data-halign=\"center\" style=\"text-align:center\"><div class=\"porto-u-main-heading\"><h1  >Realizacje sublimacja<\/h1><\/div><\/div>[\/vc_column][\/vc_row][vc_row mobile_bg_img_hidden=&#8221;no&#8221; tablet_bg_img_hidden=&#8221;no&#8221; woodmart_parallax=&#8221;0&#8243; woodmart_gradient_switch=&#8221;no&#8221; row_reverse_mobile=&#8221;0&#8243; row_reverse_tablet=&#8221;0&#8243; woodmart_disable_overflow=&#8221;0&#8243; css=&#8221;.vc_custom_1617871602441{margin-top: 49px !important;}&#8221;][vc_column width=&#8221;1\/2&#8243; offset=&#8221;vc_col-lg-4&#8243;]<div class=\"porto-u-heading  wpb_custom_95aa9a11c17ad45cfabaf210d84ee7cc\" data-hspacer=\"no_spacer\" data-halign=\"left\" style=\"text-align:left\"><div class=\"porto-u-main-heading\"><h2   style=\"font-family:Open Sans; font-weight:700; font-style:normal; font-weight:700;color:#231f20;margin-bottom: 20px;font-size:22px;line-height:30px;\">Dowiedz si\u0119 wi\u0119cej<\/h2><\/div><\/div>[vc_single_image image=&#8221;1240937&#8243; img_size=&#8221;full&#8221; css=&#8221;.vc_custom_1619079286288{margin-bottom: 0px !important;border-bottom-width: 0px !important;padding-bottom: 0px !important;}&#8221; parallax_scroll=&#8221;no&#8221;][vc_wp_custommenu nav_menu=&#8221;184&#8243; el_class=&#8221;menu_menu&#8221;][\/vc_column][vc_column width=&#8221;1\/2&#8243; offset=&#8221;vc_col-lg-8&#8243;]<div class=\"porto-u-heading  wpb_custom_95aa9a11c17ad45cfabaf210d84ee7cc\" data-hspacer=\"no_spacer\" data-halign=\"left\" style=\"text-align:left\"><div class=\"porto-u-main-heading\"><h2   style=\"font-family:Open Sans; font-weight:700; font-style:normal; font-weight:700;color:#231f20;margin-bottom: 20px;font-size:22px;line-height:30px;\">Nasze realizacje sublimacj\u0105<\/h2><\/div><div class=\"porto-u-sub-heading\" style=\"font-family:Open Sans; font-weight:; font-style:; font-weight:400;color: #575757;margin-bottom:0px;font-size:14px;line-height:24px;letter-spacing:0px;\">Sublimacja \u2013 technologia druku dedykowana mi\u0119dzy innymi do znakowania odzie\u017cy poliestrowej w tym sportowej, popularna r\u00f3wnie\u017c w zdobieniu kubk\u00f3w.<\/p>\n<p>Pierwszym etapem produkcji jest wykonanie cyfrowego wydruku na specjalnym papierze przy u\u017cyciu nowoczesnej drukarki tj. np. Epson Surecolour SC-F6200.<\/p>\n<p>Kolejn\u0105 czynno\u015bci\u0105 jest przeniesienie wydrukowanej grafiki na docelow\u0105 powierzchni\u0119 poliestrow\u0105. Odbywa si\u0119 to za pomoc\u0105 specjalnych pras transferowych, kt\u00f3re za pomoc\u0105 wysokiej temperatury aktywuj\u0105 barwniki trwale \u0142\u0105cz\u0105c je z tkanin\u0105.<\/div><\/div>[\/vc_column][\/vc_row][vc_row][vc_column][vc_media_grid style=&#8221;load-more&#8221; items_per_page=&#8221;6&#8243; gap=&#8221;25&#8243; item=&#8221;masonryMedia_Default&#8221; btn_title=&#8221;Poka\u017c wi\u0119cej szczeg\u00f3\u0142\u00f3w&#8221; btn_style=&#8221;modern&#8221; btn_color=&#8221;default&#8221; btn_size=&#8221;xs&#8221; btn_align=&#8221;center&#8221; grid_id=&#8221;vc_gid:1679323458491-28819299-dad1-0&#8243; include=&#8221;2563,2554,1240110,1240104,1240101,1240098,1240095,1240092,1240089,1240086,1240083,1240080,1240049,1240052,1240055,1240058,1240061,1240064,1240067,1240070,1240074,1240077,1240046,1240043,1240040,1240037&#8243;][\/vc_column][\/vc_row][vc_row][vc_column][vc_column_text][\/vc_column_text][\/vc_column][\/vc_row]<\/p>\n","protected":false},"excerpt":{"rendered":"<p>[vc_row][vc_column][\/vc_column][\/vc_row][vc_row mobile_bg_img_hidden=&#8221;no&#8221; tablet_bg_img_hidden=&#8221;no&#8221; woodmart_parallax=&#8221;0&#8243; woodmart_gradient_switch=&#8221;no&#8221; row_reverse_mobile=&#8221;0&#8243; row_reverse_tablet=&#8221;0&#8243; woodmart_disable_overflow=&#8221;0&#8243; css=&#8221;.vc_custom_1617871602441{margin-top: 49px !important;}&#8221;][vc_column width=&#8221;1\/2&#8243; offset=&#8221;vc_col-lg-4&#8243;][vc_single_image image=&#8221;1240937&#8243; img_size=&#8221;full&#8221; css=&#8221;.vc_custom_1619079286288{margin-bottom: 0px !important;border-bottom-width: 0px !important;padding-bottom: 0px !important;}&#8221; parallax_scroll=&#8221;no&#8221;][vc_wp_custommenu nav_menu=&#8221;184&#8243; el_class=&#8221;menu_menu&#8221;][\/vc_column][vc_column width=&#8221;1\/2&#8243; offset=&#8221;vc_col-lg-8&#8243;][\/vc_column][\/vc_row][vc_row][vc_column][vc_media_grid style=&#8221;load-more&#8221; items_per_page=&#8221;6&#8243; gap=&#8221;25&#8243; item=&#8221;masonryMedia_Default&#8221; btn_title=&#8221;Poka\u017c wi\u0119cej szczeg\u00f3\u0142\u00f3w&#8221; btn_style=&#8221;modern&#8221; btn_color=&#8221;default&#8221; btn_size=&#8221;xs&#8221; btn_align=&#8221;center&#8221; grid_id=&#8221;vc_gid:1679323458491-28819299-dad1-0&#8243; include=&#8221;2563,2554,1240110,1240104,1240101,1240098,1240095,1240092,1240089,1240086,1240083,1240080,1240049,1240052,1240055,1240058,1240061,1240064,1240067,1240070,1240074,1240077,1240046,1240043,1240040,1240037&#8243;][\/vc_column][\/vc_row][vc_row][vc_column][vc_column_text][\/vc_column_text][\/vc_column][\/vc_row]<\/p>\n","protected":false},"author":1,"featured_media":0,"parent":731391,"menu_order":2,"comment_status":"closed","ping_status":"closed","template":"","meta":[],"_links":{"self":[{"href":"https:\/\/universeproduction.com\/pl\/wp-json\/wp\/v2\/pages\/731397"}],"collection":[{"href":"https:\/\/universeproduction.com\/pl\/wp-json\/wp\/v2\/pages"}],"about":[{"href":"https:\/\/universeproduction.com\/pl\/wp-json\/wp\/v2\/types\/page"}],"author":[{"embeddable":true,"href":"https:\/\/universeproduction.com\/pl\/wp-json\/wp\/v2\/users\/1"}],"replies":[{"embeddable":true,"href":"https:\/\/universeproduction.com\/pl\/wp-json\/wp\/v2\/comments?post=731397"}],"version-history":[{"count":5,"href":"https:\/\/universeproduction.com\/pl\/wp-json\/wp\/v2\/pages\/731397\/revisions"}],"predecessor-version":[{"id":1241191,"href":"https:\/\/universeproduction.com\/pl\/wp-json\/wp\/v2\/pages\/731397\/revisions\/1241191"}],"up":[{"embeddable":true,"href":"https:\/\/universeproduction.com\/pl\/wp-json\/wp\/v2\/pages\/731391"}],"wp:attachment":[{"href":"https:\/\/universeproduction.com\/pl\/wp-json\/wp\/v2\/media?parent=731397"}],"curies":[{"name":"wp","href":"https:\/\/api.w.org\/{rel}","templated":true}]}}