{"id":731385,"date":"2021-10-11T05:38:26","date_gmt":"2021-10-11T05:38:26","guid":{"rendered":"https:\/\/universeproduction.eu\/zdobienia\/sitodruk\/nasze-realizacje\/"},"modified":"2023-03-20T14:33:43","modified_gmt":"2023-03-20T14:33:43","slug":"nasze-realizacje","status":"publish","type":"page","link":"https:\/\/universeproduction.com\/pl\/zdobienia\/sitodruk\/nasze-realizacje\/","title":{"rendered":"Nasze realizacje"},"content":{"rendered":"<p>[vc_row][vc_column]<div class=\"porto-u-heading  wpb_custom_95aa9a11c17ad45cfabaf210d84ee7cc\" data-hspacer=\"no_spacer\" data-halign=\"center\" style=\"text-align:center\"><div class=\"porto-u-main-heading\"><h1  >Realizacje sitodruk<\/h1><\/div><\/div>[\/vc_column][\/vc_row][vc_row mobile_bg_img_hidden=&#8221;no&#8221; tablet_bg_img_hidden=&#8221;no&#8221; woodmart_parallax=&#8221;0&#8243; woodmart_gradient_switch=&#8221;no&#8221; row_reverse_mobile=&#8221;0&#8243; row_reverse_tablet=&#8221;0&#8243; woodmart_disable_overflow=&#8221;0&#8243; css=&#8221;.vc_custom_1617871602441{margin-top: 49px !important;}&#8221;][vc_column width=&#8221;1\/2&#8243; offset=&#8221;vc_col-lg-4&#8243;]<div class=\"porto-u-heading  wpb_custom_95aa9a11c17ad45cfabaf210d84ee7cc\" data-hspacer=\"no_spacer\" data-halign=\"left\" style=\"text-align:left\"><div class=\"porto-u-main-heading\"><h2   style=\"font-family:Open Sans; font-weight:700; font-style:normal; font-weight:700;color:#231f20;margin-bottom: 20px;font-size:22px;line-height:30px;\">Zobacz wi\u0119cej<\/h2><\/div><\/div>[vc_single_image image=&#8221;1240937&#8243; img_size=&#8221;full&#8221; css=&#8221;.vc_custom_1619075244098{margin-bottom: 0px !important;border-bottom-width: 0px !important;padding-bottom: 0px !important;}&#8221; parallax_scroll=&#8221;no&#8221;][vc_wp_custommenu nav_menu=&#8221;183&#8243; el_class=&#8221;menu_menu&#8221;][\/vc_column][vc_column width=&#8221;1\/2&#8243; offset=&#8221;vc_col-lg-8&#8243;]<div class=\"porto-u-heading  wpb_custom_95aa9a11c17ad45cfabaf210d84ee7cc\" data-hspacer=\"no_spacer\" data-halign=\"left\" style=\"text-align:left\"><div class=\"porto-u-main-heading\"><h2   style=\"font-family:Open Sans; font-weight:700; font-style:normal; font-weight:700;color:#231f20;margin-bottom: 20px;font-size:22px;line-height:30px;\">Nasze realizacje sitodrukiem<\/h2><\/div><div class=\"porto-u-sub-heading\" style=\"font-family:Open Sans; font-weight:; font-style:; font-weight:400;color: #575757;margin-bottom:0px;font-size:14px;line-height:24px;letter-spacing:0px;\">Sitodruk to najbardziej popularna technika wykonywania nadruk\u00f3w na odzie\u017cy i innych tekstyliach. Technika druku polega na przeciskaniu farby przez form\u0119 na specjalnie przygotowanej matrycy potocznie zwanej sitem. Sito pokryte jest emulsj\u0105, na kt\u00f3rej odwzorowany jest drukowany obraz. Przeciskana farba przechodzi przez te obszary sita, kt\u00f3re nie s\u0105 pokryte emulsj\u0105. Tak powsta\u0142y wz\u00f3r przenoszony jest bezpo\u015brednio na przedmiot lub papier\/foli\u0119 w zale\u017cno\u015bci od techniki sitodruku.<\/div><\/div>[\/vc_column][\/vc_row][vc_row][vc_column][vc_media_grid style=&#8221;load-more&#8221; items_per_page=&#8221;6&#8243; btn_style=&#8221;modern&#8221; btn_color=&#8221;default&#8221; btn_size=&#8221;xs&#8221; grid_id=&#8221;vc_gid:1679322737383-c75c66bc-97b4-4&#8243; include=&#8221;1240067,1240107,1240101,1241009,1241012,1241015,1241018,1241021,1241024,1241027,1241030,1241033,1241036,1241039,1241042,1241045,1241048,1241051,1241054,1241057,1241060,1241063,1241066,1241069,1241072,1241075,1241078,1241081,1241084,1241090,1241093,1241096,1241099,1241102,1241105,1241108,1241111,1241114,1241117,1241120,1241123,1241126,1241129,1241132,1241135&#8243;][\/vc_column][\/vc_row][vc_row][vc_column][vc_column_text][\/vc_column_text][\/vc_column][\/vc_row]<\/p>\n","protected":false},"excerpt":{"rendered":"<p>[vc_row][vc_column][\/vc_column][\/vc_row][vc_row mobile_bg_img_hidden=&#8221;no&#8221; tablet_bg_img_hidden=&#8221;no&#8221; woodmart_parallax=&#8221;0&#8243; woodmart_gradient_switch=&#8221;no&#8221; row_reverse_mobile=&#8221;0&#8243; row_reverse_tablet=&#8221;0&#8243; woodmart_disable_overflow=&#8221;0&#8243; css=&#8221;.vc_custom_1617871602441{margin-top: 49px !important;}&#8221;][vc_column width=&#8221;1\/2&#8243; offset=&#8221;vc_col-lg-4&#8243;][vc_single_image image=&#8221;1240937&#8243; img_size=&#8221;full&#8221; css=&#8221;.vc_custom_1619075244098{margin-bottom: 0px !important;border-bottom-width: 0px !important;padding-bottom: 0px !important;}&#8221; parallax_scroll=&#8221;no&#8221;][vc_wp_custommenu nav_menu=&#8221;183&#8243; el_class=&#8221;menu_menu&#8221;][\/vc_column][vc_column width=&#8221;1\/2&#8243; offset=&#8221;vc_col-lg-8&#8243;][\/vc_column][\/vc_row][vc_row][vc_column][vc_media_grid style=&#8221;load-more&#8221; items_per_page=&#8221;6&#8243; btn_style=&#8221;modern&#8221; btn_color=&#8221;default&#8221; btn_size=&#8221;xs&#8221; grid_id=&#8221;vc_gid:1679322737383-c75c66bc-97b4-4&#8243; include=&#8221;1240067,1240107,1240101,1241009,1241012,1241015,1241018,1241021,1241024,1241027,1241030,1241033,1241036,1241039,1241042,1241045,1241048,1241051,1241054,1241057,1241060,1241063,1241066,1241069,1241072,1241075,1241078,1241081,1241084,1241090,1241093,1241096,1241099,1241102,1241105,1241108,1241111,1241114,1241117,1241120,1241123,1241126,1241129,1241132,1241135&#8243;][\/vc_column][\/vc_row][vc_row][vc_column][vc_column_text][\/vc_column_text][\/vc_column][\/vc_row]<\/p>\n","protected":false},"author":1,"featured_media":0,"parent":731375,"menu_order":2,"comment_status":"closed","ping_status":"closed","template":"","meta":[],"_links":{"self":[{"href":"https:\/\/universeproduction.com\/pl\/wp-json\/wp\/v2\/pages\/731385"}],"collection":[{"href":"https:\/\/universeproduction.com\/pl\/wp-json\/wp\/v2\/pages"}],"about":[{"href":"https:\/\/universeproduction.com\/pl\/wp-json\/wp\/v2\/types\/page"}],"author":[{"embeddable":true,"href":"https:\/\/universeproduction.com\/pl\/wp-json\/wp\/v2\/users\/1"}],"replies":[{"embeddable":true,"href":"https:\/\/universeproduction.com\/pl\/wp-json\/wp\/v2\/comments?post=731385"}],"version-history":[{"count":12,"href":"https:\/\/universeproduction.com\/pl\/wp-json\/wp\/v2\/pages\/731385\/revisions"}],"predecessor-version":[{"id":1241187,"href":"https:\/\/universeproduction.com\/pl\/wp-json\/wp\/v2\/pages\/731385\/revisions\/1241187"}],"up":[{"embeddable":true,"href":"https:\/\/universeproduction.com\/pl\/wp-json\/wp\/v2\/pages\/731375"}],"wp:attachment":[{"href":"https:\/\/universeproduction.com\/pl\/wp-json\/wp\/v2\/media?parent=731385"}],"curies":[{"name":"wp","href":"https:\/\/api.w.org\/{rel}","templated":true}]}}