{"id":731369,"date":"2021-10-10T21:45:14","date_gmt":"2021-10-10T21:45:14","guid":{"rendered":"https:\/\/universeproduction.eu\/szwalnia\/nasze-realizacje\/"},"modified":"2023-01-05T05:48:26","modified_gmt":"2023-01-05T05:48:26","slug":"nasze-realizacje","status":"publish","type":"page","link":"https:\/\/universeproduction.com\/pl\/szwalnia\/nasze-realizacje\/","title":{"rendered":"Nasze realizacje"},"content":{"rendered":"<p>[vc_row mobile_bg_img_hidden=&#8221;no&#8221; tablet_bg_img_hidden=&#8221;no&#8221; woodmart_parallax=&#8221;0&#8243; woodmart_gradient_switch=&#8221;no&#8221; row_reverse_mobile=&#8221;0&#8243; row_reverse_tablet=&#8221;0&#8243; woodmart_disable_overflow=&#8221;0&#8243; css=&#8221;.vc_custom_1617871602441{margin-top: 49px !important;}&#8221;][vc_column width=&#8221;1\/2&#8243; offset=&#8221;vc_col-lg-4&#8243;]<div class=\"porto-u-heading  wpb_custom_95aa9a11c17ad45cfabaf210d84ee7cc\" data-hspacer=\"no_spacer\" data-halign=\"left\" style=\"text-align:left\"><div class=\"porto-u-main-heading\"><h2   style=\"font-family:Open Sans; font-weight:700; font-style:normal; font-weight:700;color:#231f20;margin-bottom: 20px;font-size:22px;line-height:30px;\">Dowiedz si\u0119 wi\u0119cej<\/h2><\/div><\/div>[vc_single_image image=&#8221;2328&#8243; img_size=&#8221;full&#8221; css=&#8221;.vc_custom_1617874040782{margin-bottom: 0px !important;border-bottom-width: 0px !important;padding-bottom: 0px !important;}&#8221; parallax_scroll=&#8221;no&#8221;][vc_wp_custommenu nav_menu=&#8221;185&#8243; el_class=&#8221;menu_menu&#8221;][\/vc_column][vc_column width=&#8221;1\/2&#8243; offset=&#8221;vc_col-lg-8&#8243;]<div class=\"porto-u-heading  wpb_custom_95aa9a11c17ad45cfabaf210d84ee7cc\" data-hspacer=\"no_spacer\" data-halign=\"left\" style=\"text-align:left\"><div class=\"porto-u-main-heading\"><h2   style=\"font-family:Open Sans; font-weight:700; font-style:normal; font-weight:700;color:#231f20;margin-bottom: 20px;font-size:22px;line-height:30px;\">Uszyjemy odzie\u017c w ca\u0142o\u015bci zadrukowan\u0105!<\/h2><\/div><div class=\"porto-u-sub-heading\" style=\"font-family:Open Sans; font-weight:; font-style:; font-weight:400;color: #575757;margin-bottom:0px;font-size:14px;line-height:24px;letter-spacing:0px;\">Jeste\u015bmy producentem odzie\u017cy sublimowanej fullprintowej. Skontaktuj si\u0119 z nami i pozw\u00f3l naszym specjalistom si\u0119 wykaza\u0107! Zaprojektujemy i uszyjemy pe\u0142n\u0105 kolor\u00f3w, w ca\u0142o\u015bci zadrukowan\u0105 odzie\u017c wed\u0142ug Twoich wytycznych!<\/p>\n<p>Realizujemy projekty od koncepcji poprzez projekt graficzny, nadruk, pakowanie a\u017c do wysy\u0142ki pod konkretny adres.<\/div><\/div>[\/vc_column][\/vc_row][vc_row][vc_column][vc_media_grid grid_id=&#8221;vc_gid:1672897664133-74af003f-c997-6&#8243; include=&#8221;1240034,1240037,1240040,1240043,1240046,1240049,1240052,1240055,1240058,1240061,1240064,1240067,1240070,1240074,1240077,1240080,1240083,1240086,1240089,1240092,1240095,1240101,1240107,1240110&#8243;][\/vc_column][\/vc_row]<\/p>\n","protected":false},"excerpt":{"rendered":"<p>[vc_row mobile_bg_img_hidden=&#8221;no&#8221; tablet_bg_img_hidden=&#8221;no&#8221; woodmart_parallax=&#8221;0&#8243; woodmart_gradient_switch=&#8221;no&#8221; row_reverse_mobile=&#8221;0&#8243; row_reverse_tablet=&#8221;0&#8243; woodmart_disable_overflow=&#8221;0&#8243; css=&#8221;.vc_custom_1617871602441{margin-top: 49px !important;}&#8221;][vc_column width=&#8221;1\/2&#8243; offset=&#8221;vc_col-lg-4&#8243;][vc_single_image image=&#8221;2328&#8243; img_size=&#8221;full&#8221; css=&#8221;.vc_custom_1617874040782{margin-bottom: 0px !important;border-bottom-width: 0px !important;padding-bottom: 0px !important;}&#8221; parallax_scroll=&#8221;no&#8221;][vc_wp_custommenu nav_menu=&#8221;185&#8243; el_class=&#8221;menu_menu&#8221;][\/vc_column][vc_column width=&#8221;1\/2&#8243; offset=&#8221;vc_col-lg-8&#8243;][\/vc_column][\/vc_row][vc_row][vc_column][vc_media_grid grid_id=&#8221;vc_gid:1672897664133-74af003f-c997-6&#8243; include=&#8221;1240034,1240037,1240040,1240043,1240046,1240049,1240052,1240055,1240058,1240061,1240064,1240067,1240070,1240074,1240077,1240080,1240083,1240086,1240089,1240092,1240095,1240101,1240107,1240110&#8243;][\/vc_column][\/vc_row]<\/p>\n","protected":false},"author":1,"featured_media":0,"parent":731307,"menu_order":9,"comment_status":"closed","ping_status":"closed","template":"","meta":[],"_links":{"self":[{"href":"https:\/\/universeproduction.com\/pl\/wp-json\/wp\/v2\/pages\/731369"}],"collection":[{"href":"https:\/\/universeproduction.com\/pl\/wp-json\/wp\/v2\/pages"}],"about":[{"href":"https:\/\/universeproduction.com\/pl\/wp-json\/wp\/v2\/types\/page"}],"author":[{"embeddable":true,"href":"https:\/\/universeproduction.com\/pl\/wp-json\/wp\/v2\/users\/1"}],"replies":[{"embeddable":true,"href":"https:\/\/universeproduction.com\/pl\/wp-json\/wp\/v2\/comments?post=731369"}],"version-history":[{"count":1,"href":"https:\/\/universeproduction.com\/pl\/wp-json\/wp\/v2\/pages\/731369\/revisions"}],"predecessor-version":[{"id":1240150,"href":"https:\/\/universeproduction.com\/pl\/wp-json\/wp\/v2\/pages\/731369\/revisions\/1240150"}],"up":[{"embeddable":true,"href":"https:\/\/universeproduction.com\/pl\/wp-json\/wp\/v2\/pages\/731307"}],"wp:attachment":[{"href":"https:\/\/universeproduction.com\/pl\/wp-json\/wp\/v2\/media?parent=731369"}],"curies":[{"name":"wp","href":"https:\/\/api.w.org\/{rel}","templated":true}]}}