{"id":731356,"date":"2021-10-10T21:37:40","date_gmt":"2021-10-10T21:37:40","guid":{"rendered":"https:\/\/universeproduction.eu\/polski-produkt\/"},"modified":"2021-10-10T21:37:46","modified_gmt":"2021-10-10T21:37:46","slug":"polski-produkt","status":"publish","type":"page","link":"https:\/\/universeproduction.com\/pl\/polski-produkt\/","title":{"rendered":"Polski produkt"},"content":{"rendered":"<p>[vc_row gap=&#8221;35&#8243; full_height=&#8221;yes&#8221; equal_height=&#8221;yes&#8221; content_placement=&#8221;middle&#8221; css=&#8221;.vc_custom_1624887330718{margin-top: 100px !important;}&#8221; animation_type=&#8221;fadeInUp&#8221;][vc_column width=&#8221;2\/3&#8243;]<div class=\"porto-u-heading  wpb_custom_9861cbc9a212d636dd1071ae7e24e43b\" data-hspacer=\"no_spacer\" data-halign=\"left\" style=\"text-align:left\"><div class=\"porto-u-main-heading\"><h2   style=\"color:#000000;margin-bottom: 20px;\">Manchester P\u00f3\u0142nocy<\/h2><\/div><div class=\"porto-u-sub-heading\" style=\"color: #575757;\">Bia\u0142ystok od lat by\u0142 zwi\u0105zany z przemys\u0142em w\u0142\u00f3kienniczym. Ju\u017c w XIX wieku produkowano tutaj sukno, jedwab, tkaniny we\u0142niane, czy te\u017c kapelusze. <strong>W swoim z\u0142otym okresie Bia\u0142ostocki Okr\u0119g Przemys\u0142owy zosta\u0142 okre\u015blony Manchesterem P\u00f3\u0142nocy.<\/strong> By\u0142 to jeden z najwi\u0119kszych o\u015brodk\u00f3w przemys\u0142owych, z kt\u00f3rego eksportowano towary do wielu kraj\u00f3w Europy.<br \/>\nW czasach mi\u0119dzywojnia Bia\u0142ystok by\u0142 jednym z trzech najwi\u0119kszych o\u015brodk\u00f3w przemys\u0142u w\u0142\u00f3kienniczego w Polsce. Za\u015b po nastaniu PRL-u mocno ucierpia\u0142.<\/p>\n<p><strong>Jednak nasza szwalnia za\u0142o\u017cona ponad 20 lat temu z lokalnego zak\u0142adu sta\u0142a si\u0119 liderem w swojej dziedzinie na Podlasiu.<\/strong> Dzi\u015b ju\u017c nie tylko szyjemy, ale r\u00f3wnie\u017c robimy nadruki, hafty i aplikacje na odzie\u017cy realizuj\u0105c projekty na ca\u0142\u0105 Polsk\u0119 i Europ\u0119.<\/p>\n<p><strong>Jeste\u015bmy dumni z naszych korzeni i z sentymentem patrzymy wstecz.<\/strong> Wierzymy, \u017ce nie jest przypadkiem fakt \u2013 i\u017c w budynkach, gdzie dzia\u0142a\u0142a jedna z najwi\u0119kszych fabryk w\u0142\u00f3kienniczych w kraju \u2013 dzi\u015b mie\u015bci si\u0119 nasza siedziba, przy ul. Prz\u0119dzalnianej.<\/div><\/div>[\/vc_column][vc_column width=&#8221;1\/3&#8243;][vc_single_image image=&#8221;731098&#8243; img_size=&#8221;full&#8221; alignment=&#8221;center&#8221;][\/vc_column][\/vc_row][vc_row css=&#8221;.vc_custom_1624887316580{margin-top: 150px !important;margin-bottom: 50px !important;}&#8221;][vc_column width=&#8221;1\/4&#8243;][vc_single_image image=&#8221;2593&#8243; img_size=&#8221;full&#8221; alignment=&#8221;center&#8221;][\/vc_column][vc_column width=&#8221;3\/4&#8243;]<div class=\"porto-u-heading  wpb_custom_9861cbc9a212d636dd1071ae7e24e43b\" data-hspacer=\"no_spacer\" data-halign=\"left\" style=\"text-align:left\"><div class=\"porto-u-main-heading\"><h2   style=\"color:#000000;margin-bottom: 20px;\">Posiadamy Certyfikat Polski Produkt<\/h2><\/div><div class=\"porto-u-sub-heading\" style=\"color: #575757;\">Certyfikat Polski Produkt gwarantuje, \u017ce:<\/p>\n<ul>\n<li>mamy siedzib\u0119 w Polsce<\/li>\n<li>w\u0142a\u015bcicielem naszej firmy jest polski przedsi\u0119biorca<\/li>\n<li>produkcja produkt\u00f3w znajduje si\u0119 na terenie kraju<\/li>\n<li>z wykorzystaniem polskich materia\u0142\u00f3w\/sk\u0142adnik\u00f3w<\/li>\n<\/ul>\n<p><\/div><\/div>[\/vc_column][\/vc_row]<\/p>\n","protected":false},"excerpt":{"rendered":"<p>[vc_row gap=&#8221;35&#8243; full_height=&#8221;yes&#8221; equal_height=&#8221;yes&#8221; content_placement=&#8221;middle&#8221; css=&#8221;.vc_custom_1624887330718{margin-top: 100px !important;}&#8221; animation_type=&#8221;fadeInUp&#8221;][vc_column width=&#8221;2\/3&#8243;][\/vc_column][vc_column width=&#8221;1\/3&#8243;][vc_single_image image=&#8221;731098&#8243; img_size=&#8221;full&#8221; alignment=&#8221;center&#8221;][\/vc_column][\/vc_row][vc_row css=&#8221;.vc_custom_1624887316580{margin-top: 150px !important;margin-bottom: 50px !important;}&#8221;][vc_column width=&#8221;1\/4&#8243;][vc_single_image image=&#8221;2593&#8243; img_size=&#8221;full&#8221; alignment=&#8221;center&#8221;][\/vc_column][vc_column width=&#8221;3\/4&#8243;][\/vc_column][\/vc_row]<\/p>\n","protected":false},"author":1,"featured_media":0,"parent":0,"menu_order":0,"comment_status":"closed","ping_status":"closed","template":"","meta":[],"_links":{"self":[{"href":"https:\/\/universeproduction.com\/pl\/wp-json\/wp\/v2\/pages\/731356"}],"collection":[{"href":"https:\/\/universeproduction.com\/pl\/wp-json\/wp\/v2\/pages"}],"about":[{"href":"https:\/\/universeproduction.com\/pl\/wp-json\/wp\/v2\/types\/page"}],"author":[{"embeddable":true,"href":"https:\/\/universeproduction.com\/pl\/wp-json\/wp\/v2\/users\/1"}],"replies":[{"embeddable":true,"href":"https:\/\/universeproduction.com\/pl\/wp-json\/wp\/v2\/comments?post=731356"}],"version-history":[{"count":0,"href":"https:\/\/universeproduction.com\/pl\/wp-json\/wp\/v2\/pages\/731356\/revisions"}],"wp:attachment":[{"href":"https:\/\/universeproduction.com\/pl\/wp-json\/wp\/v2\/media?parent=731356"}],"curies":[{"name":"wp","href":"https:\/\/api.w.org\/{rel}","templated":true}]}}