{"id":731232,"date":"2021-10-10T19:22:05","date_gmt":"2021-10-10T19:22:05","guid":{"rendered":"https:\/\/universeproduction.eu\/o-nas\/"},"modified":"2025-02-20T09:12:56","modified_gmt":"2025-02-20T09:12:56","slug":"o-nas","status":"publish","type":"page","link":"https:\/\/universeproduction.com\/pl\/o-nas\/","title":{"rendered":"O Nas"},"content":{"rendered":"<p>[vc_row wrap_container=&#8221;yes&#8221; css=&#8221;.vc_custom_1624522319339{margin-top: 150px !important;}&#8221; animation_type=&#8221;fadeIn&#8221;][vc_column offset=&#8221;vc_col-lg-offset-1 vc_col-lg-10 vc_col-md-offset-1 vc_col-md-10 vc_col-xs-12&#8243;]<div class=\"porto-u-heading  wpb_custom_7c995573d7c8fea5edba0cb65eaec1a5\" data-hspacer=\"no_spacer\" data-halign=\"center\" style=\"text-align:center\"><div class=\"porto-u-main-heading\"><h2   style=\"color:#231f20;margin-bottom: 20px;\">Jeste\u015bmy producentem odzie\u017cy ze zdobieniem<\/h2><\/div><div class=\"porto-u-sub-heading\" style=\"color: #575757;margin-bottom:50px;\">Znakujemy tekstylia wszystkimi metodami, takimi jak: sitodruk, sublimacja, druk cyfrowy, folie flex, haft. Projektujemy i szyjemy odzie\u017c oraz akcesoria dla bran\u017cy reklamowej, sportowej i biznesowej. Zar\u00f3wno ekonomiczn\u0105 jak i premium.<\/p>\n<p>Realizujemy projekty od koncepcji poprzez projekt graficzny, szycie, nadruk, a\u017c do dor\u0119czenia do zamawiaj\u0105cego. Naszym produktem jest wykonanie spersonalizowanej odzie\u017cy, kt\u00f3ra daje mo\u017cliwo\u015b\u0107 wyra\u017cenia si\u0119.<\/p>\n<p>Od ponad 20 lat dzia\u0142amy jako partner dla dzia\u0142\u00f3w marketingu, agencji reklamowych, organizator\u00f3w wydarze\u0144 sportowych, marek modowych. Kr\u00f3tko m\u00f3wi\u0105c dla wszystkich, kt\u00f3rzy oczekuj\u0105 najwy\u017cszej jako\u015bci i chc\u0105 oszcz\u0119dzi\u0107 czas.<\/div><\/div>[\/vc_column][\/vc_row][vc_row wrap_container=&#8221;yes&#8221; bg_type=&#8221;image&#8221; parallax_style=&#8221;vcpb-default&#8221; bg_image_new=&#8221;id^731065|url^https:\/\/universeproduction.eu\/wp-content\/uploads\/2021\/06\/all-in-one.jpg|caption^null|alt^one stop shop|title^all in one|description^null&#8221; bg_image_repeat=&#8221;no-repeat&#8221; bg_img_attach=&#8221;fixed&#8221; bg_image_posiiton=&#8221;75%&#8221; bg_override=&#8221;ex-full&#8221; css=&#8221;.vc_custom_1624523895553{margin-top: 100px !important;padding-top: 150px !important;padding-bottom: 150px !important;}&#8221; animation_type=&#8221;fadeIn&#8221;][vc_column offset=&#8221;vc_col-lg-offset-1 vc_col-lg-6 vc_col-md-offset-1 vc_col-md-6 vc_col-xs-12&#8243;]<div class=\"porto-u-heading  wpb_custom_98d7400c43c3af69926500d2a26f3b79\" data-hspacer=\"no_spacer\" data-halign=\"left\" style=\"text-align:left\"><div class=\"porto-u-main-heading\"><h2   style=\"color:#ffffff;margin-bottom: 20px;\">W jednym miejscu zrealizuj swoj\u0105 wizj\u0119<\/h2><\/div><div class=\"porto-u-sub-heading\" style=\"color: #ffffff;margin-bottom:50px;\">od wst\u0119pnej koncepcji po wysy\u0142k\u0119<\/div><\/div><div class=\"porto-btn-ctn-left \"><a class=\"porto-btn porto-adjust-bottom-margin porto-btn-large porto-btn-left-bg  wpb_custom_dd81ac9658c6ef375aae922a2abf1547  porto-btn-left \"  rel='' href = \"https:\/\/universeproduction.com\/pl\/kontakt\/\"  data-hover=\"#000000\" data-border-color=\"#ffffff\" data-bg=\"#5fc65d\" data-hover-bg=\"#ffffff\" data-border-hover=\"#ffffff\" data-shadow-click=\"none\" data-shadow=\"\" style=\"border-radius:3px;border-width:2px;border-color:#ffffff;border-style:solid;background: #5fc65d;color: #ffffff;\"><span class=\"porto-btn-hover\" style=\"background-color:#ffffff\"><\/span><span class=\"porto-btn-data porto-btn-text \" >TAK, CHC\u0118 POMYS\u0141Y Z CEN\u0104<\/span><\/a><\/div>[\/vc_column][\/vc_row][vc_row gap=&#8221;35&#8243; equal_height=&#8221;yes&#8221; content_placement=&#8221;middle&#8221; wrap_container=&#8221;yes&#8221; css=&#8221;.vc_custom_1624524188690{margin-top: 150px !important;}&#8221;][vc_column width=&#8221;1\/2&#8243;]<div class=\"porto-u-heading  wpb_custom_16c154cee78430f7f63dc51acf805e4d\" data-hspacer=\"line_only\" data-halign=\"right\" style=\"text-align:right\" data-appear-animation=\"fadeInLeft\"><div class=\"porto-u-main-heading\"><h2   style=\"color:#231f20;margin-bottom: 20px;\">Posiadamy w\u0142asn\u0105 szwalni\u0119<\/h2><\/div><div class=\"porto-u-heading-spacer line_only\" style=\"height:1px;\"><span class=\"porto-u-headings-line\" style=\"border-style:solid;border-bottom-width:1px;border-color:rgba(51,51,51,0.5);width:60px;margin-right: 0\"><\/span><\/div><div class=\"porto-u-sub-heading\" style=\"color: #575757;margin-bottom:30px;\">Dzi\u0119ki temu mo\u017cemy uszy\u0107 niemal wszystko. Odzie\u017c o oryginalnym kroju, produkty r\u00f3\u017cnej wielko\u015bci. Opr\u00f3cz tego wszywamy metki, naszywki i inne dodatki.<br \/>\n<a href=\"https:\/\/universeproduction.com\/pl\/szwalnia\/nasza-szwalnia\/\">Czytaj wi\u0119cej&#8230;<\/a><\/div><\/div>[\/vc_column][vc_column width=&#8221;1\/2&#8243;]\n<div id=\"interactive-banner-1-wrap-2806\" class=\"ult-banner-block ult-adjust-bottom-margin ult-bb-box  banner-style11 \"   style=\"\">\n\t<img src=\"https:\/\/universeproduction.com\/wp-content\/uploads\/2021\/04\/Metki-zakardowe.png\" alt=\"clothing label, metka\">\n\t<div class=\"mask opaque-background\" style=\"background:rgba(36,36,36,0.5);\">\n\t\t<div  data-ultimate-target='#interactive-banner-1-wrap-2806 .bb-description'  data-responsive-json-new='{\"font-size\":\"\",\"line-height\":\"desktop:300px;\"}'  class=\"bb-description ult-responsive\" style=\"font-weight:normal;color:#ffffff;\">ZOBACZ WI\u0118CEJ<\/div>\n\t<\/div><a class=\"bb-link\" href=\"https:\/\/universeproduction.com\/pl\/szwalnia\/metki-i-akcesoria\/\" title=\"Szwalnia - Nasze realizacje\" ><\/a>\n<\/div>[\/vc_column][\/vc_row][vc_row gap=&#8221;35&#8243; equal_height=&#8221;yes&#8221; content_placement=&#8221;middle&#8221; wrap_container=&#8221;yes&#8221;][vc_column width=&#8221;1\/2&#8243;]\n<div id=\"interactive-banner-1-wrap-8330\" class=\"ult-banner-block ult-adjust-bottom-margin ult-bb-box  banner-style11 \"   style=\"\">\n\t<img src=\"https:\/\/universeproduction.com\/wp-content\/uploads\/2021\/04\/sito_karu_2532-1-scaled.jpeg\" alt=\"sitodruk karu\">\n\t<div class=\"mask opaque-background\" style=\"background:rgba(36,36,36,0.5);\">\n\t\t<div  data-ultimate-target='#interactive-banner-1-wrap-8330 .bb-description'  data-responsive-json-new='{\"font-size\":\"\",\"line-height\":\"desktop:300px;\"}'  class=\"bb-description ult-responsive\" style=\"font-weight:normal;color:#ffffff;\">ZOBACZ WI\u0118CEJ<\/div>\n\t<\/div><a class=\"bb-link\" href=\"https:\/\/universeproduction.com\/pl\/zdobienia\/sitodruk\/nasze-realizacje\/\" title=\"Sitodruk - Nasze realizacje\" ><\/a>\n<\/div>[\/vc_column][vc_column width=&#8221;1\/2&#8243;]<div class=\"porto-u-heading  wpb_custom_16c154cee78430f7f63dc51acf805e4d\" data-hspacer=\"line_only\" data-halign=\"left\" style=\"text-align:left\" data-appear-animation=\"fadeInRight\"><div class=\"porto-u-main-heading\"><h2   style=\"color:#231f20;margin-bottom: 20px;\">Maszyny do sitodruku<\/h2><\/div><div class=\"porto-u-heading-spacer line_only\" style=\"height:1px;\"><span class=\"porto-u-headings-line\" style=\"border-style:solid;border-bottom-width:1px;border-color:rgba(51,51,51,0.5);width:60px;margin-left: 0\"><\/span><\/div><div class=\"porto-u-sub-heading\" style=\"color: #575757;margin-bottom:30px;\">\n<p id=\"tw-target-text\" class=\"tw-data-text tw-text-large XcVN5d tw-ta\" dir=\"ltr\" data-placeholder=\"T\u0142umaczenie\">Mo\u017cliwo\u015b\u0107 sitodruku 18 kolor\u00f3w na raz daje ogromne mo\u017cliwo\u015bci. Spod takiej maszyny jako\u015b\u0107 nadruku jest por\u00f3wnywalna z autentycznym zdj\u0119ciem.<br \/>\nWarto doda\u0107, \u017ce takich urz\u0105dze\u0144 jest tylko kilka w Polsce.<br \/>\n<a href=\"https:\/\/universeproduction.com\/pl\/zdobienia\/sitodruk\/\">Czytaj wi\u0119cej&#8230;<\/a><\/p>\n<p><\/div><\/div>[\/vc_column][\/vc_row][vc_row gap=&#8221;35&#8243; equal_height=&#8221;yes&#8221; content_placement=&#8221;middle&#8221; wrap_container=&#8221;yes&#8221;][vc_column width=&#8221;1\/2&#8243;]<div class=\"porto-u-heading  wpb_custom_16c154cee78430f7f63dc51acf805e4d\" data-hspacer=\"line_only\" data-halign=\"right\" style=\"text-align:right\" data-appear-animation=\"fadeInLeft\"><div class=\"porto-u-main-heading\"><h2   style=\"color:#231f20;margin-bottom: 20px;\">Hafciarni\u0119<\/h2><\/div><div class=\"porto-u-heading-spacer line_only\" style=\"height:1px;\"><span class=\"porto-u-headings-line\" style=\"border-style:solid;border-bottom-width:1px;border-color:rgba(51,51,51,0.5);width:60px;margin-right: 0\"><\/span><\/div><div class=\"porto-u-sub-heading\" style=\"color: #575757;margin-bottom:30px;\">Haft to jedna z najtrwalszych metod znakowania. Nie jest dla nas problemem zrobienia haftu zwyk\u0142ego czy te\u017c w 3d. Mo\u017cemy te\u017c uzyska\u0107 dodatkowe efekty dzi\u0119ki czemu i Ty mo\u017cesz wyr\u00f3\u017cni\u0107 si\u0119 na tle konkurencji.<br \/>\n<a href=\"https:\/\/universeproduction.com\/pl\/zdobienia\/haft\/\">Czytaj wi\u0119cej&#8230;<\/a><\/div><\/div>[\/vc_column][vc_column width=&#8221;1\/2&#8243;]\n<div id=\"interactive-banner-1-wrap-5859\" class=\"ult-banner-block ult-adjust-bottom-margin ult-bb-box  banner-style11 \"   style=\"\">\n\t<img src=\"https:\/\/universeproduction.com\/wp-content\/uploads\/2021\/06\/button.jpg\" alt=\"embroidery with sublimation\">\n\t<div class=\"mask opaque-background\" style=\"background:rgba(36,36,36,0.5);\">\n\t\t<div  data-ultimate-target='#interactive-banner-1-wrap-5859 .bb-description'  data-responsive-json-new='{\"font-size\":\"\",\"line-height\":\"desktop:300px;\"}'  class=\"bb-description ult-responsive\" style=\"font-weight:normal;color:#ffffff;\">ZOBACZ WI\u0118CEJ<\/div>\n\t<\/div><a class=\"bb-link\" href=\"https:\/\/universeproduction.com\/pl\/zdobienia\/haft\/nasze-realizacje\/\" title=\"Haft komputerowy - Nasze realizacje\" ><\/a>\n<\/div>[\/vc_column][\/vc_row][vc_row gap=&#8221;35&#8243; equal_height=&#8221;yes&#8221; content_placement=&#8221;middle&#8221; wrap_container=&#8221;yes&#8221;][vc_column width=&#8221;1\/2&#8243;]\n<div id=\"interactive-banner-1-wrap-8507\" class=\"ult-banner-block ult-adjust-bottom-margin ult-bb-box  banner-style11 \"   style=\"\">\n\t<img src=\"https:\/\/universeproduction.com\/wp-content\/uploads\/2021\/04\/dyg_karu_2553-scaled.jpeg\" alt=\"DTG - digital printing on fabric\">\n\t<div class=\"mask opaque-background\" style=\"background:rgba(36,36,36,0.5);\">\n\t\t<div  data-ultimate-target='#interactive-banner-1-wrap-8507 .bb-description'  data-responsive-json-new='{\"font-size\":\"\",\"line-height\":\"desktop:300px;\"}'  class=\"bb-description ult-responsive\" style=\"font-weight:normal;color:#ffffff;\">ZOBACZ WI\u0118CEJ<\/div>\n\t<\/div><a class=\"bb-link\" href=\"https:\/\/universeproduction.com\/pl\/zdobienia\/dtg\/\" title=\"DTG - Nasze realizacje\" ><\/a>\n<\/div>[\/vc_column][vc_column width=&#8221;1\/2&#8243;]<div class=\"porto-u-heading  wpb_custom_16c154cee78430f7f63dc51acf805e4d\" data-hspacer=\"line_only\" data-halign=\"left\" style=\"text-align:left\" data-appear-animation=\"fadeInRight\"><div class=\"porto-u-main-heading\"><h2   style=\"color:#231f20;margin-bottom: 20px;\">Drukarki cyfrowe<\/h2><\/div><div class=\"porto-u-heading-spacer line_only\" style=\"height:1px;\"><span class=\"porto-u-headings-line\" style=\"border-style:solid;border-bottom-width:1px;border-color:rgba(51,51,51,0.5);width:60px;margin-left: 0\"><\/span><\/div><div class=\"porto-u-sub-heading\" style=\"color: #575757;margin-bottom:30px;\">Dzi\u0119ki temu, \u017ce posiadamy r\u00f3wnie\u017c drukark\u0119 DTG mo\u017cemy przenie\u015b\u0107 ka\u017cdy projekt na autentyczny materia\u0142 w wysokiej jako\u015bci. Bez wzgl\u0119du na to jak jest skomplikowany.<br \/>\nWystarczy Tw\u00f3j pomys\u0142, a my zajmiemy si\u0119 reszt\u0105.<br \/>\n<a href=\"https:\/\/universeproduction.com\/pl\/zdobienia\/dtg\/\">Czytaj wi\u0119cej&#8230;<\/a><\/div><\/div>[\/vc_column][\/vc_row][vc_row gap=&#8221;35&#8243; equal_height=&#8221;yes&#8221; content_placement=&#8221;middle&#8221; wrap_container=&#8221;yes&#8221;][vc_column width=&#8221;1\/2&#8243;]<div class=\"porto-u-heading  wpb_custom_16c154cee78430f7f63dc51acf805e4d\" data-hspacer=\"line_only\" data-halign=\"right\" style=\"text-align:right\" data-appear-animation=\"fadeInLeft\"><div class=\"porto-u-main-heading\"><h2   style=\"color:#231f20;margin-bottom: 20px;\">Urz\u0105dzenia sublimacyjne<\/h2><\/div><div class=\"porto-u-heading-spacer line_only\" style=\"height:1px;\"><span class=\"porto-u-headings-line\" style=\"border-style:solid;border-bottom-width:1px;border-color:rgba(51,51,51,0.5);width:60px;margin-right: 0\"><\/span><\/div><div class=\"porto-u-sub-heading\" style=\"color: #575757;margin-bottom:30px;\">Posiadamy r\u00f3wnie\u017c nowoczesne urz\u0105dzenia do sublimacji. Daje nam to mo\u017cliwo\u015b\u0107 wykonania nadruk\u00f3w tzw. fullprint \u2013 czyli wykorzystuj\u0105c ca\u0142\u0105 powierzchni\u0119 materia\u0142u lub na r\u00f3\u017cnego rodzaju gad\u017cetach.<br \/>\n<a href=\"https:\/\/universeproduction.com\/pl\/zdobienia\/sublimacja\/\">Czytaj wi\u0119cej&#8230;<\/a><\/div><\/div>[\/vc_column][vc_column width=&#8221;1\/2&#8243;]\n<div id=\"interactive-banner-1-wrap-8322\" class=\"ult-banner-block ult-adjust-bottom-margin ult-bb-box  banner-style11 \"   style=\"\">\n\t<img src=\"https:\/\/universeproduction.com\/wp-content\/uploads\/2021\/04\/sublimacja_karu_2329-scaled.jpeg\" alt=\"sublimation - fullprint on fabric\">\n\t<div class=\"mask opaque-background\" style=\"background:rgba(36,36,36,0.5);\">\n\t\t<div  data-ultimate-target='#interactive-banner-1-wrap-8322 .bb-description'  data-responsive-json-new='{\"font-size\":\"\",\"line-height\":\"desktop:300px;\"}'  class=\"bb-description ult-responsive\" style=\"font-weight:normal;color:#ffffff;\">ZOBACZ WI\u0118CEJ<\/div>\n\t<\/div><a class=\"bb-link\" href=\"https:\/\/universeproduction.com\/pl\/zdobienia\/sublimacja\/nasze-realizacje\/\" title=\"Sublimacja - Nasze realizacje\" ><\/a>\n<\/div>[\/vc_column][\/vc_row][vc_row wrap_container=&#8221;yes&#8221; bg_type=&#8221;bg_color&#8221; bg_override=&#8221;ex-full&#8221; css=&#8221;.vc_custom_1624528267544{margin-top: 150px !important;padding-top: 150px !important;padding-bottom: 100px !important;}&#8221; bg_color_value=&#8221;rgba(234,234,234,0.5)&#8221;][vc_column offset=&#8221;vc_col-lg-offset-1 vc_col-lg-10 vc_col-md-offset-1 vc_col-md-10 vc_col-xs-12&#8243;]<div class=\"porto-u-heading  wpb_custom_63d82698a6426aeb093956f2b50e97f9\" data-hspacer=\"no_spacer\" data-halign=\"center\" style=\"text-align:center\"><div class=\"porto-u-main-heading\"><h2   style=\"color:#231f20;margin-bottom: 20px;\">Misja<\/h2><\/div><div class=\"porto-u-sub-heading\" style=\"color: #575757;margin-bottom:50px;\">Istniejemy po to, aby pomaga\u0107 klientom w promocji swojej firmy poprzez spersonalizowane tekstylia. Inspirujemy i wspieramy budowanie wizerunku.<\/div><\/div>[\/vc_column][\/vc_row][vc_row wrap_container=&#8221;yes&#8221; css=&#8221;.vc_custom_1624528439278{margin-top: 150px !important;}&#8221;][vc_column offset=&#8221;vc_col-lg-offset-1 vc_col-lg-10 vc_col-md-offset-1 vc_col-md-10 vc_col-xs-12&#8243;]<div class=\"porto-u-heading  wpb_custom_e5bbc46adace3e8bf913b4e6bfbd520f\" data-hspacer=\"no_spacer\" data-halign=\"center\" style=\"text-align:center\"><div class=\"porto-u-main-heading\"><h2   style=\"color:#231f20;margin-bottom: 20px;\">Troch\u0119 danych<\/h2><\/div><\/div>[\/vc_column][\/vc_row][vc_row wrap_container=&#8221;yes&#8221; text_align=&#8221;center&#8221; css=&#8221;.vc_custom_1618904666006{margin-top: 30px !important;}&#8221;][vc_column width=&#8221;1\/4&#8243; offset=&#8221;vc_hidden-xs&#8221;]<div class=\"stats-block stats-top  inline-block  wpb_custom_850f5514e33e2cecf87fd6e6f151440b  vc_custom_1624529538149\"><div class=\"stats-desc\"><div id=\"counter_78695516669e7ea7bcec27\" data-id=\"counter_78695516669e7ea7bcec27\" class=\"stats-number\" style=\" color:#2ec5cc;\" data-speed=\"3\" data-counter-value=\"23\" data-separator=\",\" data-decimal=\".\">0<\/div><div class=\"stats-text\" style=\"color:#575757;\">lat do\u015bwiadczenia<\/div><\/div><\/div>[\/vc_column][vc_column width=&#8221;1\/4&#8243; offset=&#8221;vc_hidden-xs&#8221;]<div class=\"stats-block stats-top  inline-block  wpb_custom_92f7c73c86463859c1788b02ba960509  vc_custom_1624529552596\"><div class=\"stats-desc\"><div id=\"counter_94160904469e7ea7bcef30\" data-id=\"counter_94160904469e7ea7bcef30\" class=\"stats-number\" style=\" color:#2ec5cc;\" data-speed=\"3\" data-counter-value=\"138.945\" data-separator=\",\" data-decimal=\",\">0<\/div><div class=\"stats-text\" style=\"color:#575757;\">zrealizowanych projekt\u00f3w<\/div><\/div><\/div>[\/vc_column][vc_column width=&#8221;1\/4&#8243; offset=&#8221;vc_hidden-xs&#8221;]<div class=\"stats-block stats-top  inline-block  wpb_custom_72707d4d1f78ff53616ed8d6ae87a6fe  vc_custom_1624529563324\"><div class=\"stats-desc\"><div id=\"counter_160327273769e7ea7bcf1ad\" data-id=\"counter_160327273769e7ea7bcf1ad\" class=\"stats-number\" style=\" color:#2ec5cc;\" data-speed=\"3\" data-counter-value=\"78\" data-separator=\",\" data-decimal=\".\">0<\/div><div class=\"stats-text\" style=\"color:#575757;\">os\u00f3b pracuj\u0105cych<\/div><\/div><\/div>[\/vc_column][vc_column width=&#8221;1\/4&#8243; offset=&#8221;vc_hidden-xs&#8221;]<div class=\"stats-block stats-top  inline-block  wpb_custom_408c22cea53b006dc479ffb50c3a6005  vc_custom_1624529574718\"><div class=\"stats-desc\"><div id=\"counter_160708439569e7ea7bcf43a\" data-id=\"counter_160708439569e7ea7bcf43a\" class=\"stats-number\" style=\" color:#2ec5cc;\" data-speed=\"3\" data-counter-value=\"2.700\" data-separator=\",\" data-decimal=\",\">0<\/div><div class=\"stats-text\" style=\"color:#575757;\">metr\u00f3w powierzchni<\/div><\/div><\/div>[\/vc_column][\/vc_row][vc_row wrap_container=&#8221;yes&#8221; text_align=&#8221;center&#8221; css=&#8221;.vc_custom_1618904673325{margin-top: 30px !important;}&#8221;][vc_column width=&#8221;1\/4&#8243; text_align=&#8221;center&#8221; offset=&#8221;vc_hidden-lg vc_hidden-md vc_hidden-sm&#8221;]<div class=\"stats-block stats-top  inline-block  wpb_custom_1277ee172b83d28dd7eae80d869c8537  vc_custom_1624606830467\"><div class=\"stats-desc\"><div id=\"counter_130320860969e7ea7bcf6b7\" data-id=\"counter_130320860969e7ea7bcf6b7\" class=\"stats-number\" style=\" color:#2ec5cc;\" data-speed=\"3\" data-counter-value=\"23\" data-separator=\",\" data-decimal=\".\">0<\/div><div class=\"stats-text\" style=\"color:#575757;\">lat do\u015bwiadczenia<\/div><\/div><\/div>[\/vc_column][vc_column width=&#8221;1\/4&#8243; text_align=&#8221;center&#8221; offset=&#8221;vc_hidden-lg vc_hidden-md vc_hidden-sm&#8221;]<div class=\"stats-block stats-top  inline-block  wpb_custom_d70dd7883be0ffe29d57059e8580578e  vc_custom_1624606837561\"><div class=\"stats-desc\"><div id=\"counter_101796387669e7ea7bcf925\" data-id=\"counter_101796387669e7ea7bcf925\" class=\"stats-number\" style=\" color:#2ec5cc;\" data-speed=\"3\" data-counter-value=\"138.945\" data-separator=\",\" data-decimal=\",\">0<\/div><div class=\"stats-text\" style=\"color:#575757;\">zrealizowanych projekt\u00f3w<\/div><\/div><\/div>[\/vc_column][vc_column width=&#8221;1\/4&#8243; text_align=&#8221;center&#8221; offset=&#8221;vc_hidden-lg vc_hidden-md vc_hidden-sm&#8221;]<div class=\"stats-block stats-top  inline-block  wpb_custom_1444e696fab2b7360e479e63c3598cc3  vc_custom_1624606769809\"><div class=\"stats-desc\"><div id=\"counter_3175648669e7ea7bcfb9c\" data-id=\"counter_3175648669e7ea7bcfb9c\" class=\"stats-number\" style=\" color:#2ec5cc;\" data-speed=\"3\" data-counter-value=\"78\" data-separator=\",\" data-decimal=\".\">0<\/div><div class=\"stats-text\" style=\"color:#575757;\">os\u00f3b pracuj\u0105cych<\/div><\/div><\/div>[\/vc_column][vc_column width=&#8221;1\/4&#8243; text_align=&#8221;center&#8221; offset=&#8221;vc_hidden-lg vc_hidden-md vc_hidden-sm&#8221;]<div class=\"stats-block stats-top  inline-block  wpb_custom_1444e696fab2b7360e479e63c3598cc3  vc_custom_1624606778866\"><div class=\"stats-desc\"><div id=\"counter_156774715769e7ea7bcfe17\" data-id=\"counter_156774715769e7ea7bcfe17\" class=\"stats-number\" style=\" color:#2ec5cc;\" data-speed=\"3\" data-counter-value=\"2.700\" data-separator=\",\" data-decimal=\",\">0<\/div><div class=\"stats-text\" style=\"color:#575757;\">metr\u00f3w powierzchni<\/div><\/div><\/div>[\/vc_column][\/vc_row][vc_row wrap_container=&#8221;yes&#8221;][vc_column width=&#8221;1\/3&#8243;][\/vc_column][vc_column width=&#8221;1\/3&#8243;][\/vc_column][vc_column width=&#8221;1\/3&#8243;][\/vc_column][\/vc_row][vc_row css=&#8221;.vc_custom_1617865469108{padding-bottom: 40px !important;}&#8221;][vc_column]<div class=\"porto-btn-ctn-center \"><a class=\"porto-btn porto-adjust-bottom-margin porto-btn-custom porto-btn-left-bg  wpb_custom_fa51088c2567b780100c1edcf8821d3b  porto-btn-center \" title='NAPISZ DO NAS!' rel='' href = \"https:\/\/universeproduction.com\/pl\/kontakt\/\"  data-hover=\"#ffffff\" data-border-color=\"\" data-bg=\"#2ec5cc\" data-hover-bg=\"#00c1cc\" data-border-hover=\"\" data-shadow-click=\"none\" data-shadow=\"\" style=\"font-family:Open Sans; font-weight:400; font-style:normal; font-weight:400;font-size:14px;width:274px;min-height:40px;padding:10px 64px;border:none;background: #2ec5cc;color: #ffffff;\"><span class=\"porto-btn-hover\" style=\"background-color:#00c1cc\"><\/span><span class=\"porto-btn-data porto-btn-text \" >NAPISZ DO NAS!<\/span><\/a><\/div>[\/vc_column][\/vc_row]<\/p>\n","protected":false},"excerpt":{"rendered":"<p>[vc_row wrap_container=&#8221;yes&#8221; css=&#8221;.vc_custom_1624522319339{margin-top: 150px !important;}&#8221; animation_type=&#8221;fadeIn&#8221;][vc_column offset=&#8221;vc_col-lg-offset-1 vc_col-lg-10 vc_col-md-offset-1 vc_col-md-10 vc_col-xs-12&#8243;][\/vc_column][\/vc_row][vc_row wrap_container=&#8221;yes&#8221; bg_type=&#8221;image&#8221; parallax_style=&#8221;vcpb-default&#8221; bg_image_new=&#8221;id^731065|url^https:\/\/universeproduction.eu\/wp-content\/uploads\/2021\/06\/all-in-one.jpg|caption^null|alt^one stop shop|title^all in one|description^null&#8221; bg_image_repeat=&#8221;no-repeat&#8221; bg_img_attach=&#8221;fixed&#8221; bg_image_posiiton=&#8221;75%&#8221; bg_override=&#8221;ex-full&#8221; css=&#8221;.vc_custom_1624523895553{margin-top: 100px !important;padding-top: 150px !important;padding-bottom: 150px !important;}&#8221; animation_type=&#8221;fadeIn&#8221;][vc_column offset=&#8221;vc_col-lg-offset-1 vc_col-lg-6 vc_col-md-offset-1 vc_col-md-6 vc_col-xs-12&#8243;][\/vc_column][\/vc_row][vc_row gap=&#8221;35&#8243; equal_height=&#8221;yes&#8221; content_placement=&#8221;middle&#8221; wrap_container=&#8221;yes&#8221; css=&#8221;.vc_custom_1624524188690{margin-top: 150px !important;}&#8221;][vc_column width=&#8221;1\/2&#8243;][\/vc_column][vc_column width=&#8221;1\/2&#8243;][\/vc_column][\/vc_row][vc_row gap=&#8221;35&#8243; equal_height=&#8221;yes&#8221; content_placement=&#8221;middle&#8221; wrap_container=&#8221;yes&#8221;][vc_column width=&#8221;1\/2&#8243;][\/vc_column][vc_column width=&#8221;1\/2&#8243;][\/vc_column][\/vc_row][vc_row gap=&#8221;35&#8243; equal_height=&#8221;yes&#8221; content_placement=&#8221;middle&#8221; wrap_container=&#8221;yes&#8221;][vc_column [&hellip;]<\/p>\n","protected":false},"author":1,"featured_media":0,"parent":0,"menu_order":2,"comment_status":"closed","ping_status":"closed","template":"","meta":[],"_links":{"self":[{"href":"https:\/\/universeproduction.com\/pl\/wp-json\/wp\/v2\/pages\/731232"}],"collection":[{"href":"https:\/\/universeproduction.com\/pl\/wp-json\/wp\/v2\/pages"}],"about":[{"href":"https:\/\/universeproduction.com\/pl\/wp-json\/wp\/v2\/types\/page"}],"author":[{"embeddable":true,"href":"https:\/\/universeproduction.com\/pl\/wp-json\/wp\/v2\/users\/1"}],"replies":[{"embeddable":true,"href":"https:\/\/universeproduction.com\/pl\/wp-json\/wp\/v2\/comments?post=731232"}],"version-history":[{"count":9,"href":"https:\/\/universeproduction.com\/pl\/wp-json\/wp\/v2\/pages\/731232\/revisions"}],"predecessor-version":[{"id":1241730,"href":"https:\/\/universeproduction.com\/pl\/wp-json\/wp\/v2\/pages\/731232\/revisions\/1241730"}],"wp:attachment":[{"href":"https:\/\/universeproduction.com\/pl\/wp-json\/wp\/v2\/media?parent=731232"}],"curies":[{"name":"wp","href":"https:\/\/api.w.org\/{rel}","templated":true}]}}