{"id":1241447,"date":"2023-08-03T12:35:30","date_gmt":"2023-08-03T12:35:30","guid":{"rendered":"https:\/\/universeproduction.com\/?page_id=1241447"},"modified":"2025-01-29T21:16:28","modified_gmt":"2025-01-29T21:16:28","slug":"dotacja-ue","status":"publish","type":"page","link":"https:\/\/universeproduction.com\/pl\/dotacja-ue\/","title":{"rendered":"Dotacja UE"},"content":{"rendered":"<p><span style=\"font-size: 18px; color: #333399;\">UNIVERSE PRINT Mariusz Baranowski realizuje projekt dofinansowany z Funduszy Europejskich \u201ePrzygotowanie przedsi\u0119biorstwa Universe Print do wdro\u017cenia nowego modelu biznesowego zwi\u0105zanego z internacjonalizacj\u0105 przedsi\u0119biorstwa.\u201d<\/span><\/p>\n<p><span style=\"font-size: 18px;\">Celem projektu jest zwi\u0119kszenie konkurencyjno\u015bci firmy UNIVERSE PRINT Mariusz Baranowski poprzez dzia\u0142alno\u015b\u0107 eksportow\u0105 na zagranicznych rynkach.<\/span><\/p>\n<p><strong>Warto\u015b\u0107 projektu:<\/strong> 661 371.00 PLN<br \/>\n<strong>Dofinansowanie projektu z UE:<\/strong> 457 045.00 PLN<\/p>\n<p>&nbsp;<\/p>\n<p><span style=\"font-size: 18px; color: #333399;\">UNIVERSE PRINT Mariusz Baranowski realizuje projekt dofinansowany z Funduszy Europejskich pt. &#8222;Opracowanie modelu biznesowego GOZ-transformacji dla przedsi\u0119biorstwa Universe Print&#8221; w ramach programu Fundusze Europejskie dla Polski Wschodniej 2021-2027 w ramach programu Fundusze Europejskie dla Polski Wschodniej 2021-2027, Priorytet FEPW.01 Przedsi\u0119biorczo\u015b\u0107 i Innowacje, Dzia\u0142anie FEPW.01.03 Gospodarka o obiegu zamkni\u0119tym w M\u015aP \u2013 etap I.<\/span><\/p>\n<p><span style=\"font-size: 18px;\">W ramach projektu zakupione s\u0105 us\u0142ugi doradcze obejmuj\u0105ce opracowanie modelu biznesowego funkcjonowania przedsi\u0119biorstwa w oparciu o za\u0142o\u017cenia gospodarki obiegu zamkni\u0119tego (model biznesowy GOZ-transformacji), kt\u00f3rego elementami s\u0105 w szczeg\u00f3lno\u015bci: audyt przedsi\u0119biorstwa i doradztwo wdro\u017ceniowe, maj\u0105ce na celu ustalenie mo\u017cliwych kierunk\u00f3w transformacji przedsi\u0119biorstwa w nurcie GOZ oraz ustalenie potencjalnych mo\u017cliwo\u015bci wsp\u00f3\u0142pracy z innymi przedsi\u0119biorstwami w nurcie GOZ.<\/span><\/p>\n<p><span style=\"font-size: 18px;\">Projekt skierowany jest do mikro, ma\u0142ych i \u015brednich przedsi\u0119biorstw (M\u015aP) prowadz\u0105cych dzia\u0142alno\u015b\u0107 gospodarcz\u0105 na terenie Polski Wschodniej.<\/span><\/p>\n<p><span style=\"font-size: 18px;\">Celem projektu jest opracowanie modelu biznesowego GOZ-transformacji na podstawie przeprowadzonego audytu i analizy dzia\u0142alno\u015bci firmy.<\/span><\/p>\n<p><strong>Ca\u0142kowita warto\u015b\u0107 projektu:<\/strong> 82 781,00 PLN<br \/>\n<strong>Dofinansowanie projektu z UE:<\/strong> 82 781,00 PLN<\/p>\n<p><span style=\"font-size: 18px;\">#FunduszeUE #FunduszeEuropejskie<\/span><\/p>\n<p>&nbsp;<\/p>\n<p>&nbsp;<\/p>\n<p><img loading=\"lazy\" class=\"alignnone size-full wp-image-1241724\" src=\"https:\/\/universeproduction.com\/wp-content\/uploads\/2025\/01\/Dofinansowanie-UE-1.png\" alt=\"\" width=\"1226\" height=\"144\" srcset=\"https:\/\/universeproduction.com\/wp-content\/uploads\/2025\/01\/Dofinansowanie-UE-1.png 1226w, https:\/\/universeproduction.com\/wp-content\/uploads\/2025\/01\/Dofinansowanie-UE-1-1024x120.png 1024w, https:\/\/universeproduction.com\/wp-content\/uploads\/2025\/01\/Dofinansowanie-UE-1-768x90.png 768w, https:\/\/universeproduction.com\/wp-content\/uploads\/2025\/01\/Dofinansowanie-UE-1-640x75.png 640w, https:\/\/universeproduction.com\/wp-content\/uploads\/2025\/01\/Dofinansowanie-UE-1-400x47.png 400w, https:\/\/universeproduction.com\/wp-content\/uploads\/2025\/01\/Dofinansowanie-UE-1-600x70.png 600w\" sizes=\"(max-width: 1226px) 100vw, 1226px\" \/><\/p>\n","protected":false},"excerpt":{"rendered":"<p>UNIVERSE PRINT Mariusz Baranowski realizuje projekt dofinansowany z Funduszy Europejskich \u201ePrzygotowanie przedsi\u0119biorstwa Universe Print do wdro\u017cenia nowego modelu biznesowego zwi\u0105zanego z internacjonalizacj\u0105 przedsi\u0119biorstwa.\u201d Celem projektu jest zwi\u0119kszenie konkurencyjno\u015bci firmy UNIVERSE PRINT Mariusz Baranowski poprzez dzia\u0142alno\u015b\u0107 eksportow\u0105 na zagranicznych rynkach. Warto\u015b\u0107 projektu: 661 371.00 PLN Dofinansowanie projektu z UE: 457 045.00 PLN &nbsp; UNIVERSE PRINT Mariusz [&hellip;]<\/p>\n","protected":false},"author":1,"featured_media":0,"parent":0,"menu_order":0,"comment_status":"closed","ping_status":"closed","template":"","meta":[],"_links":{"self":[{"href":"https:\/\/universeproduction.com\/pl\/wp-json\/wp\/v2\/pages\/1241447"}],"collection":[{"href":"https:\/\/universeproduction.com\/pl\/wp-json\/wp\/v2\/pages"}],"about":[{"href":"https:\/\/universeproduction.com\/pl\/wp-json\/wp\/v2\/types\/page"}],"author":[{"embeddable":true,"href":"https:\/\/universeproduction.com\/pl\/wp-json\/wp\/v2\/users\/1"}],"replies":[{"embeddable":true,"href":"https:\/\/universeproduction.com\/pl\/wp-json\/wp\/v2\/comments?post=1241447"}],"version-history":[{"count":8,"href":"https:\/\/universeproduction.com\/pl\/wp-json\/wp\/v2\/pages\/1241447\/revisions"}],"predecessor-version":[{"id":1241727,"href":"https:\/\/universeproduction.com\/pl\/wp-json\/wp\/v2\/pages\/1241447\/revisions\/1241727"}],"wp:attachment":[{"href":"https:\/\/universeproduction.com\/pl\/wp-json\/wp\/v2\/media?parent=1241447"}],"curies":[{"name":"wp","href":"https:\/\/api.w.org\/{rel}","templated":true}]}}