{"id":1241423,"date":"2023-06-30T09:08:36","date_gmt":"2023-06-30T09:08:36","guid":{"rendered":"https:\/\/universeproduction.com\/?page_id=1241423"},"modified":"2023-06-30T09:52:30","modified_gmt":"2023-06-30T09:52:30","slug":"zapytania-ofertowe","status":"publish","type":"page","link":"https:\/\/universeproduction.com\/pl\/zapytania-ofertowe\/","title":{"rendered":"Zapytania Ofertowe"},"content":{"rendered":"<p>[vc_row][vc_column][vc_column_text]<\/p>\n<h2>Zapytanie ofertowe nr 1\/11\/2022<\/h2>\n<p><em>W zwi\u0105zku z realizacj\u0105 projektu pt. \u201ePrzygotowanie przedsi\u0119biorstwa Universe Print do wdro\u017cenia nowego modelu biznesowego zwi\u0105zanego z internacjonalizacj\u0105 przedsi\u0119biorstwa..\u201d w ramach Dzia\u0142ania 1.2 Internacjonalizacja M\u015aP w ramach Programu Operacyjnego Polska Wschodnia,\u00a0UNIVERSE PRINT MARIUSZ BARANOWSKI og\u0142asza post\u0119powanie na zakup poni\u017cszych us\u0142ug:<\/em><u><\/u><u><\/u><\/p>\n<p><em>Wykonanie zabudowy targowej 24 m2 na targach PSI 10-12.01.2023, Dusseldorf Niemcy. Zabudowa 24 m<sup>2<\/sup>\u00a0stoiska.<\/em><u><\/u><u><\/u><\/p>\n<p><em>Wszystkie szczeg\u00f3\u0142y oraz wymagane dokumenty wykazane s\u0105 w za\u0142\u0105czonej dokumentacji.<\/em><u><\/u><u><\/u><\/p>\n<p><em>Zach\u0119camy do sk\u0142adania ofert.\u201d<\/em><\/p>\n<p>Wszystkie za\u0142\u0105czniki do pobrania:<br \/>\n<a href=\"https:\/\/universeproduction.com\/wp-content\/uploads\/2023\/06\/Zala\u0328cznik-nr-1-do-zapytania-ofertowego_zabudowa_1_11_2022.docx\">+ Za\u0142\u0105cznik nr 1 do zapytania ofertowego nr 1\/11\/2022<\/a><br \/>\n<a href=\"https:\/\/universeproduction.com\/wp-content\/uploads\/2023\/06\/Zala\u0328cznik-nr-2-do-zapytania-ofertowego_zabudowa_1_11_2022.docx\">+ Za\u0142\u0105cznik nr 2 do zapytania ofertowego nr 1\/11\/2022<\/a><br \/>\n<a href=\"https:\/\/universeproduction.com\/wp-content\/uploads\/2023\/06\/Zala\u0328cznik-nr-3-do-zapytania-ofertowego_zabudowa_1_11_2022.docx\">+ Za\u0142\u0105cznik nr 3 do zapytania ofertowego nr 1\/11\/2022<\/a><br \/>\n<a href=\"https:\/\/universeproduction.com\/wp-content\/uploads\/2023\/06\/Zapytanie-ofertowe_zabudowa_1_11_2022.docx\">+ Za\u0142\u0105cznik nr 1 Zapytanie Ofertowe nr 1\/11\/2022<\/a>[\/vc_column_text][\/vc_column][\/vc_row]<\/p>\n","protected":false},"excerpt":{"rendered":"<p>[vc_row][vc_column][vc_column_text] Zapytanie ofertowe nr 1\/11\/2022 W zwi\u0105zku z realizacj\u0105 projektu pt. \u201ePrzygotowanie przedsi\u0119biorstwa Universe Print do wdro\u017cenia nowego modelu biznesowego zwi\u0105zanego z internacjonalizacj\u0105 przedsi\u0119biorstwa..\u201d w ramach Dzia\u0142ania 1.2 Internacjonalizacja M\u015aP w ramach Programu Operacyjnego Polska Wschodnia,\u00a0UNIVERSE PRINT MARIUSZ BARANOWSKI og\u0142asza post\u0119powanie na zakup poni\u017cszych us\u0142ug: Wykonanie zabudowy targowej 24 m2 na targach PSI 10-12.01.2023, Dusseldorf [&hellip;]<\/p>\n","protected":false},"author":1,"featured_media":0,"parent":0,"menu_order":0,"comment_status":"closed","ping_status":"closed","template":"","meta":[],"_links":{"self":[{"href":"https:\/\/universeproduction.com\/pl\/wp-json\/wp\/v2\/pages\/1241423"}],"collection":[{"href":"https:\/\/universeproduction.com\/pl\/wp-json\/wp\/v2\/pages"}],"about":[{"href":"https:\/\/universeproduction.com\/pl\/wp-json\/wp\/v2\/types\/page"}],"author":[{"embeddable":true,"href":"https:\/\/universeproduction.com\/pl\/wp-json\/wp\/v2\/users\/1"}],"replies":[{"embeddable":true,"href":"https:\/\/universeproduction.com\/pl\/wp-json\/wp\/v2\/comments?post=1241423"}],"version-history":[{"count":2,"href":"https:\/\/universeproduction.com\/pl\/wp-json\/wp\/v2\/pages\/1241423\/revisions"}],"predecessor-version":[{"id":1241437,"href":"https:\/\/universeproduction.com\/pl\/wp-json\/wp\/v2\/pages\/1241423\/revisions\/1241437"}],"wp:attachment":[{"href":"https:\/\/universeproduction.com\/pl\/wp-json\/wp\/v2\/media?parent=1241423"}],"curies":[{"name":"wp","href":"https:\/\/api.w.org\/{rel}","templated":true}]}}