{"id":1240128,"date":"2023-01-04T14:03:57","date_gmt":"2023-01-04T14:03:57","guid":{"rendered":"https:\/\/universeproduction.com\/?page_id=1240128"},"modified":"2023-01-04T14:05:14","modified_gmt":"2023-01-04T14:05:14","slug":"dzianina-sweatshirt","status":"publish","type":"page","link":"https:\/\/universeproduction.com\/pl\/dzianina-sweatshirt\/","title":{"rendered":"Dzianina sweatshirt"},"content":{"rendered":"<p>[vc_row mobile_bg_img_hidden=&#8221;no&#8221; tablet_bg_img_hidden=&#8221;no&#8221; woodmart_parallax=&#8221;0&#8243; woodmart_gradient_switch=&#8221;no&#8221; row_reverse_mobile=&#8221;0&#8243; row_reverse_tablet=&#8221;0&#8243; woodmart_disable_overflow=&#8221;0&#8243; css=&#8221;.vc_custom_1617871602441{margin-top: 49px !important;}&#8221;][vc_column width=&#8221;1\/2&#8243; offset=&#8221;vc_col-lg-4&#8243;]<div class=\"porto-u-heading  wpb_custom_95aa9a11c17ad45cfabaf210d84ee7cc\" data-hspacer=\"no_spacer\" data-halign=\"left\" style=\"text-align:left\"><div class=\"porto-u-main-heading\"><h2   style=\"font-family:Open Sans; font-weight:700; font-style:normal; font-weight:700;color:#231f20;margin-bottom: 20px;font-size:22px;line-height:30px;\">Szwalnia<\/h2><\/div><\/div>[vc_single_image image=&#8221;2594&#8243; img_size=&#8221;full&#8221; css=&#8221;.vc_custom_1619094684822{margin-bottom: 0px !important;border-bottom-width: 0px !important;padding-bottom: 0px !important;}&#8221; parallax_scroll=&#8221;no&#8221;][vc_wp_custommenu nav_menu=&#8221;185&#8243; el_class=&#8221;menu_menu&#8221;][\/vc_column][vc_column width=&#8221;1\/2&#8243; offset=&#8221;vc_col-lg-8&#8243;]<div class=\"porto-u-heading  wpb_custom_95aa9a11c17ad45cfabaf210d84ee7cc\" data-hspacer=\"no_spacer\" data-halign=\"left\" style=\"text-align:left\"><div class=\"porto-u-main-heading\"><h2   style=\"font-family:Open Sans; font-weight:700; font-style:normal; font-weight:700;color:#231f20;margin-bottom: 20px;font-size:22px;line-height:30px;\">Szyjemy z polskich tkanin<\/h2><\/div><div class=\"porto-u-sub-heading\" style=\"font-family:Open Sans; font-weight:; font-style:; font-weight:400;color: #575757;margin-bottom:0px;font-size:14px;line-height:24px;letter-spacing:0px;\">W swojej ofercie posiadamy szeroki wyb\u00f3r materia\u0142\u00f3w polskich producent\u00f3w \u2013 a\u017c kilkadziesi\u0105t rodzaj\u00f3w tkanin, dzianin i dodatk\u00f3w pasmanteryjnych.<\/div><\/div>[vc_single_image image=&#8221;2593&#8243; img_size=&#8221;96&#215;96&#8243; css=&#8221;.vc_custom_1619094723685{margin-bottom: 0px !important;border-bottom-width: 0px !important;padding-bottom: 0px !important;}&#8221; parallax_scroll=&#8221;no&#8221;][\/vc_column][\/vc_row][vc_row gap=&#8221;35&#8243;][vc_column width=&#8221;1\/3&#8243;]<div class=\"porto-u-heading  wpb_custom_95aa9a11c17ad45cfabaf210d84ee7cc\" data-hspacer=\"no_spacer\" data-halign=\"center\" style=\"text-align:center\"><div class=\"porto-u-main-heading\"><h2   style=\"font-family:Open Sans; font-weight:; font-style:; font-weight:700;color:#231f20;margin-bottom: 20px;font-size:15px;line-height:22px;\">DZIANINA SPORTOWA S-042\/300\/DR<\/h2><\/div><\/div>[vc_single_image image=&#8221;1240129&#8243; img_size=&#8221;260&#215;260&#8243; alignment=&#8221;center&#8221; style=&#8221;vc_box_rounded&#8221; parallax_scroll=&#8221;no&#8221; css=&#8221;.vc_custom_1672840982052{padding-bottom: 20px !important;}&#8221; label=&#8221;&#8221;]<div class=\"porto-u-heading materialy_baner  wpb_custom_31fd19683a710b8b3cb2ba2e3e81e884\" data-hspacer=\"no_spacer\" data-halign=\"center\" style=\"text-align:center\"><div class=\"porto-u-sub-heading\" style=\"color: #575757;margin-bottom:0px;\"><a class=\"sg-show-popup sgpb-popup-id-1240122\" data-sgpbpopupid=\"1240122\" data-popup-event=\"click\" data-popup-id=\"1240122\">SK\u0141AD I KOLORYSTYKA<\/a><\/div><\/div>[\/vc_column][\/vc_row][vc_row full_width=&#8221;stretch_row&#8221; wrap_container=&#8221;yes&#8221; css=&#8221;.vc_custom_1618227196397{background-color: #f2f2f2 !important;}&#8221; el_id=&#8221;materialy_jakzamowic&#8221;][vc_column css=&#8221;.vc_custom_1617871795680{margin-top: 20px !important;}&#8221;]<div class=\"porto-u-heading  wpb_custom_95aa9a11c17ad45cfabaf210d84ee7cc\" data-hspacer=\"no_spacer\" data-halign=\"left\" style=\"text-align:left\"><div class=\"porto-u-main-heading\"><h2   style=\"font-family:Open Sans; font-weight:700; font-style:normal; font-weight:700;color:#231f20;margin-bottom: 20px;font-size:22px;line-height:30px;\">Jak zam\u00f3wi\u0107?<\/h2><\/div><\/div>[vc_row_inner gap=&#8221;35&#8243;][vc_column_inner width=&#8221;1\/3&#8243;]<div class=\"aio-icon-component  vc_custom_1619094900881   style_3\"><div id=\"Info-box-wrap-1535\" class=\"aio-icon-box top-icon\" style=\"\"  ><div class=\"aio-icon-top\"><div class=\"ult-just-icon-wrapper  \"><div class=\"align-icon\" style=\"text-align:center;\">\n<div class=\"aio-icon-img \" style=\"font-size:127px;display:inline-block;\" >\n\t<img class=\"img-icon\" alt=\"null\" src=\"https:\/\/universeproduction.com\/wp-content\/uploads\/2021\/04\/konsultacja-1.svg\"\/>\n<\/div><\/div><\/div><\/div><div class=\"aio-icon-header\" ><h3 class=\"aio-icon-title ult-responsive\"  data-ultimate-target='#Info-box-wrap-1535 .aio-icon-title'  data-responsive-json-new='{\"font-size\":\"desktop:15px;\",\"line-height\":\"desktop:21px;\"}'  style=\"font-family:&#039;Open Sans&#039;;color:#231f20;\">1. KONSULTACJA PROJEKTU<\/h3><\/div> <!-- header --><\/div> <!-- aio-icon-box --><\/div> <!-- aio-icon-component -->[vc_column_text css=&#8221;.vc_custom_1619094943077{margin-top: 0px !important;margin-bottom: 0px !important;border-top-width: 0px !important;border-bottom-width: 0px !important;padding-top: 0px !important;padding-bottom: 0px !important;}&#8221;]<\/p>\n<ul>\n<li>Przedstaw nam wst\u0119pny pomys\u0142 na projekt odzie\u017cy, opowiedz nam na jak\u0105 jest okazj\u0119, a my stworzymy go za Ciebie!<\/li>\n<\/ul>\n<p>[\/vc_column_text][vc_column_text css=&#8221;.vc_custom_1619094949621{margin-top: 0px !important;margin-bottom: 0px !important;border-top-width: 0px !important;border-bottom-width: 0px !important;padding-top: 0px !important;padding-bottom: 0px !important;}&#8221; text_larger=&#8221;no&#8221;]<\/p>\n<ul>\n<li>Przyjmujemy r\u00f3wnie\u017c gotowe projekty do realizacji.<\/li>\n<\/ul>\n<p>[\/vc_column_text][vc_column_text css=&#8221;.vc_custom_1619094956162{margin-top: 0px !important;margin-bottom: 0px !important;border-top-width: 0px !important;border-bottom-width: 0px !important;padding-top: 0px !important;padding-bottom: 0px !important;}&#8221; text_larger=&#8221;no&#8221;]<\/p>\n<ul>\n<li>Okre\u015bl orientacyjn\u0105 wielko\u015b\u0107 zam\u00f3wienia, zastan\u00f3w, si\u0119 jak chcesz ozdobi\u0107 odzie\u017c (personalizowane metki) i skontaktuj si\u0119 z nami telefonicznie lub przez formularz.<\/li>\n<\/ul>\n<p>[\/vc_column_text][\/vc_column_inner][vc_column_inner width=&#8221;1\/3&#8243;]<div class=\"aio-icon-component  vc_custom_1619094914684   style_3\"><div id=\"Info-box-wrap-5827\" class=\"aio-icon-box top-icon\" style=\"\"  ><div class=\"aio-icon-top\"><div class=\"ult-just-icon-wrapper  \"><div class=\"align-icon\" style=\"text-align:center;\">\n<div class=\"aio-icon-img \" style=\"font-size:133px;display:inline-block;\" >\n\t<img class=\"img-icon\" alt=\"null\" src=\"https:\/\/universeproduction.com\/wp-content\/uploads\/2021\/04\/projekt-1.svg\"\/>\n<\/div><\/div><\/div><\/div><div class=\"aio-icon-header\" ><h3 class=\"aio-icon-title ult-responsive\"  data-ultimate-target='#Info-box-wrap-5827 .aio-icon-title'  data-responsive-json-new='{\"font-size\":\"desktop:15px;\",\"line-height\":\"desktop:21px;\"}'  style=\"font-family:&#039;Open Sans&#039;;color:#231f20;\">2. PROJEKT I WYCENA<\/h3><\/div> <!-- header --><\/div> <!-- aio-icon-box --><\/div> <!-- aio-icon-component -->[vc_column_text css=&#8221;.vc_custom_1619094964457{margin-top: 0px !important;margin-bottom: 0px !important;border-top-width: 0px !important;border-bottom-width: 0px !important;padding-top: 0px !important;padding-bottom: 0px !important;}&#8221;]<\/p>\n<ul>\n<li>Na podstawie podanej wielko\u015bci zam\u00f3wienia, wybranych produkt\u00f3w, rodzaju i ilo\u015bci nanoszonych wzor\u00f3w oraz metek, tworzymy dla Ciebie wycen\u0119.<\/li>\n<\/ul>\n<p>[\/vc_column_text][vc_column_text css=&#8221;.vc_custom_1619094971785{margin-top: 0px !important;margin-bottom: 0px !important;border-top-width: 0px !important;border-bottom-width: 0px !important;padding-top: 0px !important;padding-bottom: 0px !important;}&#8221;]<\/p>\n<ul>\n<li>Przedstawiamy Ci wizualizacje produkt\u00f3w do akceptacji.<\/li>\n<\/ul>\n<p>[\/vc_column_text][vc_column_text css=&#8221;.vc_custom_1619094978545{margin-top: 0px !important;margin-bottom: 0px !important;border-top-width: 0px !important;border-bottom-width: 0px !important;padding-top: 0px !important;padding-bottom: 0px !important;}&#8221;]<\/p>\n<ul>\n<li>Na \u017cyczenie wysy\u0142amy pr\u00f3bki tkanin i odzie\u017cy.<\/li>\n<\/ul>\n<p>[\/vc_column_text][\/vc_column_inner][vc_column_inner width=&#8221;1\/3&#8243;]<div class=\"aio-icon-component  vc_custom_1619094929006   style_3\"><div id=\"Info-box-wrap-7040\" class=\"aio-icon-box top-icon\" style=\"\"  ><div class=\"aio-icon-top\"><div class=\"ult-just-icon-wrapper  \"><div class=\"align-icon\" style=\"text-align:center;\">\n<div class=\"aio-icon-img \" style=\"font-size:128px;display:inline-block;\" >\n\t<img class=\"img-icon\" alt=\"null\" src=\"https:\/\/universeproduction.com\/wp-content\/uploads\/2021\/04\/szycie-1.svg\"\/>\n<\/div><\/div><\/div><\/div><div class=\"aio-icon-header\" ><h3 class=\"aio-icon-title ult-responsive\"  data-ultimate-target='#Info-box-wrap-7040 .aio-icon-title'  data-responsive-json-new='{\"font-size\":\"desktop:15px;\",\"line-height\":\"desktop:21px;\"}'  style=\"font-family:&#039;Open Sans&#039;;color:#231f20;\">3. SZYCIE W 2-4 TYGODNIE<\/h3><\/div> <!-- header --><\/div> <!-- aio-icon-box --><\/div> <!-- aio-icon-component -->[vc_column_text css=&#8221;.vc_custom_1619094985761{margin-top: 0px !important;margin-bottom: 0px !important;border-top-width: 0px !important;border-bottom-width: 0px !important;padding-top: 0px !important;padding-bottom: 0px !important;}&#8221; text_larger=&#8221;no&#8221;]<\/p>\n<ul>\n<li>Po akceptacji projekty trafiaj\u0105 do naszej szwalni, a nast\u0119pnie do Ciebie lub do Twojego klienta!<\/li>\n<\/ul>\n<p>[\/vc_column_text][vc_column_text css=&#8221;.vc_custom_1619094993179{margin-top: 0px !important;margin-bottom: 0px !important;border-top-width: 0px !important;border-bottom-width: 0px !important;padding-top: 0px !important;padding-bottom: 0px !important;}&#8221; text_larger=&#8221;no&#8221;]<\/p>\n<ul>\n<li>W zale\u017cno\u015bci od rodzaju produkt\u00f3w czas realizacji zam\u00f3wienia mo\u017ce by\u0107 r\u00f3\u017cny.<\/li>\n<\/ul>\n<p>[\/vc_column_text][\/vc_column_inner][\/vc_row_inner][\/vc_column][\/vc_row][vc_row el_class=&#8221;napisz-do-nas-button&#8221; css=&#8221;.vc_custom_1617972420241{margin-top: 40px !important;}&#8221;][vc_column]<div class=\"porto-u-heading telefony_sekcja  wpb_custom_95aa9a11c17ad45cfabaf210d84ee7cc\" data-hspacer=\"no_spacer\" data-halign=\"center\" style=\"text-align:center\"><div class=\"porto-u-sub-heading\" style=\"font-weight:400;color: #231f20;margin-bottom:10px;font-size:21px;line-height:0px;letter-spacing:0px;\">\n<div id=\"contactBox\" style=\"margin-top: 40px;\">\n<div style=\"margin-bottom: 15px;\"><i class=\"fas fa-phone\" style=\"font-size: 21px; color: #575757;\">\u00a0<a style=\"font-size: 21px; color: #575757;\" href=\"tel:+48733904144\">+48 733 904 144 ( <i class=\"fab fa-whatsapp\" style=\"font-size: 21px; color: #575757;\"><\/i> call WhatsApp )<\/a><\/i><\/div>\n<div><i class=\"fas fa-envelope\" style=\"font-size: 21px; color: #575757;\"><\/i>\u00a0<a style=\"font-size: 21px; color: #575757;\" href=\"mailto:zapytania@universeproduction.com\">zapytania@universeproduction.com<\/a><\/div>\n<\/div>\n<p><\/div><\/div><div class=\"porto-btn-ctn-center \"><a class=\"porto-btn  vc_custom_1620200959509 porto-adjust-bottom-margin porto-btn-custom porto-btn-no-hover-bg  wpb_custom_fa51088c2567b780100c1edcf8821d3b  porto-btn-center \" title='WRITE TO US!' rel='' href = \"https:\/\/www.universeproduction.com\/contact\/\" target='_blank' data-hover=\"#ffffff\" data-border-color=\"\" data-bg=\"#2ec5cc\" data-hover-bg=\"#2ec5cc\" data-border-hover=\"\" data-shadow-click=\"none\" data-shadow=\"\" style=\"font-family:Open Sans; font-weight:400; font-style:normal; font-weight:400;font-size:14px;width:274px;min-height:40px;line-height:39px;border:none;background: #2ec5cc;color: #ffffff;\"><span class=\"porto-btn-hover\" style=\"background-color:#2ec5cc\"><\/span><span class=\"porto-btn-data porto-btn-text \" >WRITE TO US!<\/span><\/a><\/div>[\/vc_column][\/vc_row][vc_row css=&#8221;.vc_custom_1614938392777{margin-bottom: 0px !important;padding-top: 10px !important;padding-bottom: 0px !important;}&#8221; mobile_bg_img_hidden=&#8221;no&#8221; tablet_bg_img_hidden=&#8221;no&#8221; woodmart_parallax=&#8221;0&#8243; woodmart_gradient_switch=&#8221;no&#8221; row_reverse_mobile=&#8221;0&#8243; row_reverse_tablet=&#8221;0&#8243; woodmart_disable_overflow=&#8221;0&#8243;][vc_column]<div class=\"porto-u-heading  wpb_custom_95aa9a11c17ad45cfabaf210d84ee7cc\" data-hspacer=\"no_spacer\" data-halign=\"center\" style=\"text-align:center\"><div class=\"porto-u-main-heading\"><h2   style=\"font-family:Open Sans; font-weight:; font-style:; font-weight:700;color:#231f20;margin-bottom: 20px;font-size:22px;line-height:30px;\">Dlaczego warto z nami wsp\u00f3\u0142pracowa\u0107?<\/h2><\/div><div class=\"porto-u-sub-heading\" style=\"font-family:Open Sans; font-weight:300; font-style:normal; font-weight:400;color: #575757;margin-bottom:20px;font-size:14px;line-height:24px;letter-spacing:0px;\">Nasz zesp\u00f3\u0142 to pasjonaci, liderzy bran\u017cy, specjali\u015bci z wieloletnim do\u015bwiadczeniem, kt\u00f3rzy uczestniczyli przy wielu ambitnych i innowacyjnych projektach. Nasz park maszynowy jest jednym z najnowocze\u015bniejszych w Europie. Dzi\u0119ki temu jeste\u015bmy w stanie uczestniczy\u0107 w najbardziej wymagaj\u0105cych projektach marketingowych oraz produkcji przy najwy\u017cszych standardach jako\u015bciowych.<\/p>\n<p>Ka\u017cdy z naszych Klient\u00f3w posiada dedykowanego konsultanta, kt\u00f3ry odpowiada za koordynacj\u0119 zlecenia, profesjonalne doradztwo odno\u015bnie wyboru odzie\u017cy, zdobienia, personalizacji, czy zindywidualizowanych wysy\u0142ek.<\/div><\/div>[vc_row_inner gap=&#8221;35&#8243; el_class=&#8221;teepro-info-box has-icon-bg&#8221; css=&#8221;.vc_custom_1617960051816{padding-top: 20px !important;}&#8221;][vc_column_inner width=&#8221;1\/2&#8243; offset=&#8221;vc_col-lg-3 vc_col-md-3 vc_col-xs-12&#8243;]<div class=\"aio-icon-component    style_3\"><div id=\"Info-box-wrap-8919\" class=\"aio-icon-box top-icon\" style=\"\"  ><div class=\"aio-icon-top\"><div class=\"ult-just-icon-wrapper  \"><div class=\"align-icon\" style=\"text-align:center;\">\n<div class=\"aio-icon-img \" style=\"font-size:64px;display:inline-block;\" >\n\t<img class=\"img-icon\" alt=\"null\" src=\"https:\/\/universeproduction.com\/wp-content\/uploads\/2021\/04\/wszystko_dach-1.svg\"\/>\n<\/div><\/div><\/div><\/div><div class=\"aio-icon-header\" ><h3 class=\"aio-icon-title ult-responsive\"  data-ultimate-target='#Info-box-wrap-8919 .aio-icon-title'  data-responsive-json-new='{\"font-size\":\"desktop:16px;\",\"line-height\":\"desktop:22px;\"}'  style=\"font-family:&#039;Open Sans&#039;;font-weight:bold;\">WSZYSTKO POD JEDNYM DACHEM<\/h3><\/div> <!-- header --><div class=\"aio-icon-description ult-responsive\"  data-ultimate-target='#Info-box-wrap-8919 .aio-icon-description'  data-responsive-json-new='{\"font-size\":\"desktop:14px;\",\"line-height\":\"desktop:19px;\"}'  style=\"font-family:&#039;Open Sans&#039;;\">Magazyn odzie\u017cy, szwalnia,<br \/>\nogromna hala produkcji<br \/>\nzdobie\u0144 (sitodruk, haft etc.).<\/div> <!-- description --><\/div> <!-- aio-icon-box --><\/div> <!-- aio-icon-component -->[\/vc_column_inner][vc_column_inner width=&#8221;1\/2&#8243; offset=&#8221;vc_col-lg-3 vc_col-md-3 vc_col-xs-12&#8243;]<div class=\"aio-icon-component    style_3\"><div id=\"Info-box-wrap-1698\" class=\"aio-icon-box top-icon\" style=\"\"  ><div class=\"aio-icon-top\"><div class=\"ult-just-icon-wrapper  \"><div class=\"align-icon\" style=\"text-align:center;\">\n<div class=\"aio-icon-img \" style=\"font-size:62px;display:inline-block;\" >\n\t<img class=\"img-icon\" alt=\"null\" src=\"https:\/\/universeproduction.com\/wp-content\/uploads\/2021\/04\/szycie-2.svg\"\/>\n<\/div><\/div><\/div><\/div><div class=\"aio-icon-header\" ><h3 class=\"aio-icon-title ult-responsive\"  data-ultimate-target='#Info-box-wrap-1698 .aio-icon-title'  data-responsive-json-new='{\"font-size\":\"desktop:16px;\",\"line-height\":\"desktop:22px;\"}'  style=\"font-family:&#039;Open Sans&#039;;font-weight:bold;\">OFERTA SZYTA NA MIAR\u0118<\/h3><\/div> <!-- header --><div class=\"aio-icon-description ult-responsive\"  data-ultimate-target='#Info-box-wrap-1698 .aio-icon-description'  data-responsive-json-new='{\"font-size\":\"desktop:14px;\",\"line-height\":\"desktop:19px;\"}'  style=\"font-family:&#039;Open Sans&#039;;\">Zesp\u00f3\u0142 wykwalifikowanych<br \/>\ndoradc\u00f3w, szeroki dost\u0119p do<br \/>\nprodukt\u00f3w i us\u0142ug, dobieramy<br \/>\nodpowiednie technologie i<br \/>\nrozwi\u0105zania.<\/div> <!-- description --><\/div> <!-- aio-icon-box --><\/div> <!-- aio-icon-component -->[\/vc_column_inner][vc_column_inner width=&#8221;1\/2&#8243; offset=&#8221;vc_col-lg-3 vc_col-md-3 vc_col-xs-12&#8243;]<div class=\"aio-icon-component    style_3\"><div id=\"Info-box-wrap-9194\" class=\"aio-icon-box top-icon\" style=\"\"  ><div class=\"aio-icon-top\"><div class=\"ult-just-icon-wrapper  \"><div class=\"align-icon\" style=\"text-align:center;\">\n<div class=\"aio-icon-img \" style=\"font-size:48px;display:inline-block;\" >\n\t<img class=\"img-icon\" alt=\"null\" src=\"https:\/\/universeproduction.com\/wp-content\/uploads\/2021\/04\/produkt_najwazniejszy-1.svg\"\/>\n<\/div><\/div><\/div><\/div><div class=\"aio-icon-header\" ><h3 class=\"aio-icon-title ult-responsive\"  data-ultimate-target='#Info-box-wrap-9194 .aio-icon-title'  data-responsive-json-new='{\"font-size\":\"desktop:16px;\",\"line-height\":\"desktop:22px;\"}'  style=\"font-family:&#039;Open Sans&#039;;font-weight:bold;\">TW\u00d3J PRODUKT JEST DLA NAS NAJWA\u017bNIEJSZY<\/h3><\/div> <!-- header --><div class=\"aio-icon-description ult-responsive\"  data-ultimate-target='#Info-box-wrap-9194 .aio-icon-description'  data-responsive-json-new='{\"font-size\":\"desktop:14px;\",\"line-height\":\"desktop:19px;\"}'  style=\"font-family:&#039;Open Sans&#039;;\">Zadbamy o najwy\u017csz\u0105 jako\u015b\u0107,<br \/>\nterminowo\u015b\u0107, i oryginalno\u015b\u0107.<\/div> <!-- description --><\/div> <!-- aio-icon-box --><\/div> <!-- aio-icon-component -->[\/vc_column_inner][vc_column_inner width=&#8221;1\/2&#8243; offset=&#8221;vc_col-lg-3 vc_col-md-3 vc_col-xs-12&#8243;]<div class=\"aio-icon-component    style_3\"><div id=\"Info-box-wrap-8762\" class=\"aio-icon-box top-icon\" style=\"\"  ><div class=\"aio-icon-top\"><div class=\"ult-just-icon-wrapper  \"><div class=\"align-icon\" style=\"text-align:center;\">\n<div class=\"aio-icon-img \" style=\"font-size:64px;display:inline-block;\" >\n\t<img class=\"img-icon\" alt=\"null\" src=\"https:\/\/universeproduction.com\/wp-content\/uploads\/2021\/04\/producent-1.svg\"\/>\n<\/div><\/div><\/div><\/div><div class=\"aio-icon-header\" ><h3 class=\"aio-icon-title ult-responsive\"  data-ultimate-target='#Info-box-wrap-8762 .aio-icon-title'  data-responsive-json-new='{\"font-size\":\"desktop:16px;\",\"line-height\":\"desktop:22px;\"}'  style=\"font-family:&#039;Open Sans&#039;;font-weight:bold;\">JESTE\u015aMY PRODUCENTEM<\/h3><\/div> <!-- header --><div class=\"aio-icon-description ult-responsive\"  data-ultimate-target='#Info-box-wrap-8762 .aio-icon-description'  data-responsive-json-new='{\"font-size\":\"desktop:14px;\",\"line-height\":\"desktop:19px;\"}'  style=\"font-family:&#039;Open Sans&#039;;\">Zamawiaj\u0105c u<br \/>\nNas masz pewno\u015b\u0107 wykonania<br \/>\nus\u0142ugi przez producenta a nie<br \/>\npo\u015brednika. Gwarantujemy niskie<br \/>\nceny oraz szybkie terminy realizacji.<\/div> <!-- description --><\/div> <!-- aio-icon-box --><\/div> <!-- aio-icon-component -->[\/vc_column_inner][\/vc_row_inner][\/vc_column][\/vc_row]<\/p>\n","protected":false},"excerpt":{"rendered":"<p>[vc_row mobile_bg_img_hidden=&#8221;no&#8221; tablet_bg_img_hidden=&#8221;no&#8221; woodmart_parallax=&#8221;0&#8243; woodmart_gradient_switch=&#8221;no&#8221; row_reverse_mobile=&#8221;0&#8243; row_reverse_tablet=&#8221;0&#8243; woodmart_disable_overflow=&#8221;0&#8243; css=&#8221;.vc_custom_1617871602441{margin-top: 49px !important;}&#8221;][vc_column width=&#8221;1\/2&#8243; offset=&#8221;vc_col-lg-4&#8243;][vc_single_image image=&#8221;2594&#8243; img_size=&#8221;full&#8221; css=&#8221;.vc_custom_1619094684822{margin-bottom: 0px !important;border-bottom-width: 0px !important;padding-bottom: 0px !important;}&#8221; parallax_scroll=&#8221;no&#8221;][vc_wp_custommenu nav_menu=&#8221;185&#8243; el_class=&#8221;menu_menu&#8221;][\/vc_column][vc_column width=&#8221;1\/2&#8243; offset=&#8221;vc_col-lg-8&#8243;][vc_single_image image=&#8221;2593&#8243; img_size=&#8221;96&#215;96&#8243; css=&#8221;.vc_custom_1619094723685{margin-bottom: 0px !important;border-bottom-width: 0px !important;padding-bottom: 0px !important;}&#8221; parallax_scroll=&#8221;no&#8221;][\/vc_column][\/vc_row][vc_row gap=&#8221;35&#8243;][vc_column width=&#8221;1\/3&#8243;][vc_single_image image=&#8221;1240129&#8243; img_size=&#8221;260&#215;260&#8243; alignment=&#8221;center&#8221; style=&#8221;vc_box_rounded&#8221; parallax_scroll=&#8221;no&#8221; css=&#8221;.vc_custom_1672840982052{padding-bottom: 20px !important;}&#8221; label=&#8221;&#8221;][\/vc_column][\/vc_row][vc_row full_width=&#8221;stretch_row&#8221; wrap_container=&#8221;yes&#8221; css=&#8221;.vc_custom_1618227196397{background-color: #f2f2f2 !important;}&#8221; el_id=&#8221;materialy_jakzamowic&#8221;][vc_column css=&#8221;.vc_custom_1617871795680{margin-top: [&hellip;]<\/p>\n","protected":false},"author":1,"featured_media":0,"parent":0,"menu_order":0,"comment_status":"closed","ping_status":"closed","template":"","meta":[],"_links":{"self":[{"href":"https:\/\/universeproduction.com\/pl\/wp-json\/wp\/v2\/pages\/1240128"}],"collection":[{"href":"https:\/\/universeproduction.com\/pl\/wp-json\/wp\/v2\/pages"}],"about":[{"href":"https:\/\/universeproduction.com\/pl\/wp-json\/wp\/v2\/types\/page"}],"author":[{"embeddable":true,"href":"https:\/\/universeproduction.com\/pl\/wp-json\/wp\/v2\/users\/1"}],"replies":[{"embeddable":true,"href":"https:\/\/universeproduction.com\/pl\/wp-json\/wp\/v2\/comments?post=1240128"}],"version-history":[{"count":2,"href":"https:\/\/universeproduction.com\/pl\/wp-json\/wp\/v2\/pages\/1240128\/revisions"}],"predecessor-version":[{"id":1240133,"href":"https:\/\/universeproduction.com\/pl\/wp-json\/wp\/v2\/pages\/1240128\/revisions\/1240133"}],"wp:attachment":[{"href":"https:\/\/universeproduction.com\/pl\/wp-json\/wp\/v2\/media?parent=1240128"}],"curies":[{"name":"wp","href":"https:\/\/api.w.org\/{rel}","templated":true}]}}