{"id":1238841,"date":"2022-12-16T09:02:10","date_gmt":"2022-12-16T09:02:10","guid":{"rendered":"https:\/\/universeproduction.com\/?page_id=1238841"},"modified":"2022-12-23T12:44:43","modified_gmt":"2022-12-23T12:44:43","slug":"fartuch-zapaska-fz02","status":"publish","type":"page","link":"https:\/\/universeproduction.com\/pl\/fartuch-zapaska-fz02\/","title":{"rendered":"Fartuch Zapaska FZ02"},"content":{"rendered":"<p>[vc_row mobile_bg_img_hidden=&#8221;no&#8221; tablet_bg_img_hidden=&#8221;no&#8221; woodmart_parallax=&#8221;0&#8243; woodmart_gradient_switch=&#8221;no&#8221; row_reverse_mobile=&#8221;0&#8243; row_reverse_tablet=&#8221;0&#8243; woodmart_disable_overflow=&#8221;0&#8243; css=&#8221;.vc_custom_1617871602441{margin-top: 49px !important;}&#8221;][vc_column width=&#8221;1\/2&#8243; offset=&#8221;vc_col-lg-4&#8243;]<div class=\"porto-u-heading  wpb_custom_95aa9a11c17ad45cfabaf210d84ee7cc\" data-hspacer=\"no_spacer\" data-halign=\"left\" style=\"text-align:left\"><div class=\"porto-u-main-heading\"><h2   style=\"font-family:Open Sans; font-weight:700; font-style:normal; font-weight:700;color:#231f20;margin-bottom: 20px;font-size:22px;line-height:30px;\">Szwalnia<\/h2><\/div><\/div>[vc_single_image image=&#8221;2594&#8243; img_size=&#8221;full&#8221; css=&#8221;.vc_custom_1620203640135{margin-bottom: 0px !important;border-bottom-width: 0px !important;padding-bottom: 0px !important;}&#8221; parallax_scroll=&#8221;no&#8221;][vc_wp_custommenu nav_menu=&#8221;185&#8243; el_class=&#8221;menu_menu&#8221;][vc_single_image image=&#8221;1238160&#8243; img_size=&#8221;full&#8221;][\/vc_column][vc_column width=&#8221;1\/2&#8243; offset=&#8221;vc_col-lg-8&#8243;][vc_row_inner content_placement=&#8221;bottom&#8221;][vc_column_inner width=&#8221;1\/3&#8243;]<div class=\"porto-u-heading  wpb_custom_95aa9a11c17ad45cfabaf210d84ee7cc\" data-hspacer=\"no_spacer\" data-halign=\"left\" style=\"text-align:left\"><div class=\"porto-u-main-heading\"><h1   style=\"font-family:Open Sans; font-weight:700; font-style:normal; font-weight:700;color:#231f20;margin-bottom: 0px;font-size:22px;line-height:30px;\">Fartuch Zapaska FZ02<\/h1><\/div><\/div>[\/vc_column_inner][vc_column_inner width=&#8221;1\/3&#8243;]<span id=\"creative-link-wrap-5502\" class=\"ult_main_cl ult-adjust-bottom-margin product-details-link \" >\r\n\t \t\t\t<span class=\"  ult_crlink\" >\r\n\t\t\t\t\t<a  data-ultimate-target='#creative-link-wrap-5502 .ult_colorlink'  data-responsive-json-new='{\"font-size\":\"desktop:16px;\",\"line-height\":\"desktop:24px;\"}'  href=\"https:\/\/universeproduction.com\/pl\/fartuch-kelnerski-fk01\/\" title=\"T-shirt damski\"  class=\"ult_colorlink ult-responsive  vc_custom_1671181303236\" style=\"float:left;font-family:Open Sans;font-weight:normal; \"  data-textcolor=\"#000000\" data-texthover=\"#000000\"data-style=\"\">\r\n\t\t\t\t\t\t\r\n\t\t\t\t\t\t<span data-hover=\"Fartuch Kelnerski FK01\" style=\"color:#000000;;;\" class=\"ult_btn10_span   \">Fartuch Kelnerski FK01<\/span>\r\n\t\t\t\t\t\t\r\n\t\t\t\t\t<\/a>\r\n\t\t\t\t<\/span>\r\n\t\t\t<\/span>[\/vc_column_inner][\/vc_row_inner][vc_row_inner][vc_column_inner width=&#8221;1\/2&#8243;][vc_single_image image=&#8221;1238833&#8243; img_size=&#8221;full&#8221;][\/vc_column_inner][vc_column_inner width=&#8221;1\/2&#8243; css=&#8221;.vc_custom_1669813570052{margin-top: 20px !important;}&#8221;][vc_column_text el_class=&#8221;product-details-text&#8221;]Funkcjonalny fartuch z paskiem z tego samego materia\u0142u. Twillowy materia\u0142. Fartuch posiada wzmocnione szwy pask\u00f3w oraz naszywan\u0105 kiesze\u0144 (60 x 22 cm) na ca\u0142ej szeroko\u015bci fartucha, z 3 praktycznymi przegr\u00f3dkami (ka\u017cda 20 x 22 cm). Jest mo\u017cliwo\u015b\u0107 prania (bez nadruku) w temp. do 60\u00b0C.[\/vc_column_text][vc_column_text]<strong>Fason:<\/strong> dopasowany lub inny na \u017cyczenie klienta<br \/>\n<strong>Dekolt:<\/strong> okr\u0105g\u0142y lub v-neck, z dodatkiem elastanu<br \/>\n<strong>Sk\u0142ad:<\/strong> 100% bawe\u0142na<br \/>\n<strong>Gramatura:<\/strong> od 150g do 210g<br \/>\n<strong>Nadruki:<\/strong> sitodruk , sitodruk 3D, folia flex, folia flock, nadruk odblaskowy,<br \/>\ncyfrowy nadruk \u2013 DTG<br \/>\n<strong>Hafty:<\/strong> haft komputerowy, haft 3D<br \/>\n<strong>Naszywki:<\/strong> haftowane, drukowane, elastomery, metki<br \/>\n<strong>Min. nak\u0142ad:<\/strong> 50 szt.[\/vc_column_text][vc_column_text el_class=&#8221;product-details-text&#8221;]<strong>Dost\u0119pne tkaniny <\/strong><a class=\"product-detalis-link\" href=\"https:\/\/universeproduction.com\/pl\/szwalnia\/materialy\/\">SPRAWD\u0179<\/a>[\/vc_column_text][vc_column_text]<strong>Dost\u0119pna kolorystyka:<\/strong><\/p>\n<div class=\"sample-color-box\">\n<div class=\"sample-color\">\n<div class=\"sample-color-pattern\" style=\"background-color: #231f20;\"><\/div>\n<div class=\"sample-color-text\">Black<\/div>\n<\/div>\n<div class=\"sample-color\">\n<div class=\"sample-color-pattern\" style=\"background-color: #e32929;\"><\/div>\n<div class=\"sample-color-text\">Classic Red<\/div>\n<\/div>\n<div class=\"sample-color\">\n<div class=\"sample-color-pattern\" style=\"background-color: #093161;\"><\/div>\n<div class=\"sample-color-text\">French Navy<\/div>\n<\/div>\n<div class=\"sample-color\">\n<div class=\"sample-color-pattern\" style=\"background-color: #00a651;\"><\/div>\n<div class=\"sample-color-text\">Green<\/div>\n<\/div>\n<div class=\"sample-color\">\n<div class=\"sample-color-pattern\" style=\"background-color: #00a651;\"><\/div>\n<div class=\"sample-color-text\">Brown<\/div>\n<\/div>\n<div class=\"sample-color\">\n<div class=\"sample-color-pattern\" style=\"background-color: #6b0f1d;\"><\/div>\n<div class=\"sample-color-text\">Claret<\/div>\n<\/div>\n<div class=\"sample-color\">\n<div class=\"sample-color-pattern\" style=\"border: 1px solid black;\"><\/div>\n<div class=\"sample-color-text\">White<\/div>\n<\/div>\n<\/div>\n<p>*barwimy te\u017c materia\u0142 pod pantone klienta[\/vc_column_text]<div class=\"porto-btn-ctn-center product-details-button\"><a class=\"porto-btn  vc_custom_1669817792971 porto-adjust-bottom-margin porto-btn-normal porto-btn-top-bg  wpb_custom_099e1286308eed3d8272532c4ef5e59b  porto-btn-center product-details-button\" title='zapytaj o produkt' rel=' nofollow' href = \"https:\/\/universeproduction.com\/pl\/kontakt\/\" target='_blank' data-hover=\"\" data-border-color=\"\" data-bg=\"#10c2cc\" data-hover-bg=\"#2ec5cc\" data-border-hover=\"\" data-shadow-click=\"none\" data-shadow=\"\" style=\"border:none;background: #10c2cc;color: #ffffff;\"><span class=\"porto-btn-hover\" style=\"background-color:#2ec5cc\"><\/span><span class=\"porto-btn-data porto-btn-text \" >ZAPYTAJ O PRODUKT<\/span><\/a><\/div>[\/vc_column_inner][\/vc_row_inner][\/vc_column][\/vc_row]<\/p>\n","protected":false},"excerpt":{"rendered":"<p>[vc_row mobile_bg_img_hidden=&#8221;no&#8221; tablet_bg_img_hidden=&#8221;no&#8221; woodmart_parallax=&#8221;0&#8243; woodmart_gradient_switch=&#8221;no&#8221; row_reverse_mobile=&#8221;0&#8243; row_reverse_tablet=&#8221;0&#8243; woodmart_disable_overflow=&#8221;0&#8243; css=&#8221;.vc_custom_1617871602441{margin-top: 49px !important;}&#8221;][vc_column width=&#8221;1\/2&#8243; offset=&#8221;vc_col-lg-4&#8243;][vc_single_image image=&#8221;2594&#8243; img_size=&#8221;full&#8221; css=&#8221;.vc_custom_1620203640135{margin-bottom: 0px !important;border-bottom-width: 0px !important;padding-bottom: 0px !important;}&#8221; parallax_scroll=&#8221;no&#8221;][vc_wp_custommenu nav_menu=&#8221;185&#8243; el_class=&#8221;menu_menu&#8221;][vc_single_image image=&#8221;1238160&#8243; img_size=&#8221;full&#8221;][\/vc_column][vc_column width=&#8221;1\/2&#8243; offset=&#8221;vc_col-lg-8&#8243;][vc_row_inner content_placement=&#8221;bottom&#8221;][vc_column_inner width=&#8221;1\/3&#8243;][\/vc_column_inner][vc_column_inner width=&#8221;1\/3&#8243;][\/vc_column_inner][\/vc_row_inner][vc_row_inner][vc_column_inner width=&#8221;1\/2&#8243;][vc_single_image image=&#8221;1238833&#8243; img_size=&#8221;full&#8221;][\/vc_column_inner][vc_column_inner width=&#8221;1\/2&#8243; css=&#8221;.vc_custom_1669813570052{margin-top: 20px !important;}&#8221;][vc_column_text el_class=&#8221;product-details-text&#8221;]Funkcjonalny fartuch z paskiem z tego samego materia\u0142u. Twillowy materia\u0142. Fartuch posiada wzmocnione szwy pask\u00f3w oraz [&hellip;]<\/p>\n","protected":false},"author":1,"featured_media":0,"parent":0,"menu_order":0,"comment_status":"closed","ping_status":"closed","template":"","meta":[],"_links":{"self":[{"href":"https:\/\/universeproduction.com\/pl\/wp-json\/wp\/v2\/pages\/1238841"}],"collection":[{"href":"https:\/\/universeproduction.com\/pl\/wp-json\/wp\/v2\/pages"}],"about":[{"href":"https:\/\/universeproduction.com\/pl\/wp-json\/wp\/v2\/types\/page"}],"author":[{"embeddable":true,"href":"https:\/\/universeproduction.com\/pl\/wp-json\/wp\/v2\/users\/1"}],"replies":[{"embeddable":true,"href":"https:\/\/universeproduction.com\/pl\/wp-json\/wp\/v2\/comments?post=1238841"}],"version-history":[{"count":2,"href":"https:\/\/universeproduction.com\/pl\/wp-json\/wp\/v2\/pages\/1238841\/revisions"}],"predecessor-version":[{"id":1238882,"href":"https:\/\/universeproduction.com\/pl\/wp-json\/wp\/v2\/pages\/1238841\/revisions\/1238882"}],"wp:attachment":[{"href":"https:\/\/universeproduction.com\/pl\/wp-json\/wp\/v2\/media?parent=1238841"}],"curies":[{"name":"wp","href":"https:\/\/api.w.org\/{rel}","templated":true}]}}