{"id":1238772,"date":"2022-12-15T13:51:57","date_gmt":"2022-12-15T13:51:57","guid":{"rendered":"https:\/\/universeproduction.com\/?page_id=1238772"},"modified":"2022-12-15T13:53:16","modified_gmt":"2022-12-15T13:53:16","slug":"bluza-damska-sweatshirt-standard-bs02","status":"publish","type":"page","link":"https:\/\/universeproduction.com\/pl\/bluza-damska-sweatshirt-standard-bs02\/","title":{"rendered":"Bluza Damska Sweatshirt Standard BS02"},"content":{"rendered":"<p>[vc_row mobile_bg_img_hidden=&#8221;no&#8221; tablet_bg_img_hidden=&#8221;no&#8221; woodmart_parallax=&#8221;0&#8243; woodmart_gradient_switch=&#8221;no&#8221; row_reverse_mobile=&#8221;0&#8243; row_reverse_tablet=&#8221;0&#8243; woodmart_disable_overflow=&#8221;0&#8243; css=&#8221;.vc_custom_1617871602441{margin-top: 49px !important;}&#8221;][vc_column width=&#8221;1\/2&#8243; offset=&#8221;vc_col-lg-4&#8243;]<div class=\"porto-u-heading  wpb_custom_95aa9a11c17ad45cfabaf210d84ee7cc\" data-hspacer=\"no_spacer\" data-halign=\"left\" style=\"text-align:left\"><div class=\"porto-u-main-heading\"><h2   style=\"font-family:Open Sans; font-weight:700; font-style:normal; font-weight:700;color:#231f20;margin-bottom: 20px;font-size:22px;line-height:30px;\">Szwalnia<\/h2><\/div><\/div>[vc_single_image image=&#8221;2594&#8243; img_size=&#8221;full&#8221; css=&#8221;.vc_custom_1620203640135{margin-bottom: 0px !important;border-bottom-width: 0px !important;padding-bottom: 0px !important;}&#8221; parallax_scroll=&#8221;no&#8221;][vc_wp_custommenu nav_menu=&#8221;185&#8243; el_class=&#8221;menu_menu&#8221;][vc_single_image image=&#8221;1238160&#8243; img_size=&#8221;full&#8221;][\/vc_column][vc_column width=&#8221;1\/2&#8243; offset=&#8221;vc_col-lg-8&#8243;][vc_row_inner content_placement=&#8221;bottom&#8221;][vc_column_inner width=&#8221;1\/3&#8243;]<div class=\"porto-u-heading  wpb_custom_95aa9a11c17ad45cfabaf210d84ee7cc\" data-hspacer=\"no_spacer\" data-halign=\"left\" style=\"text-align:left\"><div class=\"porto-u-main-heading\"><h1   style=\"font-family:Open Sans; font-weight:700; font-style:normal; font-weight:700;color:#231f20;margin-bottom: 0px;font-size:22px;line-height:30px;\">Bluza Damska Sweatshirt Standard BS02<\/h1><\/div><\/div>[\/vc_column_inner][vc_column_inner width=&#8221;1\/3&#8243;]<span id=\"creative-link-wrap-1392\" class=\"ult_main_cl ult-adjust-bottom-margin product-details-link \" >\r\n\t \t\t\t<span class=\"  ult_crlink\" >\r\n\t\t\t\t\t<a  data-ultimate-target='#creative-link-wrap-1392 .ult_colorlink'  data-responsive-json-new='{\"font-size\":\"desktop:16px;\",\"line-height\":\"desktop:24px;\"}'  href=\"https:\/\/universeproduction.com\/pl\/bluza-meska-sweatshirt-standard-bs01\" title=\"T-shirt damski\"  class=\"ult_colorlink ult-responsive  vc_custom_1671112098802\" style=\"float:left;font-family:Open Sans;font-weight:normal; \"  data-textcolor=\"#000000\" data-texthover=\"#000000\"data-style=\"\">\r\n\t\t\t\t\t\t\r\n\t\t\t\t\t\t<span data-hover=\"Bluza M\u0119ska Sweatshirt Standard BS01\" style=\"color:#000000;;;\" class=\"ult_btn10_span   \">Bluza M\u0119ska Sweatshirt Standard BS01<\/span>\r\n\t\t\t\t\t\t\r\n\t\t\t\t\t<\/a>\r\n\t\t\t\t<\/span>\r\n\t\t\t<\/span>[\/vc_column_inner][\/vc_row_inner][vc_row_inner][vc_column_inner width=&#8221;1\/2&#8243;][vc_single_image image=&#8221;1238774&#8243; img_size=&#8221;full&#8221; label=&#8221;&#8221;][\/vc_column_inner][vc_column_inner width=&#8221;1\/2&#8243; css=&#8221;.vc_custom_1669813570052{margin-top: 20px !important;}&#8221;][vc_column_text el_class=&#8221;product-details-text&#8221;]Wykonana z ciep\u0142ej i mi\u0119kkiej mieszanki. Komfortowa drapana warstwa wewn\u0119trzna. Wyko\u0144czenie materia\u0142u mo\u017ce by\u0107 w wersji p\u0119telkowej. Dekoracyjne, p\u0142askie szwy, szerokie \u015bci\u0105gacze w r\u0119kawach i pasie, ta\u015bma na karku,<br \/>\nszwy boczne. Ma\u0142a metka w ko\u0142nierzu i z przepisem prania w szwie bocznym. R\u0119kawy wszyte na prosto lub do wyboru typ raglan.[\/vc_column_text][vc_column_text]<strong>Sk\u0142ad:<\/strong> 90% bawe\u0142na i 10% poliester<br \/>\n<strong>Gramatura:<\/strong> od 180g do 340g<br \/>\n<strong>Nadruki:<\/strong> sitodruk , sitodruk 3D, folia flex, folia flock, nadruk odblaskowy,<br \/>\ncyfrowy nadruk \u2013 DTG<br \/>\n<strong>Hafty:<\/strong> haft komputerowy, haft 3D<br \/>\n<strong>Naszywki:<\/strong> haftowane, drukowane, elastomery, metki<br \/>\n<strong>Min. nak\u0142ad:<\/strong> 50 szt.[\/vc_column_text][vc_column_text el_class=&#8221;product-details-text&#8221;]<strong>Dost\u0119pne rozmiary:<\/strong><br \/>\nod S do XXL[\/vc_column_text][vc_column_text el_class=&#8221;product-details-text&#8221;]<strong>Dost\u0119pne tkaniny <\/strong><a class=\"product-detalis-link\" href=\"https:\/\/universeproduction.com\/pl\/szwalnia\/materialy\/\">SPRAWD\u0179<\/a>[\/vc_column_text][vc_column_text]<strong>Dost\u0119pna kolorystyka:<\/strong><\/p>\n<div class=\"sample-color-box\">\n<div class=\"sample-color\">\n<div class=\"sample-color-pattern\" style=\"border: 1px solid black;\"><\/div>\n<div class=\"sample-color-text\">bia\u0142y<\/div>\n<\/div>\n<div class=\"sample-color\">\n<div class=\"sample-color-pattern\" style=\"background-color: #eee8d5;\"><\/div>\n<div class=\"sample-color-text\">B-001<\/div>\n<\/div>\n<div class=\"sample-color\">\n<div class=\"sample-color-pattern\" style=\"background-color: #f5e4aa;\"><\/div>\n<div class=\"sample-color-text\">B-002<\/div>\n<\/div>\n<div class=\"sample-color\">\n<div class=\"sample-color-pattern\" style=\"background-color: #f6aa1e;\"><\/div>\n<div class=\"sample-color-text\">B-013<\/div>\n<\/div>\n<div class=\"sample-color\">\n<div class=\"sample-color-pattern\" style=\"background-color: #f6aa1e;\"><\/div>\n<div class=\"sample-color-text\">B-036<\/div>\n<\/div>\n<div class=\"sample-color\">\n<div class=\"sample-color-pattern\" style=\"background-color: #6dbb51;\"><\/div>\n<div class=\"sample-color-text\">B-114<\/div>\n<\/div>\n<div class=\"sample-color\">\n<div class=\"sample-color-pattern\" style=\"background-color: #6d9b40;\"><\/div>\n<div class=\"sample-color-text\">B-060\/1<\/div>\n<\/div>\n<div class=\"sample-color\">\n<div class=\"sample-color-pattern\" style=\"background-color: #01b04c;\"><\/div>\n<div class=\"sample-color-text\">B-061\/2<\/div>\n<\/div>\n<div class=\"sample-color\">\n<div class=\"sample-color-pattern\" style=\"background-color: #008a54;\"><\/div>\n<div class=\"sample-color-text\">B-122\/2<\/div>\n<\/div>\n<div class=\"sample-color\">\n<div class=\"sample-color-pattern\" style=\"background-color: #13341a;\"><\/div>\n<div class=\"sample-color-text\">B-124\/2<\/div>\n<\/div>\n<div class=\"sample-color\">\n<div class=\"sample-color-pattern\" style=\"background-color: #b0cbd9;\"><\/div>\n<div class=\"sample-color-text\">B-032<\/div>\n<\/div>\n<div class=\"sample-color\">\n<div class=\"sample-color-pattern\" style=\"background-color: #4dace1;\"><\/div>\n<div class=\"sample-color-text\">B-004<\/div>\n<\/div>\n<div class=\"sample-color\">\n<div class=\"sample-color-pattern\" style=\"background-color: #46c4d7;\"><\/div>\n<div class=\"sample-color-text\">B-033<\/div>\n<\/div>\n<div class=\"sample-color\">\n<div class=\"sample-color-pattern\" style=\"background-color: #00b9bf;\"><\/div>\n<div class=\"sample-color-text\">B-051<\/div>\n<\/div>\n<div class=\"sample-color\">\n<div class=\"sample-color-pattern\" style=\"background-color: #00b6b1;\"><\/div>\n<div class=\"sample-color-text\">B-058<\/div>\n<\/div>\n<div class=\"sample-color\">\n<div class=\"sample-color-pattern\" style=\"background-color: #006aac;\"><\/div>\n<div class=\"sample-color-text\">B-131\/1<\/div>\n<\/div>\n<div class=\"sample-color\">\n<div class=\"sample-color-pattern\" style=\"background-color: #006aac;\"><\/div>\n<div class=\"sample-color-text\">B-037\/1<\/div>\n<\/div>\n<div class=\"sample-color\">\n<div class=\"sample-color-pattern\" style=\"background-color: #006aac;\"><\/div>\n<div class=\"sample-color-text\">B-079<\/div>\n<\/div>\n<div class=\"sample-color\">\n<div class=\"sample-color-pattern\" style=\"background-color: #1f5578;\"><\/div>\n<div class=\"sample-color-text\">B-007<\/div>\n<\/div>\n<div class=\"sample-color\">\n<div class=\"sample-color-pattern\" style=\"background-color: #01243e;\"><\/div>\n<div class=\"sample-color-text\">B-068\/2<\/div>\n<\/div>\n<div class=\"sample-color\">\n<div class=\"sample-color-pattern\" style=\"background-color: #071e2b;\"><\/div>\n<div class=\"sample-color-text\">B-024\/1<\/div>\n<\/div>\n<div class=\"sample-color\">\n<div class=\"sample-color-pattern\" style=\"background-color: #a2a783;\"><\/div>\n<div class=\"sample-color-text\">B-071<\/div>\n<\/div>\n<div class=\"sample-color\">\n<div class=\"sample-color-pattern\" style=\"background-color: #a2a783;\"><\/div>\n<div class=\"sample-color-text\">B-017<\/div>\n<\/div>\n<div class=\"sample-color\">\n<div class=\"sample-color-pattern\" style=\"background-color: #889067;\"><\/div>\n<div class=\"sample-color-text\">B-018<\/div>\n<\/div>\n<div class=\"sample-color\">\n<div class=\"sample-color-pattern\" style=\"background-color: #2a351c;\"><\/div>\n<div class=\"sample-color-text\">B-025<\/div>\n<\/div>\n<div class=\"sample-color\">\n<div class=\"sample-color-pattern\" style=\"background-color: #343a36;\"><\/div>\n<div class=\"sample-color-text\">B-067<\/div>\n<\/div>\n<div class=\"sample-color\">\n<div class=\"sample-color-pattern\" style=\"background-color: #f9c2d2;\"><\/div>\n<div class=\"sample-color-text\">B-008<\/div>\n<\/div>\n<div class=\"sample-color\">\n<div class=\"sample-color-pattern\" style=\"background-color: #eeb6d2;\"><\/div>\n<div class=\"sample-color-text\">B-009<\/div>\n<\/div>\n<div class=\"sample-color\">\n<div class=\"sample-color-pattern\" style=\"background-color: #ee448c;\"><\/div>\n<div class=\"sample-color-text\">B-010<\/div>\n<\/div>\n<div class=\"sample-color\">\n<div class=\"sample-color-pattern\" style=\"background-color: #ea145f;\"><\/div>\n<div class=\"sample-color-text\">B-011<\/div>\n<\/div>\n<div class=\"sample-color\">\n<div class=\"sample-color-pattern\" style=\"background-color: #be1e4a;\"><\/div>\n<div class=\"sample-color-text\">B-059<\/div>\n<\/div>\n<div class=\"sample-color\">\n<div class=\"sample-color-pattern\" style=\"background-color: #ee3130;\"><\/div>\n<div class=\"sample-color-text\">B-117<\/div>\n<\/div>\n<div class=\"sample-color\">\n<div class=\"sample-color-pattern\" style=\"background-color: #ee2524;\"><\/div>\n<div class=\"sample-color-text\">B-014<\/div>\n<\/div>\n<div class=\"sample-color\">\n<div class=\"sample-color-pattern\" style=\"background-color: #e11e26;\"><\/div>\n<div class=\"sample-color-text\">B-021\/1<\/div>\n<\/div>\n<div class=\"sample-color\">\n<div class=\"sample-color-pattern\" style=\"background-color: #ba2025;\"><\/div>\n<div class=\"sample-color-text\">B-022\/2<\/div>\n<\/div>\n<div class=\"sample-color\">\n<div class=\"sample-color-pattern\" style=\"background-color: #580c12;\"><\/div>\n<div class=\"sample-color-text\">B-070\/1<\/div>\n<\/div>\n<div class=\"sample-color\">\n<div class=\"sample-color-pattern\" style=\"background-color: #aab0b4;\"><\/div>\n<div class=\"sample-color-text\">B-066<\/div>\n<\/div>\n<div class=\"sample-color\">\n<div class=\"sample-color-pattern\" style=\"background-color: #aab0b4;\"><\/div>\n<div class=\"sample-color-text\">MELAN\u017b 5B<\/div>\n<\/div>\n<div class=\"sample-color\">\n<div class=\"sample-color-pattern\" style=\"background-color: #3c4142;\"><\/div>\n<div class=\"sample-color-text\">GRAFIT<\/div>\n<\/div>\n<div class=\"sample-color\">\n<div class=\"sample-color-pattern\" style=\"background-color: #2e3548;\"><\/div>\n<div class=\"sample-color-text\">JEANS\/1<\/div>\n<\/div>\n<div class=\"sample-color\">\n<div class=\"sample-color-pattern\" style=\"background-color: #000000;\"><\/div>\n<div class=\"sample-color-text\">CZARNY<\/div>\n<\/div>\n<div class=\"sample-color\">\n<div class=\"sample-color-pattern\" style=\"background-color: #4a3b30;\"><\/div>\n<div class=\"sample-color-text\">B-020\/2<\/div>\n<\/div>\n<\/div>\n<p>*barwimy te\u017c materia\u0142 pod pantone klienta<\/p>\n<p>[\/vc_column_text]<div class=\"porto-btn-ctn-center product-details-button\"><a class=\"porto-btn  vc_custom_1669817792971 porto-adjust-bottom-margin porto-btn-normal porto-btn-top-bg  wpb_custom_099e1286308eed3d8272532c4ef5e59b  porto-btn-center product-details-button\" title='zapytaj o produkt' rel=' nofollow' href = \"https:\/\/universeproduction.com\/pl\/kontakt\/\" target='_blank' data-hover=\"\" data-border-color=\"\" data-bg=\"#10c2cc\" data-hover-bg=\"#2ec5cc\" data-border-hover=\"\" data-shadow-click=\"none\" data-shadow=\"\" style=\"border:none;background: #10c2cc;color: #ffffff;\"><span class=\"porto-btn-hover\" style=\"background-color:#2ec5cc\"><\/span><span class=\"porto-btn-data porto-btn-text \" >ZAPYTAJ O PRODUKT<\/span><\/a><\/div>[\/vc_column_inner][\/vc_row_inner][\/vc_column][\/vc_row]<\/p>\n","protected":false},"excerpt":{"rendered":"<p>[vc_row mobile_bg_img_hidden=&#8221;no&#8221; tablet_bg_img_hidden=&#8221;no&#8221; woodmart_parallax=&#8221;0&#8243; woodmart_gradient_switch=&#8221;no&#8221; row_reverse_mobile=&#8221;0&#8243; row_reverse_tablet=&#8221;0&#8243; woodmart_disable_overflow=&#8221;0&#8243; css=&#8221;.vc_custom_1617871602441{margin-top: 49px !important;}&#8221;][vc_column width=&#8221;1\/2&#8243; offset=&#8221;vc_col-lg-4&#8243;][vc_single_image image=&#8221;2594&#8243; img_size=&#8221;full&#8221; css=&#8221;.vc_custom_1620203640135{margin-bottom: 0px !important;border-bottom-width: 0px !important;padding-bottom: 0px !important;}&#8221; parallax_scroll=&#8221;no&#8221;][vc_wp_custommenu nav_menu=&#8221;185&#8243; el_class=&#8221;menu_menu&#8221;][vc_single_image image=&#8221;1238160&#8243; img_size=&#8221;full&#8221;][\/vc_column][vc_column width=&#8221;1\/2&#8243; offset=&#8221;vc_col-lg-8&#8243;][vc_row_inner content_placement=&#8221;bottom&#8221;][vc_column_inner width=&#8221;1\/3&#8243;][\/vc_column_inner][vc_column_inner width=&#8221;1\/3&#8243;][\/vc_column_inner][\/vc_row_inner][vc_row_inner][vc_column_inner width=&#8221;1\/2&#8243;][vc_single_image image=&#8221;1238774&#8243; img_size=&#8221;full&#8221; label=&#8221;&#8221;][\/vc_column_inner][vc_column_inner width=&#8221;1\/2&#8243; css=&#8221;.vc_custom_1669813570052{margin-top: 20px !important;}&#8221;][vc_column_text el_class=&#8221;product-details-text&#8221;]Wykonana z ciep\u0142ej i mi\u0119kkiej mieszanki. Komfortowa drapana warstwa wewn\u0119trzna. Wyko\u0144czenie materia\u0142u mo\u017ce by\u0107 w [&hellip;]<\/p>\n","protected":false},"author":1,"featured_media":0,"parent":0,"menu_order":0,"comment_status":"closed","ping_status":"closed","template":"","meta":[],"_links":{"self":[{"href":"https:\/\/universeproduction.com\/pl\/wp-json\/wp\/v2\/pages\/1238772"}],"collection":[{"href":"https:\/\/universeproduction.com\/pl\/wp-json\/wp\/v2\/pages"}],"about":[{"href":"https:\/\/universeproduction.com\/pl\/wp-json\/wp\/v2\/types\/page"}],"author":[{"embeddable":true,"href":"https:\/\/universeproduction.com\/pl\/wp-json\/wp\/v2\/users\/1"}],"replies":[{"embeddable":true,"href":"https:\/\/universeproduction.com\/pl\/wp-json\/wp\/v2\/comments?post=1238772"}],"version-history":[{"count":1,"href":"https:\/\/universeproduction.com\/pl\/wp-json\/wp\/v2\/pages\/1238772\/revisions"}],"predecessor-version":[{"id":1238777,"href":"https:\/\/universeproduction.com\/pl\/wp-json\/wp\/v2\/pages\/1238772\/revisions\/1238777"}],"wp:attachment":[{"href":"https:\/\/universeproduction.com\/pl\/wp-json\/wp\/v2\/media?parent=1238772"}],"curies":[{"name":"wp","href":"https:\/\/api.w.org\/{rel}","templated":true}]}}