{"id":1238026,"date":"2022-12-04T18:24:03","date_gmt":"2022-12-04T18:24:03","guid":{"rendered":"https:\/\/universeproduction.com\/?page_id=1238026"},"modified":"2022-12-30T13:20:55","modified_gmt":"2022-12-30T13:20:55","slug":"stroj-pilkarski-dzieciecy-sp03","status":"publish","type":"page","link":"https:\/\/universeproduction.com\/pl\/stroj-pilkarski-dzieciecy-sp03\/","title":{"rendered":"Str\u00f3j Pi\u0142karski Dzieci\u0119cy SP03"},"content":{"rendered":"<p>[vc_row mobile_bg_img_hidden=&#8221;no&#8221; tablet_bg_img_hidden=&#8221;no&#8221; woodmart_parallax=&#8221;0&#8243; woodmart_gradient_switch=&#8221;no&#8221; row_reverse_mobile=&#8221;0&#8243; row_reverse_tablet=&#8221;0&#8243; woodmart_disable_overflow=&#8221;0&#8243; css=&#8221;.vc_custom_1617871602441{margin-top: 49px !important;}&#8221;][vc_column width=&#8221;1\/2&#8243; offset=&#8221;vc_col-lg-4&#8243;]<div class=\"porto-u-heading  wpb_custom_95aa9a11c17ad45cfabaf210d84ee7cc\" data-hspacer=\"no_spacer\" data-halign=\"left\" style=\"text-align:left\"><div class=\"porto-u-main-heading\"><h2   style=\"font-family:Open Sans; font-weight:700; font-style:normal; font-weight:700;color:#231f20;margin-bottom: 20px;font-size:22px;line-height:30px;\">Sewing Room<\/h2><\/div><\/div>[vc_single_image image=&#8221;2594&#8243; img_size=&#8221;full&#8221; css=&#8221;.vc_custom_1620203640135{margin-bottom: 0px !important;border-bottom-width: 0px !important;padding-bottom: 0px !important;}&#8221; parallax_scroll=&#8221;no&#8221;][vc_wp_custommenu nav_menu=&#8221;185&#8243; el_class=&#8221;menu_menu&#8221;][vc_single_image image=&#8221;1237809&#8243; img_size=&#8221;full&#8221;][\/vc_column][vc_column width=&#8221;1\/2&#8243; offset=&#8221;vc_col-lg-8&#8243;][vc_row_inner content_placement=&#8221;bottom&#8221;][vc_column_inner width=&#8221;1\/3&#8243;]<div class=\"porto-u-heading  wpb_custom_95aa9a11c17ad45cfabaf210d84ee7cc\" data-hspacer=\"no_spacer\" data-halign=\"left\" style=\"text-align:left\"><div class=\"porto-u-main-heading\"><h1   style=\"font-family:Open Sans; font-weight:700; font-style:normal; font-weight:700;color:#231f20;margin-bottom: 0px;font-size:22px;line-height:30px;\">Str\u00f3j Pi\u0142karski Dzieci\u0119cy SP03<\/h1><\/div><\/div>[\/vc_column_inner][vc_column_inner width=&#8221;1\/3&#8243;]<span id=\"creative-link-wrap-3707\" class=\"ult_main_cl ult-adjust-bottom-margin product-details-link \" >\r\n\t \t\t\t<span class=\"  ult_crlink\" >\r\n\t\t\t\t\t<a  data-ultimate-target='#creative-link-wrap-3707 .ult_colorlink'  data-responsive-json-new='{\"font-size\":\"desktop:16px;\",\"line-height\":\"desktop:24px;\"}'  href=\"https:\/\/universeproduction.com\/pl\/stroj-pilkarski-meski-sp01\/\" title=\"T-shirt damski\"  class=\"ult_colorlink ult-responsive  vc_custom_1670178049194\" style=\"float:left;font-family:Open Sans;font-weight:normal; \"  data-textcolor=\"#000000\" data-texthover=\"#000000\"data-style=\"\">\r\n\t\t\t\t\t\t\r\n\t\t\t\t\t\t<span data-hover=\"Str\u00f3j Pi\u0142karski M\u0119ski SP01\" style=\"color:#000000;;;\" class=\"ult_btn10_span   \">Str\u00f3j Pi\u0142karski M\u0119ski SP01<\/span>\r\n\t\t\t\t\t\t\r\n\t\t\t\t\t<\/a>\r\n\t\t\t\t<\/span>\r\n\t\t\t<\/span>[\/vc_column_inner][vc_column_inner width=&#8221;1\/3&#8243;]<span id=\"creative-link-wrap-7570\" class=\"ult_main_cl ult-adjust-bottom-margin product-details-link \" >\r\n\t \t\t\t<span class=\"  ult_crlink\" >\r\n\t\t\t\t\t<a  data-ultimate-target='#creative-link-wrap-7570 .ult_colorlink'  data-responsive-json-new='{\"font-size\":\"desktop:16px;\",\"line-height\":\"desktop:24px;\"}'  href=\"https:\/\/universeproduction.com\/pl\/stroj-pilkarski-damski-sp02\/\" title=\"T-shirt damski\"  class=\"ult_colorlink ult-responsive  vc_custom_1670854950718\" style=\"float:left;font-family:Open Sans;font-weight:normal; \"  data-textcolor=\"#000000\" data-texthover=\"#000000\"data-style=\"\">\r\n\t\t\t\t\t\t\r\n\t\t\t\t\t\t<span data-hover=\"Str\u00f3j Pi\u0142karski Damskii SP02\" style=\"color:#000000;;;\" class=\"ult_btn10_span   \">Str\u00f3j Pi\u0142karski Damskii SP02<\/span>\r\n\t\t\t\t\t\t\r\n\t\t\t\t\t<\/a>\r\n\t\t\t\t<\/span>\r\n\t\t\t<\/span>[\/vc_column_inner][\/vc_row_inner][vc_row_inner][vc_column_inner width=&#8221;1\/2&#8243;][vc_single_image image=&#8221;1238028&#8243; img_size=&#8221;full&#8221;][\/vc_column_inner][vc_column_inner width=&#8221;1\/2&#8243; css=&#8221;.vc_custom_1669813570052{margin-top: 20px !important;}&#8221;][vc_column_text el_class=&#8221;product-details-text&#8221;]<strong>Str\u00f3j pi\u0142karski dzieci\u0119cy <\/strong>do meczu oraz treningu. Komplet sk\u0142ada si\u0119 z koszulki oraz spodenek.\u00a0 Specjalnie zaprojektowany kr\u00f3j zapewnia <strong>wyj\u0105tkowy komfort<\/strong>\u00a0oraz\u00a0<strong>pe\u0142n\u0105 swobod\u0119 ruch\u00f3w\u00a0<\/strong>podczas mecz\u00f3w i trening\u00f3w. Wykonany z przyjemnego w dotyku\u00a0<strong>oddychaj\u0105cego oraz szybkoschn\u0105cego<\/strong>\u00a0materia\u0142u.\u00a0<strong>Str\u00f3j pi\u0142karski dzieci\u0119cy <\/strong>jest zadrukowany grafik\u0105\u00a0<strong>wed\u0142ug twojego projektu<\/strong>. Nadruk wykonany jest\u00a0<strong>technik\u0105 sublimacji<\/strong>, dzi\u0119ki czemu jest\u00a0<strong>odporny na pranie<\/strong>.[\/vc_column_text][vc_column_text el_class=&#8221;product-details-text&#8221;]<strong>Przeznaczenie:<\/strong><br \/>\npi\u0142ka no\u017cna<\/p>\n<p><strong>Cechy:<\/strong><br \/>\nszybkoschn\u0105cy \/ przewiewny \/ oddychaj\u0105cy<\/p>\n<p><strong>Kr\u00f3j:<\/strong><br \/>\nklasyczny<\/p>\n<p><strong>Sk\u0142ad:<\/strong><br \/>\n100% poliester sportowy<\/p>\n<p><strong>Dost\u0119pne rozmiary:<\/strong><br \/>\nod 92 do 152[\/vc_column_text][vc_column_text el_class=&#8221;product-details-text&#8221;]<strong>Dost\u0119pne tkaniny:<\/strong><br \/>\nNajwy\u017cszej jako\u015bci materia\u0142y sportowe wyprodukowane w Polsce.<\/p>\n<p><a class=\"product-detalis-link\" href=\"https:\/\/universeproduction.com\/pl\/dzianiny-standard\/\">SPRAWD\u0179<\/a>[\/vc_column_text]<div class=\"porto-btn-ctn-center product-details-button\"><a class=\"porto-btn  vc_custom_1669817792971 porto-adjust-bottom-margin porto-btn-normal porto-btn-top-bg  wpb_custom_099e1286308eed3d8272532c4ef5e59b  porto-btn-center product-details-button\" title='zapytaj o produkt' rel=' nofollow' href = \"https:\/\/universeproduction.com\/pl\/kontakt\/\" target='_blank' data-hover=\"\" data-border-color=\"\" data-bg=\"#10c2cc\" data-hover-bg=\"#2ec5cc\" data-border-hover=\"\" data-shadow-click=\"none\" data-shadow=\"\" style=\"border:none;background: #10c2cc;color: #ffffff;\"><span class=\"porto-btn-hover\" style=\"background-color:#2ec5cc\"><\/span><span class=\"porto-btn-data porto-btn-text \" >ZAPYTAJ O PRODUKT<\/span><\/a><\/div>[\/vc_column_inner][\/vc_row_inner][\/vc_column][\/vc_row]<\/p>\n","protected":false},"excerpt":{"rendered":"<p>[vc_row mobile_bg_img_hidden=&#8221;no&#8221; tablet_bg_img_hidden=&#8221;no&#8221; woodmart_parallax=&#8221;0&#8243; woodmart_gradient_switch=&#8221;no&#8221; row_reverse_mobile=&#8221;0&#8243; row_reverse_tablet=&#8221;0&#8243; woodmart_disable_overflow=&#8221;0&#8243; css=&#8221;.vc_custom_1617871602441{margin-top: 49px !important;}&#8221;][vc_column width=&#8221;1\/2&#8243; offset=&#8221;vc_col-lg-4&#8243;][vc_single_image image=&#8221;2594&#8243; img_size=&#8221;full&#8221; css=&#8221;.vc_custom_1620203640135{margin-bottom: 0px !important;border-bottom-width: 0px !important;padding-bottom: 0px !important;}&#8221; parallax_scroll=&#8221;no&#8221;][vc_wp_custommenu nav_menu=&#8221;185&#8243; el_class=&#8221;menu_menu&#8221;][vc_single_image image=&#8221;1237809&#8243; img_size=&#8221;full&#8221;][\/vc_column][vc_column width=&#8221;1\/2&#8243; offset=&#8221;vc_col-lg-8&#8243;][vc_row_inner content_placement=&#8221;bottom&#8221;][vc_column_inner width=&#8221;1\/3&#8243;][\/vc_column_inner][vc_column_inner width=&#8221;1\/3&#8243;][\/vc_column_inner][vc_column_inner width=&#8221;1\/3&#8243;][\/vc_column_inner][\/vc_row_inner][vc_row_inner][vc_column_inner width=&#8221;1\/2&#8243;][vc_single_image image=&#8221;1238028&#8243; img_size=&#8221;full&#8221;][\/vc_column_inner][vc_column_inner width=&#8221;1\/2&#8243; css=&#8221;.vc_custom_1669813570052{margin-top: 20px !important;}&#8221;][vc_column_text el_class=&#8221;product-details-text&#8221;]Str\u00f3j pi\u0142karski dzieci\u0119cy do meczu oraz treningu. Komplet sk\u0142ada si\u0119 z koszulki oraz spodenek.\u00a0 Specjalnie [&hellip;]<\/p>\n","protected":false},"author":1,"featured_media":0,"parent":0,"menu_order":0,"comment_status":"closed","ping_status":"closed","template":"","meta":[],"_links":{"self":[{"href":"https:\/\/universeproduction.com\/pl\/wp-json\/wp\/v2\/pages\/1238026"}],"collection":[{"href":"https:\/\/universeproduction.com\/pl\/wp-json\/wp\/v2\/pages"}],"about":[{"href":"https:\/\/universeproduction.com\/pl\/wp-json\/wp\/v2\/types\/page"}],"author":[{"embeddable":true,"href":"https:\/\/universeproduction.com\/pl\/wp-json\/wp\/v2\/users\/1"}],"replies":[{"embeddable":true,"href":"https:\/\/universeproduction.com\/pl\/wp-json\/wp\/v2\/comments?post=1238026"}],"version-history":[{"count":6,"href":"https:\/\/universeproduction.com\/pl\/wp-json\/wp\/v2\/pages\/1238026\/revisions"}],"predecessor-version":[{"id":1239058,"href":"https:\/\/universeproduction.com\/pl\/wp-json\/wp\/v2\/pages\/1238026\/revisions\/1239058"}],"wp:attachment":[{"href":"https:\/\/universeproduction.com\/pl\/wp-json\/wp\/v2\/media?parent=1238026"}],"curies":[{"name":"wp","href":"https:\/\/api.w.org\/{rel}","templated":true}]}}