{"id":1237874,"date":"2022-12-02T13:17:59","date_gmt":"2022-12-02T13:17:59","guid":{"rendered":"https:\/\/universeproduction.com\/?page_id=1237874"},"modified":"2023-03-12T17:16:37","modified_gmt":"2023-03-12T17:16:37","slug":"koszulka-damska-standard-tks02","status":"publish","type":"page","link":"https:\/\/universeproduction.com\/pl\/koszulka-damska-standard-tks02\/","title":{"rendered":"Koszulka Damska Standard TKS02"},"content":{"rendered":"<p>[vc_row mobile_bg_img_hidden=&#8221;no&#8221; tablet_bg_img_hidden=&#8221;no&#8221; woodmart_parallax=&#8221;0&#8243; woodmart_gradient_switch=&#8221;no&#8221; row_reverse_mobile=&#8221;0&#8243; row_reverse_tablet=&#8221;0&#8243; woodmart_disable_overflow=&#8221;0&#8243; css=&#8221;.vc_custom_1617871602441{margin-top: 49px !important;}&#8221;][vc_column width=&#8221;1\/2&#8243; offset=&#8221;vc_col-lg-4&#8243;]<div class=\"porto-u-heading  wpb_custom_95aa9a11c17ad45cfabaf210d84ee7cc\" data-hspacer=\"no_spacer\" data-halign=\"left\" style=\"text-align:left\"><div class=\"porto-u-main-heading\"><h2   style=\"font-family:Open Sans; font-weight:700; font-style:normal; font-weight:700;color:#231f20;margin-bottom: 20px;font-size:22px;line-height:30px;\">Sewing Room<\/h2><\/div><\/div>[vc_single_image image=&#8221;2594&#8243; img_size=&#8221;full&#8221; css=&#8221;.vc_custom_1620203640135{margin-bottom: 0px !important;border-bottom-width: 0px !important;padding-bottom: 0px !important;}&#8221; parallax_scroll=&#8221;no&#8221;][vc_wp_custommenu nav_menu=&#8221;185&#8243; el_class=&#8221;menu_menu&#8221;][vc_single_image image=&#8221;1237809&#8243; img_size=&#8221;full&#8221;][\/vc_column][vc_column width=&#8221;1\/2&#8243; offset=&#8221;vc_col-lg-8&#8243;]<div class=\"porto-u-heading  wpb_custom_2f95b5a33665198a30a22e3bb600dfd1\" data-hspacer=\"no_spacer\" data-halign=\"center\" style=\"text-align:center\" data-appear-animation=\"pulse\" data-appear-animation-delay=\"50\" data-appear-animation-duration=\"5000\"><div class=\"porto-u-main-heading\"><h1   style=\"margin-bottom: 20px;\">KOSZULKA TRENINGOWA DAMSKA Z W\u0141ASNYM NADRUKIEM<\/h1><\/div><div class=\"porto-u-sub-heading\" style=\"margin-bottom:5px;\">\n<p style=\"text-align: center;\">CHCESZ ZAM\u00d3WI\u0106 KOSZULKI SPORTOWE Z W\u0141ASNYM NADRUKIEM ?<\/p>\n<p style=\"text-align: center;\">Polski producent koszulek sportowych oferuje zakup oraz zaprojektowanie koszulki sportowej, w wersji damskiej. Na koszulkach sportowych wykonujemy nadruk fullprint. Koszulka idealna do ka\u017cdej aktywno\u015bci fizycznej. Z ty\u0142u koszulki mo\u017cna nadrukowa\u0107 numer lub w\u0142asny napis.<\/p>\n<p><\/div><\/div>[vc_row_inner content_placement=&#8221;bottom&#8221;][vc_column_inner width=&#8221;1\/3&#8243;]<div class=\"porto-u-heading  wpb_custom_95aa9a11c17ad45cfabaf210d84ee7cc\" data-hspacer=\"no_spacer\" data-halign=\"left\" style=\"text-align:left\"><div class=\"porto-u-main-heading\"><h2   style=\"font-family:Open Sans; font-weight:700; font-style:normal; font-weight:700;color:#231f20;margin-bottom: 0px;font-size:22px;line-height:30px;\">Koszulka Damska Standard TKS02<\/h2><\/div><\/div>[\/vc_column_inner][vc_column_inner width=&#8221;1\/3&#8243;]<span id=\"creative-link-wrap-9679\" class=\"ult_main_cl ult-adjust-bottom-margin product-details-link \" >\r\n\t \t\t\t<span class=\"  ult_crlink\" >\r\n\t\t\t\t\t<a  data-ultimate-target='#creative-link-wrap-9679 .ult_colorlink'  data-responsive-json-new='{\"font-size\":\"desktop:16px;\",\"line-height\":\"desktop:24px;\"}'  href=\"https:\/\/universeproduction.com\/pl\/koszulka-meska-standard-tks01\/\" title=\"T-shirt damski\"  class=\"ult_colorlink ult-responsive  vc_custom_1669986587971\" style=\"float:left;font-family:Open Sans;font-weight:normal; \"  data-textcolor=\"#000000\" data-texthover=\"#000000\"data-style=\"\">\r\n\t\t\t\t\t\t\r\n\t\t\t\t\t\t<span data-hover=\"Koszulka Meska Standard TKS01\" style=\"color:#000000;;;\" class=\"ult_btn10_span   \">Koszulka Meska Standard TKS01<\/span>\r\n\t\t\t\t\t\t\r\n\t\t\t\t\t<\/a>\r\n\t\t\t\t<\/span>\r\n\t\t\t<\/span>[\/vc_column_inner][vc_column_inner width=&#8221;1\/3&#8243;]<span id=\"creative-link-wrap-3550\" class=\"ult_main_cl ult-adjust-bottom-margin product-details-link \" >\r\n\t \t\t\t<span class=\"  ult_crlink\" >\r\n\t\t\t\t\t<a  data-ultimate-target='#creative-link-wrap-3550 .ult_colorlink'  data-responsive-json-new='{\"font-size\":\"desktop:16px;\",\"line-height\":\"desktop:24px;\"}'  href=\"https:\/\/universeproduction.com\/pl\/koszulka-dziecieca-standard-tks03\/\" title=\"T-shirt damski\"  class=\"ult_colorlink ult-responsive  vc_custom_1669988803570\" style=\"float:left;font-family:Open Sans;font-weight:normal; \"  data-textcolor=\"#000000\" data-texthover=\"#000000\"data-style=\"\">\r\n\t\t\t\t\t\t\r\n\t\t\t\t\t\t<span data-hover=\"Koszulka dzieci\u0119ca standard TKS03\" style=\"color:#000000;;;\" class=\"ult_btn10_span   \">Koszulka dzieci\u0119ca standard TKS03<\/span>\r\n\t\t\t\t\t\t\r\n\t\t\t\t\t<\/a>\r\n\t\t\t\t<\/span>\r\n\t\t\t<\/span>[\/vc_column_inner][\/vc_row_inner][vc_row_inner][vc_column_inner width=&#8221;1\/2&#8243;][vc_single_image image=&#8221;1237876&#8243; img_size=&#8221;full&#8221;][\/vc_column_inner][vc_column_inner width=&#8221;1\/2&#8243; css=&#8221;.vc_custom_1669813570052{margin-top: 20px !important;}&#8221;][vc_column_text el_class=&#8221;product-details-text&#8221;]Damska\u00a0<strong>koszulka treningowa<\/strong><strong>\u00a0<\/strong>o standardowym kroju. Uszyta z technicznego materia\u0142u\u00a0<strong>zapewni komfort i wygod\u0119,\u00a0<\/strong>pozwalaj\u0105c sk\u00f3rze oddycha\u0107, dzi\u0119ki szybkiemu odparowaniu potu.\u00a0<strong>Koszulka<\/strong><strong> fullprint<\/strong>\u00a0jest zadrukowana grafik\u0105\u00a0<strong>wed\u0142ug twojego projektu<\/strong>. Nadruk wykonany jest\u00a0<strong>technik\u0105 sublimacji<\/strong>, dzi\u0119ki czemu jest\u00a0<strong>odporny na pranie<\/strong>. Lekka i przewiewna koszulka sportowa od producenta odzie\u017cy sportowej.[\/vc_column_text][vc_column_text el_class=&#8221;product-details-text&#8221;]<\/p>\n<div><strong>Przeznaczenie:<\/strong><\/div>\n<div>fitness \/ trening \/ bieganie \/ gimnastyka \/ inne<\/div>\n<div><strong>Cechy:<\/strong><\/div>\n<div>szybkoschn\u0105ca \/ przewiewna \/ oddychaj\u0105ca<\/div>\n<div><strong>Kr\u00f3j:<\/strong><\/div>\n<div>klasyczny \/ kr\u00f3tki r\u0119kaw<\/div>\n<div><strong>Sk\u0142ad:<\/strong><\/div>\n<div>100% poliester sportowy<\/div>\n<div><strong>Dost\u0119pne tkaniny:<\/strong><\/div>\n<div>Najwy\u017cszej jako\u015bci materia\u0142y sportowe wyprodukowane w Polsce.<\/div>\n<div><strong>Zakres cen<\/strong><strong>:<\/strong><\/div>\n<div>35 z\u0142 &#8211; 150 z\u0142<\/div>\n<p>[\/vc_column_text][vc_column_text el_class=&#8221;product-details-text&#8221;]<strong>Dost\u0119pne tkaniny:<\/strong><br \/>\nNajwy\u017cszej jako\u015bci materia\u0142y sportowe wyprodukowane w Polsce.<\/p>\n<p><a class=\"product-detalis-link\" href=\"https:\/\/universeproduction.com\/pl\/dzianiny-standard\/\">SPRAWD\u0179<\/a>[\/vc_column_text]<div class=\"porto-btn-ctn-center product-details-button\"><a class=\"porto-btn  vc_custom_1669817792971 porto-adjust-bottom-margin porto-btn-normal porto-btn-top-bg  wpb_custom_099e1286308eed3d8272532c4ef5e59b  porto-btn-center product-details-button\" title='zapytaj o produkt' rel=' nofollow' href = \"https:\/\/universeproduction.com\/pl\/kontakt\/\" target='_blank' data-hover=\"\" data-border-color=\"\" data-bg=\"#10c2cc\" data-hover-bg=\"#2ec5cc\" data-border-hover=\"\" data-shadow-click=\"none\" data-shadow=\"\" style=\"border:none;background: #10c2cc;color: #ffffff;\"><span class=\"porto-btn-hover\" style=\"background-color:#2ec5cc\"><\/span><span class=\"porto-btn-data porto-btn-text \" >ZAPYTAJ O PRODUKT<\/span><\/a><\/div>[\/vc_column_inner][\/vc_row_inner][\/vc_column][\/vc_row][vc_row][vc_column][vc_column_text]<\/p>\n<h2>Personalizowane koszulki sportowe na ka\u017cd\u0105 okazj\u0119<\/h2>\n<p>Niezale\u017cnie od tego, czy wybierasz si\u0119 na si\u0142owni\u0119, na bie\u017cni\u0119, czy po prostu sp\u0119dzasz czas, koszulki sportowe z nadrukiem fullprint to doskona\u0142y wyb\u00f3r! Nasz przewiewny i oddychaj\u0105cy materia\u0142 zapewnia uczucie ch\u0142odu i komfortu podczas ka\u017cdej aktywno\u015bci. Ponadto dzi\u0119ki naszej szerokiej gamie wzor\u00f3w i kolor\u00f3w znajdziesz dok\u0142adnie to, czego potrzebujesz na ka\u017cd\u0105 okazj\u0119. Wi\u0119c \u015bmia\u0142o i uprawiaj sport!<\/p>\n<h2>Koszulki sportowe z w\u0142asnym nadrukiem<\/h2>\n<p>Wyra\u017a siebie dzi\u0119ki niestandardowej koszulce sportowej. Dzi\u0119ki naszej szerokiej gamie materia\u0142\u00f3w, grafik i opcji personalizacji \u2014 mo\u017cesz by\u0107 pewien, \u017ce zrobisz wra\u017cenie na boisku. Niezale\u017cnie od tego, czy umie\u015bcisz nazw\u0119 dru\u017cyny, swoje logo, czy numer dru\u017cyny \u2014 nasz\u00a0wysokiej jako\u015bci materia\u0142 i projekt przenios\u0105 Tw\u00f3j poziom sportowy na wy\u017cszy poziom. Podkr\u0119\u0107 sw\u00f3j styl i poka\u017c swoj\u0105 dum\u0119 z dru\u017cyny dzi\u0119ki niestandardowej koszulce sportowej ju\u017c dzi\u015b!<\/p>\n<h2>T-shirt sportowy damski \u2014 jaki\u00a0ma kr\u00f3j ?<\/h2>\n<p>Szukasz stylowego i wygodnego sposobu na uzupe\u0142nienie swojej garderoby? Nie szukaj dalej ni\u017c nasza koszulka sportowa z w\u0142asnym nadrukiem. Koszulki damskie sportowe posiadaj\u0105 dopasowany kr\u00f3j, kt\u00f3ry z pewno\u015bci\u0105 dope\u0142ni ka\u017cd\u0105 stylizacj\u0119. Dzi\u0119ki wci\u0119ciu w talii b\u0119dziesz mog\u0142a porusza\u0107 si\u0119 z \u0142atwo\u015bci\u0105 i wygod\u0105 podczas zaj\u0119\u0107 lub wydarze\u0144, w kt\u00f3rych uczestniczysz. Damskie personalizowane koszulki sportowe s\u0105 najbardziej funkcjonalnym elementem garderoby.<\/p>\n<h2>Od ilu sztuk mo\u017cna kupi\u0107 koszulk\u0119 sportow\u0105?<\/h2>\n<p>Damskie personalizowane koszulki sportowe mo\u017cna zam\u00f3wi\u0107 ju\u017c od 1 szt. Ka\u017cda koszulka wykonana jest na indywidualne zam\u00f3wienie. Nale\u017cy pami\u0119ta\u0107, \u017ce im wi\u0119cej koszulek sportowych tym ni\u017cszy koszt ich produkcji.<\/p>\n<p>Zakres cen kszta\u0142tuje si\u0119 od 35 z\u0142 do 180 z\u0142 netto w zale\u017cno\u015bci od projektu oraz ilo\u015bci sztuk. Aby uzyska\u0107 dok\u0142adn\u0105 wycen\u0119, nale\u017cy si\u0119 skontaktowa\u0107 przez formularz lub bezpo\u015brednio z naszym dzia\u0142em handlowym. Dajemy r\u00f3wnie\u017c mo\u017cliwo\u015b\u0107 stworzenia damskiej koszulki technicznej z w\u0142asnym projektem nadruku. Je\u017celi jednak nie masz w\u0142asnego projektu koszulki sportowej damskiej, mo\u017cemy przygotowa\u0107 dla ciebie indywidualny projekt koszulki.<\/p>\n<h2>Najlepszej jako\u015bci koszulki sportowe.<\/h2>\n<p>Idealna koszulka sportowa, jest wykonana z szybkoschn\u0105cego materia\u0142u. Koszulka posiada wzmocnione szwy, dzi\u0119ki czemu jest bardziej wytrzyma\u0142a na ich p\u0119kanie. Nadruki wykonane s\u0105 metod\u0105 sublimacji, co zapewnia mo\u017cliwo\u015b\u0107 dowolnej personalizacji. Nale\u017cy zwr\u00f3ci\u0107 uwag\u0119 na jako\u015b\u0107 tkaniny, z jakiej wykonana jest sportowa koszulka. Koszulki sportowe przeznaczone s\u0105 do uprawiania r\u00f3\u017cnych dyscyplin sportowych. Koszulka idealna wykonana jest z najwy\u017cszej jako\u015bci materia\u0142\u00f3w. Powiniene\u015b wybra\u0107 koszulk\u0119, kt\u00f3ra\u00a0b\u0119dzie.<\/p>\n<h2>Czy z ty\u0142u koszulki mo\u017cna umie\u015bci\u0107 numery zawodnika?<\/h2>\n<p>Z ty\u0142u koszulki mo\u017cemy wykona\u0107 numery, drukuj\u0105c sublimacj\u0119 fullprint. Oferujemy r\u00f3wnie\u017c mo\u017cliwo\u015b\u0107 wykonania numer\u00f3w na damskiej koszulce sportowej w technologi flex. Jest to nalepka, kt\u00f3ra przyklejona jest do koszulki technicznej, dlatego nie zalecamy tej metody znakowania na odzie\u017cy sporotwej. Natomiast je\u017celi chcemy doda\u0107 odblaski do naszej personalizowanej koszulki sportowej \u2014 flex\u00a0sprawdzi si\u0119 idealnie.<\/p>\n<h2>Czy mo\u017cna zam\u00f3wi\u0107 oferowane koszulki z r\u00f3\u017cnego typu tkanin?<\/h2>\n<p>Mo\u017cemy wykona\u0107 najwy\u017cszej jako\u015bci koszulki sportowe. Wysokogatunkowe koszulki sportowe wykonujemy za specjalne zam\u00f3wienie dla najbardziej wymagaj\u0105cych klient\u00f3w. S\u0105 one wykonane ze specjalnych tkanin posiadaj\u0105cych certyfikat Oeko-Tex oraz Collmax. Dzi\u0119ki temu powstanie wspania\u0142a przewiewna koszulka sportowa. Standardowo oferowane koszulki sportowe nie posiadaj\u0105 materia\u0142u z tymi certyfikatami. Je\u017celi zale\u017cy ci na najni\u017cszej cenie, nale\u017cy wybra\u0107 koszulki sportowe ze standardowej tkaniny.[\/vc_column_text][\/vc_column][\/vc_row]<\/p>\n","protected":false},"excerpt":{"rendered":"<p>[vc_row mobile_bg_img_hidden=&#8221;no&#8221; tablet_bg_img_hidden=&#8221;no&#8221; woodmart_parallax=&#8221;0&#8243; woodmart_gradient_switch=&#8221;no&#8221; row_reverse_mobile=&#8221;0&#8243; row_reverse_tablet=&#8221;0&#8243; woodmart_disable_overflow=&#8221;0&#8243; css=&#8221;.vc_custom_1617871602441{margin-top: 49px !important;}&#8221;][vc_column width=&#8221;1\/2&#8243; offset=&#8221;vc_col-lg-4&#8243;][vc_single_image image=&#8221;2594&#8243; img_size=&#8221;full&#8221; css=&#8221;.vc_custom_1620203640135{margin-bottom: 0px !important;border-bottom-width: 0px !important;padding-bottom: 0px !important;}&#8221; parallax_scroll=&#8221;no&#8221;][vc_wp_custommenu nav_menu=&#8221;185&#8243; el_class=&#8221;menu_menu&#8221;][vc_single_image image=&#8221;1237809&#8243; img_size=&#8221;full&#8221;][\/vc_column][vc_column width=&#8221;1\/2&#8243; offset=&#8221;vc_col-lg-8&#8243;][vc_row_inner content_placement=&#8221;bottom&#8221;][vc_column_inner width=&#8221;1\/3&#8243;][\/vc_column_inner][vc_column_inner width=&#8221;1\/3&#8243;][\/vc_column_inner][vc_column_inner width=&#8221;1\/3&#8243;][\/vc_column_inner][\/vc_row_inner][vc_row_inner][vc_column_inner width=&#8221;1\/2&#8243;][vc_single_image image=&#8221;1237876&#8243; img_size=&#8221;full&#8221;][\/vc_column_inner][vc_column_inner width=&#8221;1\/2&#8243; css=&#8221;.vc_custom_1669813570052{margin-top: 20px !important;}&#8221;][vc_column_text el_class=&#8221;product-details-text&#8221;]Damska\u00a0koszulka treningowa\u00a0o standardowym kroju. Uszyta z technicznego materia\u0142u\u00a0zapewni komfort i wygod\u0119,\u00a0pozwalaj\u0105c sk\u00f3rze oddycha\u0107, dzi\u0119ki szybkiemu [&hellip;]<\/p>\n","protected":false},"author":1,"featured_media":0,"parent":0,"menu_order":0,"comment_status":"closed","ping_status":"closed","template":"","meta":[],"_links":{"self":[{"href":"https:\/\/universeproduction.com\/pl\/wp-json\/wp\/v2\/pages\/1237874"}],"collection":[{"href":"https:\/\/universeproduction.com\/pl\/wp-json\/wp\/v2\/pages"}],"about":[{"href":"https:\/\/universeproduction.com\/pl\/wp-json\/wp\/v2\/types\/page"}],"author":[{"embeddable":true,"href":"https:\/\/universeproduction.com\/pl\/wp-json\/wp\/v2\/users\/1"}],"replies":[{"embeddable":true,"href":"https:\/\/universeproduction.com\/pl\/wp-json\/wp\/v2\/comments?post=1237874"}],"version-history":[{"count":15,"href":"https:\/\/universeproduction.com\/pl\/wp-json\/wp\/v2\/pages\/1237874\/revisions"}],"predecessor-version":[{"id":1241149,"href":"https:\/\/universeproduction.com\/pl\/wp-json\/wp\/v2\/pages\/1237874\/revisions\/1241149"}],"wp:attachment":[{"href":"https:\/\/universeproduction.com\/pl\/wp-json\/wp\/v2\/media?parent=1237874"}],"curies":[{"name":"wp","href":"https:\/\/api.w.org\/{rel}","templated":true}]}}