{"id":1237777,"date":"2022-12-01T13:39:18","date_gmt":"2022-12-01T13:39:18","guid":{"rendered":"https:\/\/universeproduction.com\/?page_id=1237777"},"modified":"2023-03-17T07:57:35","modified_gmt":"2023-03-17T07:57:35","slug":"koszulka-meska-standard-tks01","status":"publish","type":"page","link":"https:\/\/universeproduction.com\/pl\/koszulka-meska-standard-tks01\/","title":{"rendered":"Koszulka m\u0119ska standard TKS01"},"content":{"rendered":"<p>[vc_row mobile_bg_img_hidden=&#8221;no&#8221; tablet_bg_img_hidden=&#8221;no&#8221; woodmart_parallax=&#8221;0&#8243; woodmart_gradient_switch=&#8221;no&#8221; row_reverse_mobile=&#8221;0&#8243; row_reverse_tablet=&#8221;0&#8243; woodmart_disable_overflow=&#8221;0&#8243; css=&#8221;.vc_custom_1617871602441{margin-top: 49px !important;}&#8221;][vc_column width=&#8221;1\/2&#8243; offset=&#8221;vc_col-lg-4&#8243;]<div class=\"porto-u-heading  wpb_custom_95aa9a11c17ad45cfabaf210d84ee7cc\" data-hspacer=\"no_spacer\" data-halign=\"left\" style=\"text-align:left\"><div class=\"porto-u-main-heading\"><h2   style=\"font-family:Open Sans; font-weight:700; font-style:normal; font-weight:700;color:#231f20;margin-bottom: 20px;font-size:22px;line-height:30px;\">Sewing Room<\/h2><\/div><\/div>[vc_single_image image=&#8221;2594&#8243; img_size=&#8221;full&#8221; css=&#8221;.vc_custom_1620203640135{margin-bottom: 0px !important;border-bottom-width: 0px !important;padding-bottom: 0px !important;}&#8221; parallax_scroll=&#8221;no&#8221;][vc_wp_custommenu nav_menu=&#8221;185&#8243; el_class=&#8221;menu_menu&#8221;][vc_single_image image=&#8221;1237809&#8243; img_size=&#8221;full&#8221;][\/vc_column][vc_column width=&#8221;1\/2&#8243; offset=&#8221;vc_col-lg-8&#8243;]<div class=\"porto-u-heading  wpb_custom_2b015ddce07da93487c24cecf21cdd38\" data-hspacer=\"no_spacer\" data-halign=\"center\" style=\"text-align:center\" data-appear-animation=\"pulse\" data-appear-animation-delay=\"50\" data-appear-animation-duration=\"5000\"><div class=\"porto-u-main-heading\"><h1  >KOSZULKA SPORTOWA M\u0118SKA Z W\u0141ASNYM NADRUKIEM<\/h1><\/div><\/div>[vc_row_inner content_placement=&#8221;bottom&#8221;][vc_column_inner width=&#8221;1\/3&#8243;]<div class=\"porto-u-heading  wpb_custom_95aa9a11c17ad45cfabaf210d84ee7cc\" data-hspacer=\"no_spacer\" data-halign=\"left\" style=\"text-align:left\"><div class=\"porto-u-main-heading\"><h5   style=\"font-family:Open Sans; font-weight:700; font-style:normal; font-weight:700;color:#231f20;margin-bottom: 0px;font-size:22px;line-height:30px;\">Koszulka m\u0119ska standard TKS01<\/h5><\/div><\/div>[\/vc_column_inner][vc_column_inner width=&#8221;1\/3&#8243;]<span id=\"creative-link-wrap-8242\" class=\"ult_main_cl ult-adjust-bottom-margin product-details-link \" >\r\n\t \t\t\t<span class=\"  ult_crlink\" >\r\n\t\t\t\t\t<a  data-ultimate-target='#creative-link-wrap-8242 .ult_colorlink'  data-responsive-json-new='{\"font-size\":\"desktop:16px;\",\"line-height\":\"desktop:24px;\"}'  href=\"https:\/\/universeproduction.com\/pl\/koszulka-damska-standard-tks02\/\" title=\"T-shirt damski\"  class=\"ult_colorlink ult-responsive  vc_custom_1669988112732\" style=\"float:left;font-family:Open Sans;font-weight:normal; \"  data-textcolor=\"#000000\" data-texthover=\"#000000\"data-style=\"\">\r\n\t\t\t\t\t\t\r\n\t\t\t\t\t\t<span data-hover=\"Koszulka damska standard TKS02\" style=\"color:#000000;;;\" class=\"ult_btn10_span   \">Koszulka damska standard TKS02<\/span>\r\n\t\t\t\t\t\t\r\n\t\t\t\t\t<\/a>\r\n\t\t\t\t<\/span>\r\n\t\t\t<\/span>[\/vc_column_inner][vc_column_inner width=&#8221;1\/3&#8243;]<span id=\"creative-link-wrap-1900\" class=\"ult_main_cl ult-adjust-bottom-margin product-details-link \" >\r\n\t \t\t\t<span class=\"  ult_crlink\" >\r\n\t\t\t\t\t<a  data-ultimate-target='#creative-link-wrap-1900 .ult_colorlink'  data-responsive-json-new='{\"font-size\":\"desktop:16px;\",\"line-height\":\"desktop:24px;\"}'  href=\"https:\/\/universeproduction.com\/pl\/koszulka-dziecieca-standard-tks03\/\" title=\"T-shirt damski\"  class=\"ult_colorlink ult-responsive  vc_custom_1669988942978\" style=\"float:left;font-family:Open Sans;font-weight:normal; \"  data-textcolor=\"#000000\" data-texthover=\"#000000\"data-style=\"\">\r\n\t\t\t\t\t\t\r\n\t\t\t\t\t\t<span data-hover=\"Koszulka dzieci\u0119ca standard TKS03\" style=\"color:#000000;;;\" class=\"ult_btn10_span   \">Koszulka dzieci\u0119ca standard TKS03<\/span>\r\n\t\t\t\t\t\t\r\n\t\t\t\t\t<\/a>\r\n\t\t\t\t<\/span>\r\n\t\t\t<\/span>[\/vc_column_inner][\/vc_row_inner][vc_row_inner][vc_column_inner width=&#8221;1\/2&#8243;][vc_single_image image=&#8221;1238622&#8243; img_size=&#8221;full&#8221;][\/vc_column_inner][vc_column_inner width=&#8221;1\/2&#8243; css=&#8221;.vc_custom_1669813570052{margin-top: 20px !important;}&#8221;][vc_column_text el_class=&#8221;product-details-text&#8221;]M\u0119ska <strong>koszulka treningowa <\/strong>o standardowym kroju. Uszyta z technicznego materia\u0142u <strong>zapewni komfort i wygod\u0119\u00a0<\/strong>pozwalaj\u0105c sk\u00f3rze oddycha\u0107 dzi\u0119ki szybkiemu odparowaniu potu. <strong>Koszulka fullprint<\/strong> jest zadrukowana grafik\u0105 <strong>wed\u0142ug twojego projektu<\/strong>. Nadruk wykonany jest <strong>technik\u0105 sublimacji<\/strong>, dzi\u0119ki czemu jest <strong>odporny na pranie<\/strong>.[\/vc_column_text][vc_column_text el_class=&#8221;product-details-text&#8221;]<strong>Przeznaczenie:<\/strong><br \/>\nfitness \/ trening \/ bieganie \/ gimnastyka \/ inne<\/p>\n<p><strong>Cechy:<\/strong><br \/>\nszybkoschn\u0105ca \/ przewiewna \/ oddychaj\u0105ca<\/p>\n<p><strong>Kr\u00f3j:<\/strong><br \/>\nklasyczny \/ kr\u00f3tki r\u0119kaw<\/p>\n<p><strong>Sk\u0142ad:<\/strong><br \/>\n100% poliester sportowy[\/vc_column_text][vc_column_text el_class=&#8221;product-details-text&#8221;]<strong>Dost\u0119pne tkaniny:<\/strong><br \/>\nNajwy\u017cszej jako\u015bci materia\u0142y sportowe wyprodukowane w Polsce.<\/p>\n<p><a class=\"product-detalis-link\" href=\"https:\/\/universeproduction.com\/pl\/dzianiny-standard\/\">SPRAWD\u0179<\/a>[\/vc_column_text]<div class=\"porto-btn-ctn-center product-details-button\"><a class=\"porto-btn  vc_custom_1669817792971 porto-adjust-bottom-margin porto-btn-normal porto-btn-top-bg  wpb_custom_099e1286308eed3d8272532c4ef5e59b  porto-btn-center product-details-button\" title='zapytaj o produkt' rel=' nofollow' href = \"https:\/\/universeproduction.com\/pl\/kontakt\/\" target='_blank' data-hover=\"\" data-border-color=\"\" data-bg=\"#10c2cc\" data-hover-bg=\"#2ec5cc\" data-border-hover=\"\" data-shadow-click=\"none\" data-shadow=\"\" style=\"border:none;background: #10c2cc;color: #ffffff;\"><span class=\"porto-btn-hover\" style=\"background-color:#2ec5cc\"><\/span><span class=\"porto-btn-data porto-btn-text \" >ZAPYTAJ O PRODUKT<\/span><\/a><\/div>[\/vc_column_inner][\/vc_row_inner][\/vc_column][\/vc_row][vc_row][vc_column][vc_column_text]<\/p>\n<h2>PERSONALIZOWANE KOSZULKI SPORTOWE M\u0118SKIE<\/h2>\n<p>M\u0119ska\u00a0<strong>koszulka treningowa<\/strong><strong>\u00a0<\/strong>o standardowym kroju. <strong>Wysokogatunkowe koszulki sportowe<\/strong> z <strong>w\u0142asnym nadrukiem<\/strong> szyte w Polsce. Uszyta z technicznego <strong>szybkoschn\u0105cego materia\u0142u<\/strong>. Rewelacyjny <strong>materia\u0142 zapewnia komfort<\/strong><strong> i wygod\u0119,\u00a0<\/strong>pozwalaj\u0105c sk\u00f3rze oddycha\u0107 oraz szybko odparowywa\u0107 pot. Nasze <strong>koszulki sportowe personalizowane<\/strong> wykonane s\u0105 w <strong>najwy\u017cszej jako\u015bci<\/strong> z dba\u0142o\u015bci\u0105 o szczeg\u00f3\u0142y. <strong>Oferowane koszulki sportowe<\/strong> posiadaj\u0105 w cenie nadruk fullprint. Na <strong>koszulkach sportowych wykonujemy<\/strong> znakowanie, kt\u00f3re mo\u017cna <strong>dowolnie personalizowa\u0107 gratis<\/strong>. <strong>Nadruk wykonany<\/strong> jest\u00a0<strong>technik\u0105 sublimacji<\/strong>, dzi\u0119ki czemu jest\u00a0<strong>odporny na pranie <\/strong>oraz niewyczulany w dotyku.<\/p>\n<h2>KOSZULKI SPORTOWE SZYTE WED\u0141UG TWOJEGO PROJEKTU<\/h2>\n<p>Oferujemy r\u00f3wnie\u017c <strong>zaprojektowanie koszulki sportowej<\/strong> wed\u0142ug w\u0142asnego projektu. Jako <strong>producent koszulek<\/strong> mo\u017cemy uszy\u0107 sportowy T-shirt wed\u0142ug twojego projektu.<\/p>\n<p>Ka\u017cda <strong>koszulka posiada<\/strong> metk\u0119 rozmiarow\u0105 oraz przepis prania. U nas zam\u00f3wisz <strong>m\u0119skie koszulki<\/strong> techniczne z nadrukiem fullprint w cenie.<\/p>\n<h2>KOSZULKI TECHNICZNE M\u0118SKIE SZYTE NA ZAM\u00d3WIENIE<\/h2>\n<p>Wzboga\u0107 swoj\u0105 garderob\u0119 o <strong>m\u0119skie koszulki sportowe<\/strong> z naszej ekskluzywnej kolekcji! Niezale\u017cnie od tego, czy jeste\u015b sportowcem wyczynowym, czy po prostu robisz to dla zabawy, mamy dla Ciebie <strong>idealn\u0105 koszulk\u0119 sportow\u0105<\/strong>. Nasze niestandardowe <strong>personalizowane koszulki<\/strong> z nadrukiem zosta\u0142y zaprojektowane tak, aby zapewni\u0107 Ci ch\u0142\u00f3d i wygod\u0119, a jednocze\u015bnie wygl\u0105da\u0107 stylowo. Spersonalizuj swoj\u0105 <strong>koszulk\u0119 sportow\u0105<\/strong> za pomoc\u0105 w\u0142asnych wzor\u00f3w i logo lub wybierz z naszej dedykowanej oferty <strong>koszulek sportowych<\/strong>, aby wyr\u00f3\u017cni\u0107 si\u0119 na ka\u017cdych zawodach. Do\u015bwiadcz najwy\u017cszego komfortu i wydajno\u015bci dzi\u0119ki <strong>m\u0119skim koszulkom sportowym<\/strong> ju\u017c dzi\u015b!<\/p>\n<h2>KOSZULKA M\u0118SKA FULLPRINT PRZEZNACZENIE<\/h2>\n<p><strong>Koszulki m\u0119skie<\/strong> personalizowane to podstawowy element garderoby sportowca. Nasze <strong>koszulki sportowe przeznaczone<\/strong> s\u0105 do r\u00f3\u017cnego typu <strong>aktywno\u015bci fizycznej<\/strong> oraz <strong>uprawiania sportu<\/strong> na najwy\u017cszych obrotach. <strong>Najlepsze koszulki sportowe<\/strong> mo\u017cesz zam\u00f3wi\u0107 ju\u017c dzi\u015b!!! <strong>Koszulka wykonana<\/strong> jest z <strong>najwy\u017cszej jako\u015bci<\/strong> materia\u0142u produkowanego w Polsce. Mo\u017ce r\u00f3wnie\u017c zosta\u0107 uszyta z materia\u0142u poliestrowego wyprodukowanego z recyklingu butelek. <strong>Koszulka posiada szwy<\/strong> wzmocnione w celu unikni\u0119cia ich pop\u0119kania. <strong>Koszulki sportowe uszyte<\/strong> wed\u0142ug w\u0142asnego projektu znajdziesz w <strong>klubach sportowych<\/strong> na ca\u0142ym \u015bwiecie.<\/p>\n<h2>JAK ZAM\u00d3WI\u0106 KOSZULKI SPORTOWE Z W\u0141ASNYM NADRUKIEM<\/h2>\n<p><strong>Wszystkie koszulki sportowe<\/strong> szyjemy na zam\u00f3wienie. Skontaktuj si\u0119 z nami w celu okre\u015blenia, czego potrzebujesz. Je\u017celi biegasz, trenujesz i chcia\u0142by\u015b wykona\u0107 <strong>koszulki sportowe personalizowane<\/strong> m\u0119skie dla swojej dru\u017cyny \u2014 pomo\u017cemy ci w tym. Otrzymasz od nas pe\u0142ne wsparcie od pomys\u0142u, wyboru materia\u0142u, kroju.<\/p>\n<h2>RODZAJE KOSZULEK SPORTOWYCH<\/h2>\n<p>W naszej ofercie znajdziesz <strong>koszulki sportowe<\/strong> <strong>m\u0119skie, koszulki sportowe<\/strong> damskie oraz <strong>koszulki sportowe<\/strong> dzieci\u0119ce. Wszystkie modele s\u0105 dost\u0119pne w podstawowym kroju nadaj\u0105cym si\u0119 zar\u00f3wno na si\u0142ownie jak i do biegania.<\/p>\n<h2>UniverseProduction \u2014 Polski Producent Koszulek Sportowych<\/h2>\n<p>[\/vc_column_text][\/vc_column][\/vc_row]<\/p>\n","protected":false},"excerpt":{"rendered":"<p>[vc_row mobile_bg_img_hidden=&#8221;no&#8221; tablet_bg_img_hidden=&#8221;no&#8221; woodmart_parallax=&#8221;0&#8243; woodmart_gradient_switch=&#8221;no&#8221; row_reverse_mobile=&#8221;0&#8243; row_reverse_tablet=&#8221;0&#8243; woodmart_disable_overflow=&#8221;0&#8243; css=&#8221;.vc_custom_1617871602441{margin-top: 49px !important;}&#8221;][vc_column width=&#8221;1\/2&#8243; offset=&#8221;vc_col-lg-4&#8243;][vc_single_image image=&#8221;2594&#8243; img_size=&#8221;full&#8221; css=&#8221;.vc_custom_1620203640135{margin-bottom: 0px !important;border-bottom-width: 0px !important;padding-bottom: 0px !important;}&#8221; parallax_scroll=&#8221;no&#8221;][vc_wp_custommenu nav_menu=&#8221;185&#8243; el_class=&#8221;menu_menu&#8221;][vc_single_image image=&#8221;1237809&#8243; img_size=&#8221;full&#8221;][\/vc_column][vc_column width=&#8221;1\/2&#8243; offset=&#8221;vc_col-lg-8&#8243;][vc_row_inner content_placement=&#8221;bottom&#8221;][vc_column_inner width=&#8221;1\/3&#8243;][\/vc_column_inner][vc_column_inner width=&#8221;1\/3&#8243;][\/vc_column_inner][vc_column_inner width=&#8221;1\/3&#8243;][\/vc_column_inner][\/vc_row_inner][vc_row_inner][vc_column_inner width=&#8221;1\/2&#8243;][vc_single_image image=&#8221;1238622&#8243; img_size=&#8221;full&#8221;][\/vc_column_inner][vc_column_inner width=&#8221;1\/2&#8243; css=&#8221;.vc_custom_1669813570052{margin-top: 20px !important;}&#8221;][vc_column_text el_class=&#8221;product-details-text&#8221;]M\u0119ska koszulka treningowa o standardowym kroju. Uszyta z technicznego materia\u0142u zapewni komfort i wygod\u0119\u00a0pozwalaj\u0105c sk\u00f3rze [&hellip;]<\/p>\n","protected":false},"author":1,"featured_media":0,"parent":0,"menu_order":0,"comment_status":"closed","ping_status":"closed","template":"","meta":[],"_links":{"self":[{"href":"https:\/\/universeproduction.com\/pl\/wp-json\/wp\/v2\/pages\/1237777"}],"collection":[{"href":"https:\/\/universeproduction.com\/pl\/wp-json\/wp\/v2\/pages"}],"about":[{"href":"https:\/\/universeproduction.com\/pl\/wp-json\/wp\/v2\/types\/page"}],"author":[{"embeddable":true,"href":"https:\/\/universeproduction.com\/pl\/wp-json\/wp\/v2\/users\/1"}],"replies":[{"embeddable":true,"href":"https:\/\/universeproduction.com\/pl\/wp-json\/wp\/v2\/comments?post=1237777"}],"version-history":[{"count":48,"href":"https:\/\/universeproduction.com\/pl\/wp-json\/wp\/v2\/pages\/1237777\/revisions"}],"predecessor-version":[{"id":1240986,"href":"https:\/\/universeproduction.com\/pl\/wp-json\/wp\/v2\/pages\/1237777\/revisions\/1240986"}],"wp:attachment":[{"href":"https:\/\/universeproduction.com\/pl\/wp-json\/wp\/v2\/media?parent=1237777"}],"curies":[{"name":"wp","href":"https:\/\/api.w.org\/{rel}","templated":true}]}}