{"id":1224134,"date":"2022-10-19T05:05:02","date_gmt":"2022-10-19T05:05:02","guid":{"rendered":"https:\/\/universeproduction.eu\/product\/mens-glory-sweater\/"},"modified":"2022-10-19T05:05:02","modified_gmt":"2022-10-19T05:05:02","slug":"mens-glory-sweater","status":"publish","type":"product","link":"https:\/\/universeproduction.com\/de\/produkt\/mens-glory-sweater\/","title":{"rendered":"Men\u00b4s Glory Sweater"},"content":{"rendered":"<p>V-Ausschnitt | Passgenauer Schnitt | 1&#215;1 Ripp an B\u00fcndchen und Saum mit Elasthan f\u00fcr perfekten Sitz | Sich verj\u00fcngende Armausschnitte<\/p>\n","protected":false},"excerpt":{"rendered":"<p>V-Ausschnitt | Passgenauer Schnitt | 1&#215;1 Ripp an B\u00fcndchen und Saum mit Elasthan f\u00fcr perfekten Sitz | Sich verj\u00fcngende Armausschnitte<\/p>\n","protected":false},"featured_media":1224555,"template":"","meta":[],"product_cat":[99838,100478],"product_tag":[],"_links":{"self":[{"href":"https:\/\/universeproduction.com\/de\/wp-json\/wp\/v2\/product\/1224134"}],"collection":[{"href":"https:\/\/universeproduction.com\/de\/wp-json\/wp\/v2\/product"}],"about":[{"href":"https:\/\/universeproduction.com\/de\/wp-json\/wp\/v2\/types\/product"}],"wp:featuredmedia":[{"embeddable":true,"href":"https:\/\/universeproduction.com\/de\/wp-json\/wp\/v2\/media\/1224555"}],"wp:attachment":[{"href":"https:\/\/universeproduction.com\/de\/wp-json\/wp\/v2\/media?parent=1224134"}],"wp:term":[{"taxonomy":"product_cat","embeddable":true,"href":"https:\/\/universeproduction.com\/de\/wp-json\/wp\/v2\/product_cat?post=1224134"},{"taxonomy":"product_tag","embeddable":true,"href":"https:\/\/universeproduction.com\/de\/wp-json\/wp\/v2\/product_tag?post=1224134"}],"curies":[{"name":"wp","href":"https:\/\/api.w.org\/{rel}","templated":true}]}}