{"id":1223985,"date":"2022-10-19T05:03:23","date_gmt":"2022-10-19T05:03:23","guid":{"rendered":"https:\/\/universeproduction.eu\/product\/mens-v-neck-knitted-cardigan\/"},"modified":"2022-10-19T05:03:23","modified_gmt":"2022-10-19T05:03:23","slug":"mens-v-neck-knitted-cardigan","status":"publish","type":"product","link":"https:\/\/universeproduction.com\/de\/produkt\/mens-v-neck-knitted-cardigan\/","title":{"rendered":"Men\u00b4s V-Neck Knitted Cardigan"},"content":{"rendered":"<p>Klassische Passform | Modernes Design | Lang\u00e4rmelige Strickjacke mit V-Ausschnitt | Elasthan im Bund und an den \u00c4rmelb\u00fcndchen h\u00e4lt die Form und sorgt f\u00fcr einen gepflegten Look | Edle durchgehende Knopfleiste mit Beleg auf der Innenseite und farblich identischen Kn\u00f6pfen | Fully fashioned (in Form gestrickt) | Schnell trocknend und pflegeleicht<\/p>\n","protected":false},"excerpt":{"rendered":"<p>Klassische Passform | Modernes Design | Lang\u00e4rmelige Strickjacke mit V-Ausschnitt | Elasthan im Bund und an den \u00c4rmelb\u00fcndchen h\u00e4lt die Form und sorgt f\u00fcr einen gepflegten Look | Edle durchgehende Knopfleiste mit Beleg auf der Innenseite und farblich identischen Kn\u00f6pfen | Fully fashioned (in Form gestrickt) | Schnell trocknend und pflegeleicht<\/p>\n","protected":false},"featured_media":1152058,"template":"","meta":[],"product_cat":[99838,100478],"product_tag":[],"_links":{"self":[{"href":"https:\/\/universeproduction.com\/de\/wp-json\/wp\/v2\/product\/1223985"}],"collection":[{"href":"https:\/\/universeproduction.com\/de\/wp-json\/wp\/v2\/product"}],"about":[{"href":"https:\/\/universeproduction.com\/de\/wp-json\/wp\/v2\/types\/product"}],"wp:featuredmedia":[{"embeddable":true,"href":"https:\/\/universeproduction.com\/de\/wp-json\/wp\/v2\/media\/1152058"}],"wp:attachment":[{"href":"https:\/\/universeproduction.com\/de\/wp-json\/wp\/v2\/media?parent=1223985"}],"wp:term":[{"taxonomy":"product_cat","embeddable":true,"href":"https:\/\/universeproduction.com\/de\/wp-json\/wp\/v2\/product_cat?post=1223985"},{"taxonomy":"product_tag","embeddable":true,"href":"https:\/\/universeproduction.com\/de\/wp-json\/wp\/v2\/product_tag?post=1223985"}],"curies":[{"name":"wp","href":"https:\/\/api.w.org\/{rel}","templated":true}]}}