{"id":1223973,"date":"2022-10-18T08:25:10","date_gmt":"2022-10-18T08:25:10","guid":{"rendered":"https:\/\/universeproduction.eu\/product\/maxi-bag-for-life\/"},"modified":"2022-10-18T08:25:10","modified_gmt":"2022-10-18T08:25:10","slug":"maxi-bag-for-life","status":"publish","type":"product","link":"https:\/\/universeproduction.com\/de\/produkt\/maxi-bag-for-life\/","title":{"rendered":"Maxi Bag For Life"},"content":{"rendered":"<p>100% Baumwolle \/ 140 g\/m\u00b2 (4,1 oz\/yd\u00b2) | Gro\u00dfe Kapazit\u00e4t | Kann in der Hand oder \u00fcber der Schulter getragen werden | L\u00e4nge des Tragegriffs: ca. 58 cm | Volumen: ca. 18 Liter | Lieferung ohne Inhalt\/Deko<\/p>\n","protected":false},"excerpt":{"rendered":"<p>100% Baumwolle \/ 140 g\/m\u00b2 (4,1 oz\/yd\u00b2) | Gro\u00dfe Kapazit\u00e4t | Kann in der Hand oder \u00fcber der Schulter getragen werden | L\u00e4nge des Tragegriffs: ca. 58 cm | Volumen: ca. 18 Liter | Lieferung ohne Inhalt\/Deko<\/p>\n","protected":false},"featured_media":1167644,"template":"","meta":[],"product_cat":[100463,100464],"product_tag":[],"_links":{"self":[{"href":"https:\/\/universeproduction.com\/de\/wp-json\/wp\/v2\/product\/1223973"}],"collection":[{"href":"https:\/\/universeproduction.com\/de\/wp-json\/wp\/v2\/product"}],"about":[{"href":"https:\/\/universeproduction.com\/de\/wp-json\/wp\/v2\/types\/product"}],"wp:featuredmedia":[{"embeddable":true,"href":"https:\/\/universeproduction.com\/de\/wp-json\/wp\/v2\/media\/1167644"}],"wp:attachment":[{"href":"https:\/\/universeproduction.com\/de\/wp-json\/wp\/v2\/media?parent=1223973"}],"wp:term":[{"taxonomy":"product_cat","embeddable":true,"href":"https:\/\/universeproduction.com\/de\/wp-json\/wp\/v2\/product_cat?post=1223973"},{"taxonomy":"product_tag","embeddable":true,"href":"https:\/\/universeproduction.com\/de\/wp-json\/wp\/v2\/product_tag?post=1223973"}],"curies":[{"name":"wp","href":"https:\/\/api.w.org\/{rel}","templated":true}]}}