{"id":1223913,"date":"2022-10-17T08:51:32","date_gmt":"2022-10-17T08:51:32","guid":{"rendered":"https:\/\/universeproduction.eu\/product\/womens-cropped-crew-fleece\/"},"modified":"2022-10-17T08:51:32","modified_gmt":"2022-10-17T08:51:32","slug":"womens-cropped-crew-fleece","status":"publish","type":"product","link":"https:\/\/universeproduction.com\/de\/produkt\/womens-cropped-crew-fleece\/","title":{"rendered":"Women\u00b4s Cropped Crew Fleece"},"content":{"rendered":"<p>52% gek\u00e4mmte und ringgesponnene Airlume-Baumwolle \/ 48% Polyester-Fleece | Mit Seitennaht | Unges\u00e4umt | Abfallende Schulterpartie | Kurz geschnitten | Gerippte \u00c4rmelabschl\u00fcsse | TearAway Label | Vorgeschrumpft<\/p>\n","protected":false},"excerpt":{"rendered":"<p>52% gek\u00e4mmte und ringgesponnene Airlume-Baumwolle \/ 48% Polyester-Fleece | Mit Seitennaht | Unges\u00e4umt | Abfallende Schulterpartie | Kurz geschnitten | Gerippte \u00c4rmelabschl\u00fcsse | TearAway Label | Vorgeschrumpft<\/p>\n","protected":false},"featured_media":1224710,"template":"","meta":[],"product_cat":[99841,100482,100480],"product_tag":[],"_links":{"self":[{"href":"https:\/\/universeproduction.com\/de\/wp-json\/wp\/v2\/product\/1223913"}],"collection":[{"href":"https:\/\/universeproduction.com\/de\/wp-json\/wp\/v2\/product"}],"about":[{"href":"https:\/\/universeproduction.com\/de\/wp-json\/wp\/v2\/types\/product"}],"wp:featuredmedia":[{"embeddable":true,"href":"https:\/\/universeproduction.com\/de\/wp-json\/wp\/v2\/media\/1224710"}],"wp:attachment":[{"href":"https:\/\/universeproduction.com\/de\/wp-json\/wp\/v2\/media?parent=1223913"}],"wp:term":[{"taxonomy":"product_cat","embeddable":true,"href":"https:\/\/universeproduction.com\/de\/wp-json\/wp\/v2\/product_cat?post=1223913"},{"taxonomy":"product_tag","embeddable":true,"href":"https:\/\/universeproduction.com\/de\/wp-json\/wp\/v2\/product_tag?post=1223913"}],"curies":[{"name":"wp","href":"https:\/\/api.w.org\/{rel}","templated":true}]}}