{"id":1223816,"date":"2022-10-17T11:43:57","date_gmt":"2022-10-17T11:43:57","guid":{"rendered":"https:\/\/universeproduction.eu\/product\/womens-fashion-fit-outdoor-fleece-jacket\/"},"modified":"2022-10-17T11:43:57","modified_gmt":"2022-10-17T11:43:57","slug":"womens-fashion-fit-outdoor-fleece-jacket","status":"publish","type":"product","link":"https:\/\/universeproduction.com\/de\/produkt\/womens-fashion-fit-outdoor-fleece-jacket\/","title":{"rendered":"Women\u00b4s Fashion Fit Outdoor Fleece Jacket"},"content":{"rendered":"<p>Durchgehender Rei\u00dfverschluss an der Vorderseite | Zwei Seitentaschen mit Rei\u00dfverschluss | Eingefasste \u00c4rmelb\u00fcndchen | Verdecktes Zierband am Kragen | Eingesetzte \u00c4rmel | Doppeln\u00e4hte | Taillierte Passform<\/p>\n","protected":false},"excerpt":{"rendered":"<p>Durchgehender Rei\u00dfverschluss an der Vorderseite | Zwei Seitentaschen mit Rei\u00dfverschluss | Eingefasste \u00c4rmelb\u00fcndchen | Verdecktes Zierband am Kragen | Eingesetzte \u00c4rmel | Doppeln\u00e4hte | Taillierte Passform<\/p>\n","protected":false},"featured_media":1164527,"template":"","meta":[],"product_cat":[99841,100481],"product_tag":[],"_links":{"self":[{"href":"https:\/\/universeproduction.com\/de\/wp-json\/wp\/v2\/product\/1223816"}],"collection":[{"href":"https:\/\/universeproduction.com\/de\/wp-json\/wp\/v2\/product"}],"about":[{"href":"https:\/\/universeproduction.com\/de\/wp-json\/wp\/v2\/types\/product"}],"wp:featuredmedia":[{"embeddable":true,"href":"https:\/\/universeproduction.com\/de\/wp-json\/wp\/v2\/media\/1164527"}],"wp:attachment":[{"href":"https:\/\/universeproduction.com\/de\/wp-json\/wp\/v2\/media?parent=1223816"}],"wp:term":[{"taxonomy":"product_cat","embeddable":true,"href":"https:\/\/universeproduction.com\/de\/wp-json\/wp\/v2\/product_cat?post=1223816"},{"taxonomy":"product_tag","embeddable":true,"href":"https:\/\/universeproduction.com\/de\/wp-json\/wp\/v2\/product_tag?post=1223816"}],"curies":[{"name":"wp","href":"https:\/\/api.w.org\/{rel}","templated":true}]}}