{"id":1223674,"date":"2022-10-18T08:24:58","date_gmt":"2022-10-18T08:24:58","guid":{"rendered":"https:\/\/universeproduction.eu\/product\/premium-cotton-bag\/"},"modified":"2022-10-18T08:24:58","modified_gmt":"2022-10-18T08:24:58","slug":"premium-cotton-bag","status":"publish","type":"product","link":"https:\/\/universeproduction.com\/de\/produkt\/premium-cotton-bag\/","title":{"rendered":"Premium Cotton Bag"},"content":{"rendered":"<p>Hochwertige Baumwolle f\u00fcr mehr Strapazierf\u00e4higkeit | Hochwertige Druckoberfl\u00e4che f\u00fcr optimale Dekoration | Kann in der Hand oder \u00fcber der Schulter getragen werden | L\u00e4nge des Tragegriffs: ca. 67 cm | Volumen: ca. 10 Liter | Lieferung ohne Inhalt\/Deko<\/p>\n","protected":false},"excerpt":{"rendered":"<p>Hochwertige Baumwolle f\u00fcr mehr Strapazierf\u00e4higkeit | Hochwertige Druckoberfl\u00e4che f\u00fcr optimale Dekoration | Kann in der Hand oder \u00fcber der Schulter getragen werden | L\u00e4nge des Tragegriffs: ca. 67 cm | Volumen: ca. 10 Liter | Lieferung ohne Inhalt\/Deko<\/p>\n","protected":false},"featured_media":1167864,"template":"","meta":[],"product_cat":[100463,100464],"product_tag":[],"_links":{"self":[{"href":"https:\/\/universeproduction.com\/de\/wp-json\/wp\/v2\/product\/1223674"}],"collection":[{"href":"https:\/\/universeproduction.com\/de\/wp-json\/wp\/v2\/product"}],"about":[{"href":"https:\/\/universeproduction.com\/de\/wp-json\/wp\/v2\/types\/product"}],"wp:featuredmedia":[{"embeddable":true,"href":"https:\/\/universeproduction.com\/de\/wp-json\/wp\/v2\/media\/1167864"}],"wp:attachment":[{"href":"https:\/\/universeproduction.com\/de\/wp-json\/wp\/v2\/media?parent=1223674"}],"wp:term":[{"taxonomy":"product_cat","embeddable":true,"href":"https:\/\/universeproduction.com\/de\/wp-json\/wp\/v2\/product_cat?post=1223674"},{"taxonomy":"product_tag","embeddable":true,"href":"https:\/\/universeproduction.com\/de\/wp-json\/wp\/v2\/product_tag?post=1223674"}],"curies":[{"name":"wp","href":"https:\/\/api.w.org\/{rel}","templated":true}]}}