{"id":1223405,"date":"2022-10-18T07:55:55","date_gmt":"2022-10-18T07:55:55","guid":{"rendered":"https:\/\/universeproduction.eu\/product\/kids-classic-hooded-sweat\/"},"modified":"2022-10-18T07:55:55","modified_gmt":"2022-10-18T07:55:55","slug":"kids-classic-hooded-sweat","status":"publish","type":"product","link":"https:\/\/universeproduction.com\/de\/produkt\/kids-classic-hooded-sweat\/","title":{"rendered":"Kids\u00b4 Classic Hooded Sweat"},"content":{"rendered":"<p>Doppelte Kapuze ohne Kordelzug, entsprechend der europ\u00e4ischen Richtlinien f\u00fcr Kinderbekleidung | K\u00e4ngurutasche vorne | B\u00fcndchen aus Baumwolle\/Lycra\u00ae Ripp<\/p>\n","protected":false},"excerpt":{"rendered":"<p>Doppelte Kapuze ohne Kordelzug, entsprechend der europ\u00e4ischen Richtlinien f\u00fcr Kinderbekleidung | K\u00e4ngurutasche vorne | B\u00fcndchen aus Baumwolle\/Lycra\u00ae Ripp<\/p>\n","protected":false},"featured_media":1224562,"template":"","meta":[],"product_cat":[99844,100465],"product_tag":[],"_links":{"self":[{"href":"https:\/\/universeproduction.com\/de\/wp-json\/wp\/v2\/product\/1223405"}],"collection":[{"href":"https:\/\/universeproduction.com\/de\/wp-json\/wp\/v2\/product"}],"about":[{"href":"https:\/\/universeproduction.com\/de\/wp-json\/wp\/v2\/types\/product"}],"wp:featuredmedia":[{"embeddable":true,"href":"https:\/\/universeproduction.com\/de\/wp-json\/wp\/v2\/media\/1224562"}],"wp:attachment":[{"href":"https:\/\/universeproduction.com\/de\/wp-json\/wp\/v2\/media?parent=1223405"}],"wp:term":[{"taxonomy":"product_cat","embeddable":true,"href":"https:\/\/universeproduction.com\/de\/wp-json\/wp\/v2\/product_cat?post=1223405"},{"taxonomy":"product_tag","embeddable":true,"href":"https:\/\/universeproduction.com\/de\/wp-json\/wp\/v2\/product_tag?post=1223405"}],"curies":[{"name":"wp","href":"https:\/\/api.w.org\/{rel}","templated":true}]}}