{"id":1223148,"date":"2022-10-18T07:55:41","date_gmt":"2022-10-18T07:55:41","guid":{"rendered":"https:\/\/universeproduction.eu\/product\/kids-authentic-zipped-hooded-sweat\/"},"modified":"2022-10-18T07:55:41","modified_gmt":"2022-10-18T07:55:41","slug":"kids-authentic-zipped-hooded-sweat","status":"publish","type":"product","link":"https:\/\/universeproduction.com\/de\/produkt\/kids-authentic-zipped-hooded-sweat\/","title":{"rendered":"Kids\u00b4 Authentic Zipped Hooded Sweat"},"content":{"rendered":"<p>Gerader Schnitt | Feine 100%ige Baumwolloberfl\u00e4che | Nackenband in Fischgr\u00e4t-Optik | Seitenn\u00e4hte f\u00fcr optimale Passform | Saum und B\u00fcndchen weiter geschnitten und mit Elasthan | Deckn\u00e4hte an Armausschnitten, B\u00fcndchen und Saum | Keine Zugb\u00e4nder | Doppellagige Kapuze | 1&#215;1 Ripp-Bund und -B\u00fcndchen mit Elasthan | Seitliche Eingriffstaschen | Antik-Silberner YKK-Rei\u00dfverschluss | Verdeckter Rei\u00dfverschluss f\u00fcr vollfl\u00e4chige Veredelung | Oberfl\u00e4chennaht zur Zier und f\u00fcr eine bessere Haltbarkeit<\/p>\n","protected":false},"excerpt":{"rendered":"<p>Gerader Schnitt | Feine 100%ige Baumwolloberfl\u00e4che | Nackenband in Fischgr\u00e4t-Optik | Seitenn\u00e4hte f\u00fcr optimale Passform | Saum und B\u00fcndchen weiter geschnitten und mit Elasthan | Deckn\u00e4hte an Armausschnitten, B\u00fcndchen und Saum | Keine Zugb\u00e4nder | Doppellagige Kapuze | 1&#215;1 Ripp-Bund und -B\u00fcndchen mit Elasthan | Seitliche Eingriffstaschen | Antik-Silberner YKK-Rei\u00dfverschluss | Verdeckter Rei\u00dfverschluss f\u00fcr vollfl\u00e4chige [&hellip;]<\/p>\n","protected":false},"featured_media":1167184,"template":"","meta":[],"product_cat":[99844,100465],"product_tag":[],"_links":{"self":[{"href":"https:\/\/universeproduction.com\/de\/wp-json\/wp\/v2\/product\/1223148"}],"collection":[{"href":"https:\/\/universeproduction.com\/de\/wp-json\/wp\/v2\/product"}],"about":[{"href":"https:\/\/universeproduction.com\/de\/wp-json\/wp\/v2\/types\/product"}],"wp:featuredmedia":[{"embeddable":true,"href":"https:\/\/universeproduction.com\/de\/wp-json\/wp\/v2\/media\/1167184"}],"wp:attachment":[{"href":"https:\/\/universeproduction.com\/de\/wp-json\/wp\/v2\/media?parent=1223148"}],"wp:term":[{"taxonomy":"product_cat","embeddable":true,"href":"https:\/\/universeproduction.com\/de\/wp-json\/wp\/v2\/product_cat?post=1223148"},{"taxonomy":"product_tag","embeddable":true,"href":"https:\/\/universeproduction.com\/de\/wp-json\/wp\/v2\/product_tag?post=1223148"}],"curies":[{"name":"wp","href":"https:\/\/api.w.org\/{rel}","templated":true}]}}