{"id":1222918,"date":"2022-10-18T07:55:35","date_gmt":"2022-10-18T07:55:35","guid":{"rendered":"https:\/\/universeproduction.eu\/product\/kids-hooded-sweat\/"},"modified":"2022-10-18T07:55:35","modified_gmt":"2022-10-18T07:55:35","slug":"kids-hooded-sweat","status":"publish","type":"product","link":"https:\/\/universeproduction.com\/de\/produkt\/kids-hooded-sweat\/","title":{"rendered":"Kids\u00b4 Hooded Sweat"},"content":{"rendered":"<p>80% ringgesponnene, gek\u00e4mmte Baumwolle \/ 20% Polyester | Perfect Sweat Technology: Qualit\u00e4tsgewebe f\u00fcr optimale Bedruckbarkeit, Tragekomfort und Strapazierf\u00e4higkeit | Gef\u00fctterte Kapuze (ohne Kordelzug) | \u00c4rmelabschl\u00fcsse und unterer Saum in 1&#215;1 Ripp mit Elasthan | K\u00e4ngurutasche mit verst\u00e4rkten N\u00e4hten | Schultern und Armausschnitte mit Flatlock-Steppn\u00e4hten | Seitenn\u00e4hte | B&amp;C Collection ist Mitglied der Fair Wear Foundation<\/p>\n","protected":false},"excerpt":{"rendered":"<p>80% ringgesponnene, gek\u00e4mmte Baumwolle \/ 20% Polyester | Perfect Sweat Technology: Qualit\u00e4tsgewebe f\u00fcr optimale Bedruckbarkeit, Tragekomfort und Strapazierf\u00e4higkeit | Gef\u00fctterte Kapuze (ohne Kordelzug) | \u00c4rmelabschl\u00fcsse und unterer Saum in 1&#215;1 Ripp mit Elasthan | K\u00e4ngurutasche mit verst\u00e4rkten N\u00e4hten | Schultern und Armausschnitte mit Flatlock-Steppn\u00e4hten | Seitenn\u00e4hte | B&amp;C Collection ist Mitglied der Fair Wear Foundation<\/p>\n","protected":false},"featured_media":775670,"template":"","meta":[],"product_cat":[99844,100465],"product_tag":[],"_links":{"self":[{"href":"https:\/\/universeproduction.com\/de\/wp-json\/wp\/v2\/product\/1222918"}],"collection":[{"href":"https:\/\/universeproduction.com\/de\/wp-json\/wp\/v2\/product"}],"about":[{"href":"https:\/\/universeproduction.com\/de\/wp-json\/wp\/v2\/types\/product"}],"wp:featuredmedia":[{"embeddable":true,"href":"https:\/\/universeproduction.com\/de\/wp-json\/wp\/v2\/media\/775670"}],"wp:attachment":[{"href":"https:\/\/universeproduction.com\/de\/wp-json\/wp\/v2\/media?parent=1222918"}],"wp:term":[{"taxonomy":"product_cat","embeddable":true,"href":"https:\/\/universeproduction.com\/de\/wp-json\/wp\/v2\/product_cat?post=1222918"},{"taxonomy":"product_tag","embeddable":true,"href":"https:\/\/universeproduction.com\/de\/wp-json\/wp\/v2\/product_tag?post=1222918"}],"curies":[{"name":"wp","href":"https:\/\/api.w.org\/{rel}","templated":true}]}}