{"id":1222872,"date":"2022-10-18T07:28:08","date_gmt":"2022-10-18T07:28:08","guid":{"rendered":"https:\/\/universeproduction.eu\/product\/baby-bodysuit\/"},"modified":"2022-10-18T07:28:08","modified_gmt":"2022-10-18T07:28:08","slug":"baby-bodysuit","status":"publish","type":"product","link":"https:\/\/universeproduction.com\/de\/produkt\/baby-bodysuit\/","title":{"rendered":"Baby Bodysuit"},"content":{"rendered":"<p>Kragen, B\u00fcndchen und Beinabschl\u00fcsse mit Einfassung | 100% gek\u00e4mmte Ringspun-Baumwolle | Fl\u00fcgel\u00e4rmel | Druckkn\u00f6pfe im Schritt<\/p>\n","protected":false},"excerpt":{"rendered":"<p>Kragen, B\u00fcndchen und Beinabschl\u00fcsse mit Einfassung | 100% gek\u00e4mmte Ringspun-Baumwolle | Fl\u00fcgel\u00e4rmel | Druckkn\u00f6pfe im Schritt<\/p>\n","protected":false},"featured_media":1224568,"template":"","meta":[],"product_cat":[100466,99844],"product_tag":[],"_links":{"self":[{"href":"https:\/\/universeproduction.com\/de\/wp-json\/wp\/v2\/product\/1222872"}],"collection":[{"href":"https:\/\/universeproduction.com\/de\/wp-json\/wp\/v2\/product"}],"about":[{"href":"https:\/\/universeproduction.com\/de\/wp-json\/wp\/v2\/types\/product"}],"wp:featuredmedia":[{"embeddable":true,"href":"https:\/\/universeproduction.com\/de\/wp-json\/wp\/v2\/media\/1224568"}],"wp:attachment":[{"href":"https:\/\/universeproduction.com\/de\/wp-json\/wp\/v2\/media?parent=1222872"}],"wp:term":[{"taxonomy":"product_cat","embeddable":true,"href":"https:\/\/universeproduction.com\/de\/wp-json\/wp\/v2\/product_cat?post=1222872"},{"taxonomy":"product_tag","embeddable":true,"href":"https:\/\/universeproduction.com\/de\/wp-json\/wp\/v2\/product_tag?post=1222872"}],"curies":[{"name":"wp","href":"https:\/\/api.w.org\/{rel}","templated":true}]}}