{"id":1222488,"date":"2022-10-18T07:27:20","date_gmt":"2022-10-18T07:27:20","guid":{"rendered":"https:\/\/universeproduction.eu\/product\/babies-bodysuit-bambino\/"},"modified":"2022-10-18T07:27:20","modified_gmt":"2022-10-18T07:27:20","slug":"babies-bodysuit-bambino","status":"publish","type":"product","link":"https:\/\/universeproduction.com\/de\/produkt\/babies-bodysuit-bambino\/","title":{"rendered":"Babies Bodysuit Bambino"},"content":{"rendered":"<p>Kragen, B\u00fcndchen und Beinabschl\u00fcsse mit Einfassung | 100% gek\u00e4mmte Ringspun-Baumwolle | Fl\u00fcgel\u00e4rmel | Druckkn\u00f6pfe im Schritt<\/p>\n","protected":false},"excerpt":{"rendered":"<p>Kragen, B\u00fcndchen und Beinabschl\u00fcsse mit Einfassung | 100% gek\u00e4mmte Ringspun-Baumwolle | Fl\u00fcgel\u00e4rmel | Druckkn\u00f6pfe im Schritt<\/p>\n","protected":false},"featured_media":958211,"template":"","meta":[],"product_cat":[100466,99844],"product_tag":[],"_links":{"self":[{"href":"https:\/\/universeproduction.com\/de\/wp-json\/wp\/v2\/product\/1222488"}],"collection":[{"href":"https:\/\/universeproduction.com\/de\/wp-json\/wp\/v2\/product"}],"about":[{"href":"https:\/\/universeproduction.com\/de\/wp-json\/wp\/v2\/types\/product"}],"wp:featuredmedia":[{"embeddable":true,"href":"https:\/\/universeproduction.com\/de\/wp-json\/wp\/v2\/media\/958211"}],"wp:attachment":[{"href":"https:\/\/universeproduction.com\/de\/wp-json\/wp\/v2\/media?parent=1222488"}],"wp:term":[{"taxonomy":"product_cat","embeddable":true,"href":"https:\/\/universeproduction.com\/de\/wp-json\/wp\/v2\/product_cat?post=1222488"},{"taxonomy":"product_tag","embeddable":true,"href":"https:\/\/universeproduction.com\/de\/wp-json\/wp\/v2\/product_tag?post=1222488"}],"curies":[{"name":"wp","href":"https:\/\/api.w.org\/{rel}","templated":true}]}}