{"id":1222241,"date":"2022-10-18T07:00:55","date_gmt":"2022-10-18T07:00:55","guid":{"rendered":"https:\/\/universeproduction.eu\/product\/softstyle-youth-t-shirt\/"},"modified":"2022-10-18T07:00:55","modified_gmt":"2022-10-18T07:00:55","slug":"softstyle-youth-t-shirt","status":"publish","type":"product","link":"https:\/\/universeproduction.com\/de\/produkt\/softstyle-youth-t-shirt\/","title":{"rendered":"Softstyle\u00ae Youth T-Shirt"},"content":{"rendered":"<p>Ringgesponnene Baumwolle | Weiches, ringgesponnenes Material | Hohe Nahtdichte f\u00fcr eine glattere Druckoberfl\u00e4che | 1,9 cm Ripp-Kragen | Nacken- und Schulterband | Doppelnaht an \u00c4rmel und Saum | Classic fit | Gr\u00f6\u00dfen XS und S mit Seitenn\u00e4hten | Gr\u00f6\u00dfen M, L und XL ohne Seitenn\u00e4hte | Heraustrennbares Etikett<\/p>\n","protected":false},"excerpt":{"rendered":"<p>Ringgesponnene Baumwolle | Weiches, ringgesponnenes Material | Hohe Nahtdichte f\u00fcr eine glattere Druckoberfl\u00e4che | 1,9 cm Ripp-Kragen | Nacken- und Schulterband | Doppelnaht an \u00c4rmel und Saum | Classic fit | Gr\u00f6\u00dfen XS und S mit Seitenn\u00e4hten | Gr\u00f6\u00dfen M, L und XL ohne Seitenn\u00e4hte | Heraustrennbares Etikett<\/p>\n","protected":false},"featured_media":1224574,"template":"","meta":[],"product_cat":[99844,100467],"product_tag":[],"_links":{"self":[{"href":"https:\/\/universeproduction.com\/de\/wp-json\/wp\/v2\/product\/1222241"}],"collection":[{"href":"https:\/\/universeproduction.com\/de\/wp-json\/wp\/v2\/product"}],"about":[{"href":"https:\/\/universeproduction.com\/de\/wp-json\/wp\/v2\/types\/product"}],"wp:featuredmedia":[{"embeddable":true,"href":"https:\/\/universeproduction.com\/de\/wp-json\/wp\/v2\/media\/1224574"}],"wp:attachment":[{"href":"https:\/\/universeproduction.com\/de\/wp-json\/wp\/v2\/media?parent=1222241"}],"wp:term":[{"taxonomy":"product_cat","embeddable":true,"href":"https:\/\/universeproduction.com\/de\/wp-json\/wp\/v2\/product_cat?post=1222241"},{"taxonomy":"product_tag","embeddable":true,"href":"https:\/\/universeproduction.com\/de\/wp-json\/wp\/v2\/product_tag?post=1222241"}],"curies":[{"name":"wp","href":"https:\/\/api.w.org\/{rel}","templated":true}]}}