{"id":1222083,"date":"2022-10-18T06:57:07","date_gmt":"2022-10-18T06:57:07","guid":{"rendered":"https:\/\/universeproduction.eu\/product\/kids-imperial-t-shirt\/"},"modified":"2022-10-20T09:36:21","modified_gmt":"2022-10-20T09:36:21","slug":"kids-imperial-t-shirt","status":"publish","type":"product","link":"https:\/\/universeproduction.com\/de\/produkt\/kids-imperial-t-shirt\/","title":{"rendered":"Kids\u00b4 Imperial T-Shirt"},"content":{"rendered":"<p>Halbgek\u00e4mmte Ringspun-Baumwolle | Verst\u00e4rkendes Nackenband | Ripp-Kragen mit Elasthan-Anteil | Gr\u00f6\u00dfen 86-94 und 96-104 mit Seitenn\u00e4hten<\/p>\n","protected":false},"excerpt":{"rendered":"<p><br data-mce-bogus=\"1\"><\/p>\n","protected":false},"featured_media":1224577,"template":"","meta":[],"product_cat":[99844,100467],"product_tag":[],"_links":{"self":[{"href":"https:\/\/universeproduction.com\/de\/wp-json\/wp\/v2\/product\/1222083"}],"collection":[{"href":"https:\/\/universeproduction.com\/de\/wp-json\/wp\/v2\/product"}],"about":[{"href":"https:\/\/universeproduction.com\/de\/wp-json\/wp\/v2\/types\/product"}],"wp:featuredmedia":[{"embeddable":true,"href":"https:\/\/universeproduction.com\/de\/wp-json\/wp\/v2\/media\/1224577"}],"wp:attachment":[{"href":"https:\/\/universeproduction.com\/de\/wp-json\/wp\/v2\/media?parent=1222083"}],"wp:term":[{"taxonomy":"product_cat","embeddable":true,"href":"https:\/\/universeproduction.com\/de\/wp-json\/wp\/v2\/product_cat?post=1222083"},{"taxonomy":"product_tag","embeddable":true,"href":"https:\/\/universeproduction.com\/de\/wp-json\/wp\/v2\/product_tag?post=1222083"}],"curies":[{"name":"wp","href":"https:\/\/api.w.org\/{rel}","templated":true}]}}