{"id":1220448,"date":"2022-10-18T05:34:59","date_gmt":"2022-10-18T05:34:59","guid":{"rendered":"https:\/\/universeproduction.eu\/product\/womens-crossover-bodywarmer\/"},"modified":"2022-10-18T05:34:59","modified_gmt":"2022-10-18T05:34:59","slug":"womens-crossover-bodywarmer","status":"publish","type":"product","link":"https:\/\/universeproduction.com\/de\/produkt\/womens-crossover-bodywarmer\/","title":{"rendered":"Women\u00b4s Crossover Bodywarmer"},"content":{"rendered":"<p>300T Polyester mit Softshell Polyester-Wattierung | Winddicht und wasserabweisend | Taillierter Schnitt | Zwei gro\u00dfe Fronttaschen | Innentasche | Elastische \u00c4rmelabschl\u00fcsse | Umgekehrte Rei\u00dfverschl\u00fcsse | Geeignet zum Besticken<\/p>\n","protected":false},"excerpt":{"rendered":"<p>300T Polyester mit Softshell Polyester-Wattierung | Winddicht und wasserabweisend | Taillierter Schnitt | Zwei gro\u00dfe Fronttaschen | Innentasche | Elastische \u00c4rmelabschl\u00fcsse | Umgekehrte Rei\u00dfverschl\u00fcsse | Geeignet zum Besticken<\/p>\n","protected":false},"featured_media":1165392,"template":"","meta":[],"product_cat":[99841,100493],"product_tag":[],"_links":{"self":[{"href":"https:\/\/universeproduction.com\/de\/wp-json\/wp\/v2\/product\/1220448"}],"collection":[{"href":"https:\/\/universeproduction.com\/de\/wp-json\/wp\/v2\/product"}],"about":[{"href":"https:\/\/universeproduction.com\/de\/wp-json\/wp\/v2\/types\/product"}],"wp:featuredmedia":[{"embeddable":true,"href":"https:\/\/universeproduction.com\/de\/wp-json\/wp\/v2\/media\/1165392"}],"wp:attachment":[{"href":"https:\/\/universeproduction.com\/de\/wp-json\/wp\/v2\/media?parent=1220448"}],"wp:term":[{"taxonomy":"product_cat","embeddable":true,"href":"https:\/\/universeproduction.com\/de\/wp-json\/wp\/v2\/product_cat?post=1220448"},{"taxonomy":"product_tag","embeddable":true,"href":"https:\/\/universeproduction.com\/de\/wp-json\/wp\/v2\/product_tag?post=1220448"}],"curies":[{"name":"wp","href":"https:\/\/api.w.org\/{rel}","templated":true}]}}