{"id":1220135,"date":"2022-10-17T12:35:16","date_gmt":"2022-10-17T12:35:16","guid":{"rendered":"https:\/\/universeproduction.eu\/product\/womens-wilson-bodywarmer-jacket\/"},"modified":"2022-10-17T12:35:16","modified_gmt":"2022-10-17T12:35:16","slug":"womens-wilson-bodywarmer-jacket","status":"publish","type":"product","link":"https:\/\/universeproduction.com\/de\/produkt\/womens-wilson-bodywarmer-jacket\/","title":{"rendered":"Women\u00b4s Wilson Bodywarmer Jacket"},"content":{"rendered":"<p>Nylon 380T; Oberstoff und Futter: 100% Polyamid; Wattierung: 90% Daunen \/ 10% Federn; 70 g\/m\u00b2 | Rei\u00dfverschluss-\u00d6ffnung | Zwei Fronttaschen mit Rei\u00dfverschluss | 2 Innentaschen | Schmaler Stehkragen | Figurbetonter Schnitt | Verstaubar in passendem Beutel mit Stoppern | Gr\u00f6\u00dfenlabel ohne Markenaufdruck<\/p>\n","protected":false},"excerpt":{"rendered":"<p>Nylon 380T; Oberstoff und Futter: 100% Polyamid; Wattierung: 90% Daunen \/ 10% Federn; 70 g\/m\u00b2 | Rei\u00dfverschluss-\u00d6ffnung | Zwei Fronttaschen mit Rei\u00dfverschluss | 2 Innentaschen | Schmaler Stehkragen | Figurbetonter Schnitt | Verstaubar in passendem Beutel mit Stoppern | Gr\u00f6\u00dfenlabel ohne Markenaufdruck<\/p>\n","protected":false},"featured_media":1224631,"template":"","meta":[],"product_cat":[99841,100493],"product_tag":[],"_links":{"self":[{"href":"https:\/\/universeproduction.com\/de\/wp-json\/wp\/v2\/product\/1220135"}],"collection":[{"href":"https:\/\/universeproduction.com\/de\/wp-json\/wp\/v2\/product"}],"about":[{"href":"https:\/\/universeproduction.com\/de\/wp-json\/wp\/v2\/types\/product"}],"wp:featuredmedia":[{"embeddable":true,"href":"https:\/\/universeproduction.com\/de\/wp-json\/wp\/v2\/media\/1224631"}],"wp:attachment":[{"href":"https:\/\/universeproduction.com\/de\/wp-json\/wp\/v2\/media?parent=1220135"}],"wp:term":[{"taxonomy":"product_cat","embeddable":true,"href":"https:\/\/universeproduction.com\/de\/wp-json\/wp\/v2\/product_cat?post=1220135"},{"taxonomy":"product_tag","embeddable":true,"href":"https:\/\/universeproduction.com\/de\/wp-json\/wp\/v2\/product_tag?post=1220135"}],"curies":[{"name":"wp","href":"https:\/\/api.w.org\/{rel}","templated":true}]}}