{"id":1218755,"date":"2022-10-17T10:52:26","date_gmt":"2022-10-17T10:52:26","guid":{"rendered":"https:\/\/universeproduction.eu\/product\/surf-hoodie\/"},"modified":"2022-10-17T10:52:26","modified_gmt":"2022-10-17T10:52:26","slug":"surf-hoodie","status":"publish","type":"product","link":"https:\/\/universeproduction.com\/de\/produkt\/surf-hoodie\/","title":{"rendered":"Surf Hoodie"},"content":{"rendered":"<p>Zwillingsnadelstich-Detail | Melierter Stoff | Entspannter Schnitt | Doppellagige Kapuze | K\u00e4ngurutasche | Flache Zugkordeln | Gerippte \u00c4rmelabschl\u00fcsse und Saum | Abrei\u00dfetikett | WRAP-Zertifizierung<\/p>\n","protected":false},"excerpt":{"rendered":"<p>Zwillingsnadelstich-Detail | Melierter Stoff | Entspannter Schnitt | Doppellagige Kapuze | K\u00e4ngurutasche | Flache Zugkordeln | Gerippte \u00c4rmelabschl\u00fcsse und Saum | Abrei\u00dfetikett | WRAP-Zertifizierung<\/p>\n","protected":false},"featured_media":1224660,"template":"","meta":[],"product_cat":[99841,100480],"product_tag":[],"_links":{"self":[{"href":"https:\/\/universeproduction.com\/de\/wp-json\/wp\/v2\/product\/1218755"}],"collection":[{"href":"https:\/\/universeproduction.com\/de\/wp-json\/wp\/v2\/product"}],"about":[{"href":"https:\/\/universeproduction.com\/de\/wp-json\/wp\/v2\/types\/product"}],"wp:featuredmedia":[{"embeddable":true,"href":"https:\/\/universeproduction.com\/de\/wp-json\/wp\/v2\/media\/1224660"}],"wp:attachment":[{"href":"https:\/\/universeproduction.com\/de\/wp-json\/wp\/v2\/media?parent=1218755"}],"wp:term":[{"taxonomy":"product_cat","embeddable":true,"href":"https:\/\/universeproduction.com\/de\/wp-json\/wp\/v2\/product_cat?post=1218755"},{"taxonomy":"product_tag","embeddable":true,"href":"https:\/\/universeproduction.com\/de\/wp-json\/wp\/v2\/product_tag?post=1218755"}],"curies":[{"name":"wp","href":"https:\/\/api.w.org\/{rel}","templated":true}]}}