{"id":1217675,"date":"2022-10-17T10:35:42","date_gmt":"2022-10-17T10:35:42","guid":{"rendered":"https:\/\/universeproduction.eu\/product\/queen-hooded-sweat_\/"},"modified":"2022-10-17T10:35:42","modified_gmt":"2022-10-17T10:35:42","slug":"queen-hooded-sweat_","status":"publish","type":"product","link":"https:\/\/universeproduction.com\/de\/produkt\/queen-hooded-sweat_\/","title":{"rendered":"QUEEN Hooded Sweat_\u00b0"},"content":{"rendered":"<p>Innen geb\u00fcrstetes Fleece | Lange \u00c4rmel | Mit Kapuze | Normale Passform | Einlaufvorbehandelte, ringgesponnene gek\u00e4mmte Baumwolle | Seitenn\u00e4hte | Kapuze mit Single-Jersey-Futter | Flache Zugschnur mit luxuri\u00f6sen Metallspitzen | Qualitativ hochwertiges, langlebiges Nackenband | Single-Jersey-Halbmond im R\u00fccken | Sehr weiches Gewebe mit Pfirsichhauteffekt aus 100% Baumwolle (B&amp;C PST-Technologie) | Glatte, weiche und ebene Oberfl\u00e4che | Weiches Doppel-Satin-Etikett<\/p>\n","protected":false},"excerpt":{"rendered":"<p>Innen geb\u00fcrstetes Fleece | Lange \u00c4rmel | Mit Kapuze | Normale Passform | Einlaufvorbehandelte, ringgesponnene gek\u00e4mmte Baumwolle | Seitenn\u00e4hte | Kapuze mit Single-Jersey-Futter | Flache Zugschnur mit luxuri\u00f6sen Metallspitzen | Qualitativ hochwertiges, langlebiges Nackenband | Single-Jersey-Halbmond im R\u00fccken | Sehr weiches Gewebe mit Pfirsichhauteffekt aus 100% Baumwolle (B&amp;C PST-Technologie) | Glatte, weiche und ebene Oberfl\u00e4che [&hellip;]<\/p>\n","protected":false},"featured_media":1224676,"template":"","meta":[],"product_cat":[99841,100480],"product_tag":[],"_links":{"self":[{"href":"https:\/\/universeproduction.com\/de\/wp-json\/wp\/v2\/product\/1217675"}],"collection":[{"href":"https:\/\/universeproduction.com\/de\/wp-json\/wp\/v2\/product"}],"about":[{"href":"https:\/\/universeproduction.com\/de\/wp-json\/wp\/v2\/types\/product"}],"wp:featuredmedia":[{"embeddable":true,"href":"https:\/\/universeproduction.com\/de\/wp-json\/wp\/v2\/media\/1224676"}],"wp:attachment":[{"href":"https:\/\/universeproduction.com\/de\/wp-json\/wp\/v2\/media?parent=1217675"}],"wp:term":[{"taxonomy":"product_cat","embeddable":true,"href":"https:\/\/universeproduction.com\/de\/wp-json\/wp\/v2\/product_cat?post=1217675"},{"taxonomy":"product_tag","embeddable":true,"href":"https:\/\/universeproduction.com\/de\/wp-json\/wp\/v2\/product_tag?post=1217675"}],"curies":[{"name":"wp","href":"https:\/\/api.w.org\/{rel}","templated":true}]}}