{"id":1216217,"date":"2022-10-17T09:16:02","date_gmt":"2022-10-17T09:16:02","guid":{"rendered":"https:\/\/universeproduction.eu\/product\/ladies-authentic-melange-zipped-hood-sweat\/"},"modified":"2022-10-17T09:16:02","modified_gmt":"2022-10-17T09:16:02","slug":"ladies-authentic-melange-zipped-hood-sweat","status":"publish","type":"product","link":"https:\/\/universeproduction.com\/de\/produkt\/ladies-authentic-melange-zipped-hood-sweat\/","title":{"rendered":"Ladies\u00b4 Authentic Melange Zipped Hood Sweat"},"content":{"rendered":"<p>Gek\u00e4mmte ringgesponnene Baumwolle | Au\u00dfenmaterial: 100% Baumwolle (3-lagiger Sweatshirt-Stoff) | Zeitgem\u00e4\u00dfe, feminine Passform | Halbmond im Nackenbereich zur Individualisierung | Nackenband in Fischgr\u00e4toptik steigert Tragekomfort und Stabilit\u00e4t | Labelfree: Gr\u00f6\u00dfenetikett im Nacken (inkl. Produktnummer) | Eingesetzte K\u00e4ngurutasche zum optimalen \u00dcberdrucken der Naht | Deckn\u00e4hte an Armausschnitten, B\u00fcndchen und Saum | Elasthan im Bund und an den \u00c4rmelb\u00fcndchen h\u00e4lt die Form und sorgt f\u00fcr einen gepflegten Look | Modisch flaches Zugband | Doppellagige Kapuze mit Zugband-F\u00fchrung | Kopfh\u00f6rer-Kabelf\u00fchrung | Antik-Silberner YKK-Rei\u00dfverschluss | Verdeckter Rei\u00dfverschluss f\u00fcr vollfl\u00e4chige Veredelung<\/p>\n","protected":false},"excerpt":{"rendered":"<p>Gek\u00e4mmte ringgesponnene Baumwolle | Au\u00dfenmaterial: 100% Baumwolle (3-lagiger Sweatshirt-Stoff) | Zeitgem\u00e4\u00dfe, feminine Passform | Halbmond im Nackenbereich zur Individualisierung | Nackenband in Fischgr\u00e4toptik steigert Tragekomfort und Stabilit\u00e4t | Labelfree: Gr\u00f6\u00dfenetikett im Nacken (inkl. Produktnummer) | Eingesetzte K\u00e4ngurutasche zum optimalen \u00dcberdrucken der Naht | Deckn\u00e4hte an Armausschnitten, B\u00fcndchen und Saum | Elasthan im Bund und an [&hellip;]<\/p>\n","protected":false},"featured_media":1162179,"template":"","meta":[],"product_cat":[99841,100484,100480],"product_tag":[],"_links":{"self":[{"href":"https:\/\/universeproduction.com\/de\/wp-json\/wp\/v2\/product\/1216217"}],"collection":[{"href":"https:\/\/universeproduction.com\/de\/wp-json\/wp\/v2\/product"}],"about":[{"href":"https:\/\/universeproduction.com\/de\/wp-json\/wp\/v2\/types\/product"}],"wp:featuredmedia":[{"embeddable":true,"href":"https:\/\/universeproduction.com\/de\/wp-json\/wp\/v2\/media\/1162179"}],"wp:attachment":[{"href":"https:\/\/universeproduction.com\/de\/wp-json\/wp\/v2\/media?parent=1216217"}],"wp:term":[{"taxonomy":"product_cat","embeddable":true,"href":"https:\/\/universeproduction.com\/de\/wp-json\/wp\/v2\/product_cat?post=1216217"},{"taxonomy":"product_tag","embeddable":true,"href":"https:\/\/universeproduction.com\/de\/wp-json\/wp\/v2\/product_tag?post=1216217"}],"curies":[{"name":"wp","href":"https:\/\/api.w.org\/{rel}","templated":true}]}}