{"id":1216030,"date":"2022-10-17T09:14:19","date_gmt":"2022-10-17T09:14:19","guid":{"rendered":"https:\/\/universeproduction.eu\/product\/womens-veleta-sweatjacket\/"},"modified":"2022-10-17T09:14:19","modified_gmt":"2022-10-17T09:14:19","slug":"womens-veleta-sweatjacket","status":"publish","type":"product","link":"https:\/\/universeproduction.com\/de\/produkt\/womens-veleta-sweatjacket\/","title":{"rendered":"Women\u00b4s Veleta Sweatjacket"},"content":{"rendered":"<p>Innen angeraut | Mit Kapuze in gleichfarbigem Futter | Durchgehender Metall-Rei\u00dfverschluss in Silber | K\u00e4ngurutasche | Nackenband | Ripp-Strick 2&#215;2 an den \u00c4rmeln und Saum | Taillierter Schnitt | Herausrei\u00dfbares Label<\/p>\n","protected":false},"excerpt":{"rendered":"<p>Innen angeraut | Mit Kapuze in gleichfarbigem Futter | Durchgehender Metall-Rei\u00dfverschluss in Silber | K\u00e4ngurutasche | Nackenband | Ripp-Strick 2&#215;2 an den \u00c4rmeln und Saum | Taillierter Schnitt | Herausrei\u00dfbares Label<\/p>\n","protected":false},"featured_media":1162230,"template":"","meta":[],"product_cat":[99841,100484,100480],"product_tag":[],"_links":{"self":[{"href":"https:\/\/universeproduction.com\/de\/wp-json\/wp\/v2\/product\/1216030"}],"collection":[{"href":"https:\/\/universeproduction.com\/de\/wp-json\/wp\/v2\/product"}],"about":[{"href":"https:\/\/universeproduction.com\/de\/wp-json\/wp\/v2\/types\/product"}],"wp:featuredmedia":[{"embeddable":true,"href":"https:\/\/universeproduction.com\/de\/wp-json\/wp\/v2\/media\/1162230"}],"wp:attachment":[{"href":"https:\/\/universeproduction.com\/de\/wp-json\/wp\/v2\/media?parent=1216030"}],"wp:term":[{"taxonomy":"product_cat","embeddable":true,"href":"https:\/\/universeproduction.com\/de\/wp-json\/wp\/v2\/product_cat?post=1216030"},{"taxonomy":"product_tag","embeddable":true,"href":"https:\/\/universeproduction.com\/de\/wp-json\/wp\/v2\/product_tag?post=1216030"}],"curies":[{"name":"wp","href":"https:\/\/api.w.org\/{rel}","templated":true}]}}