{"id":1214169,"date":"2022-10-17T08:40:21","date_gmt":"2022-10-17T08:40:21","guid":{"rendered":"https:\/\/universeproduction.eu\/product\/inspire-crew-neck-sweat-women_\/"},"modified":"2022-10-17T08:40:21","modified_gmt":"2022-10-17T08:40:21","slug":"inspire-crew-neck-sweat-women_","status":"publish","type":"product","link":"https:\/\/universeproduction.com\/de\/produkt\/inspire-crew-neck-sweat-women_\/","title":{"rendered":"Inspire Crew Neck Sweat \/Women_\u00b0"},"content":{"rendered":"<ul>\n<li>French Terry | Lange \u00c4rmel | Rundhalsausschnitt | Normale Passform | Einlaufvorbehandelte, ringgesponnene gek\u00e4mmte Bio-Baumwolle | Recycelter Polyester | Seitenn\u00e4hte | Einfaches Branding: Kein B&amp;C-Etikett | Innen Halbmond aus Single-Jersey auf R\u00fcckseite | Qualitativ hochwertiges Nackenband mit Fischgr\u00e4t-Muster | Ungeb\u00fcrstete Qualit\u00e4t | Widerstandsf\u00e4hige Qualit\u00e4t | Weiches Handgef\u00fchl | Glatte und weiche Oberfl\u00e4che aus 100% Baumwolle | In Seitennaht: Weiches Satin-Etikett<\/li>\n<\/ul>\n","protected":false},"excerpt":{"rendered":"<p>French Terry | Lange \u00c4rmel | Rundhalsausschnitt | Normale Passform | Einlaufvorbehandelte, ringgesponnene gek\u00e4mmte Bio-Baumwolle | Recycelter Polyester | Seitenn\u00e4hte | Einfaches Branding: Kein B&amp;C-Etikett | Innen Halbmond aus Single-Jersey auf R\u00fcckseite | Qualitativ hochwertiges Nackenband mit Fischgr\u00e4t-Muster | Ungeb\u00fcrstete Qualit\u00e4t | Widerstandsf\u00e4hige Qualit\u00e4t | Weiches Handgef\u00fchl | Glatte und weiche Oberfl\u00e4che aus 100% Baumwolle [&hellip;]<\/p>\n","protected":false},"featured_media":1224722,"template":"","meta":[],"product_cat":[99841,100482,100480],"product_tag":[],"_links":{"self":[{"href":"https:\/\/universeproduction.com\/de\/wp-json\/wp\/v2\/product\/1214169"}],"collection":[{"href":"https:\/\/universeproduction.com\/de\/wp-json\/wp\/v2\/product"}],"about":[{"href":"https:\/\/universeproduction.com\/de\/wp-json\/wp\/v2\/types\/product"}],"wp:featuredmedia":[{"embeddable":true,"href":"https:\/\/universeproduction.com\/de\/wp-json\/wp\/v2\/media\/1224722"}],"wp:attachment":[{"href":"https:\/\/universeproduction.com\/de\/wp-json\/wp\/v2\/media?parent=1214169"}],"wp:term":[{"taxonomy":"product_cat","embeddable":true,"href":"https:\/\/universeproduction.com\/de\/wp-json\/wp\/v2\/product_cat?post=1214169"},{"taxonomy":"product_tag","embeddable":true,"href":"https:\/\/universeproduction.com\/de\/wp-json\/wp\/v2\/product_tag?post=1214169"}],"curies":[{"name":"wp","href":"https:\/\/api.w.org\/{rel}","templated":true}]}}