{"id":1212748,"date":"2022-10-17T07:57:59","date_gmt":"2022-10-17T07:57:59","guid":{"rendered":"https:\/\/universeproduction.eu\/product\/womens-polo-shirt-prime\/"},"modified":"2022-10-17T07:57:59","modified_gmt":"2022-10-17T07:57:59","slug":"womens-polo-shirt-prime","status":"publish","type":"product","link":"https:\/\/universeproduction.com\/de\/produkt\/womens-polo-shirt-prime\/","title":{"rendered":"Women\u00b4s Polo Shirt Prime"},"content":{"rendered":"<p>65% Polyester \/ 35% Ringspun-Baumwolle | \u00c4rmelb\u00fcndchen und Kragen aus 1&#215;1 Ripp | Verst\u00e4rkendes Nackenband | Pflegeleicht | Kurze \u00c4rmel | Knopfleiste mit drei gleichfarbigen Kn\u00f6pfen | Verst\u00e4rkte Schulternaht | Geschnitten und gen\u00e4ht | Ersatzkn\u00f6pfe an der Innennaht<\/p>\n","protected":false},"excerpt":{"rendered":"<p>65% Polyester \/ 35% Ringspun-Baumwolle | \u00c4rmelb\u00fcndchen und Kragen aus 1&#215;1 Ripp | Verst\u00e4rkendes Nackenband | Pflegeleicht | Kurze \u00c4rmel | Knopfleiste mit drei gleichfarbigen Kn\u00f6pfen | Verst\u00e4rkte Schulternaht | Geschnitten und gen\u00e4ht | Ersatzkn\u00f6pfe an der Innennaht<\/p>\n","protected":false},"featured_media":1224738,"template":"","meta":[],"product_cat":[99841,100486],"product_tag":[],"_links":{"self":[{"href":"https:\/\/universeproduction.com\/de\/wp-json\/wp\/v2\/product\/1212748"}],"collection":[{"href":"https:\/\/universeproduction.com\/de\/wp-json\/wp\/v2\/product"}],"about":[{"href":"https:\/\/universeproduction.com\/de\/wp-json\/wp\/v2\/types\/product"}],"wp:featuredmedia":[{"embeddable":true,"href":"https:\/\/universeproduction.com\/de\/wp-json\/wp\/v2\/media\/1224738"}],"wp:attachment":[{"href":"https:\/\/universeproduction.com\/de\/wp-json\/wp\/v2\/media?parent=1212748"}],"wp:term":[{"taxonomy":"product_cat","embeddable":true,"href":"https:\/\/universeproduction.com\/de\/wp-json\/wp\/v2\/product_cat?post=1212748"},{"taxonomy":"product_tag","embeddable":true,"href":"https:\/\/universeproduction.com\/de\/wp-json\/wp\/v2\/product_tag?post=1212748"}],"curies":[{"name":"wp","href":"https:\/\/api.w.org\/{rel}","templated":true}]}}