{"id":1212191,"date":"2022-10-17T07:50:01","date_gmt":"2022-10-17T07:50:01","guid":{"rendered":"https:\/\/universeproduction.eu\/product\/womens-star-poloshirt\/"},"modified":"2022-10-17T07:50:01","modified_gmt":"2022-10-17T07:50:01","slug":"womens-star-poloshirt","status":"publish","type":"product","link":"https:\/\/universeproduction.com\/de\/produkt\/womens-star-poloshirt\/","title":{"rendered":"Women\u00b4s Star Poloshirt"},"content":{"rendered":"<p>Piqu\u00e9 | Kurzarm | Nackenband | Ripp-Strick-Kragen | \u00c4rmelb\u00fcndchen | Seitenn\u00e4hte | Taillierter Schnitt | Schmale 3-Knopfleiste Ton-in-Ton | Seitenschlitze | Herausrei\u00dfbares Label<\/p>\n","protected":false},"excerpt":{"rendered":"<p>Piqu\u00e9 | Kurzarm | Nackenband | Ripp-Strick-Kragen | \u00c4rmelb\u00fcndchen | Seitenn\u00e4hte | Taillierter Schnitt | Schmale 3-Knopfleiste Ton-in-Ton | Seitenschlitze | Herausrei\u00dfbares Label<\/p>\n","protected":false},"featured_media":1159499,"template":"","meta":[],"product_cat":[99841,100486],"product_tag":[],"_links":{"self":[{"href":"https:\/\/universeproduction.com\/de\/wp-json\/wp\/v2\/product\/1212191"}],"collection":[{"href":"https:\/\/universeproduction.com\/de\/wp-json\/wp\/v2\/product"}],"about":[{"href":"https:\/\/universeproduction.com\/de\/wp-json\/wp\/v2\/types\/product"}],"wp:featuredmedia":[{"embeddable":true,"href":"https:\/\/universeproduction.com\/de\/wp-json\/wp\/v2\/media\/1159499"}],"wp:attachment":[{"href":"https:\/\/universeproduction.com\/de\/wp-json\/wp\/v2\/media?parent=1212191"}],"wp:term":[{"taxonomy":"product_cat","embeddable":true,"href":"https:\/\/universeproduction.com\/de\/wp-json\/wp\/v2\/product_cat?post=1212191"},{"taxonomy":"product_tag","embeddable":true,"href":"https:\/\/universeproduction.com\/de\/wp-json\/wp\/v2\/product_tag?post=1212191"}],"curies":[{"name":"wp","href":"https:\/\/api.w.org\/{rel}","templated":true}]}}